{"id":241800,"date":"2022-04-05T18:25:50","date_gmt":"2022-04-05T16:25:50","guid":{"rendered":"https:\/\/maetpets.com\/product\/kong-puppy-welpenspielzeug\/"},"modified":"2025-02-04T18:33:11","modified_gmt":"2025-02-04T17:33:11","slug":"welpenkoenig-welpenspielzeug","status":"publish","type":"product","link":"https:\/\/maetpets.com\/de\/produkt\/welpenkoenig-welpenspielzeug\/","title":{"rendered":"KONG Puppy Welpenspielzeug"},"content":{"rendered":"<div class=\"wpb-content-wrapper\"><p>[vc_row][vc_column][vc_column_text]<\/p>\n<h2>KONG Puppy &#8211; Lustiges Hundespielzeug f\u00fcr Welpen<\/h2>\n<p>Entwickelt, um die Bed\u00fcrfnisse der 28 Milchz\u00e4hne eines Welpen zu erf\u00fcllen, hilft es ihm, angemessenes Kauverhalten zu lernen, w\u00e4hrend es gleichzeitig eine Bereicherung bietet und die instinktiven Bed\u00fcrfnisse eines j\u00fcngeren Welpen befriedigt, w\u00e4hrend das unregelm\u00e4\u00dfige Sprungverhalten es ideal f\u00fcr Welpen macht, die einfach nur spielen m\u00f6chten.<\/p>\n<p><strong>KONG Puppy ist in folgenden Gr\u00f6\u00dfen erh\u00e4ltlich<\/strong><br \/>\nMedium: ca. 8,5 cm.<br \/>\nGro\u00df: ca. 10,5 cm.<\/p>\n<p><strong>KONG Puppy ist in folgenden Farben erh\u00e4ltlich<\/strong><br \/>\nRosa und hellblau<\/p>\n<p>Hergestellt in den USA.<\/p>\n<h2>Was kann KONG Puppy tun?<\/h2>\n<ul>\n<li><strong>Weicher Naturkautschuk:<\/strong> Der KONG Puppy besteht aus weichem und sicherem Naturkautschuk, der sanft zu den zarten Z\u00e4hnen und dem Zahnfleisch deines Welpen ist.<\/li>\n<li><strong>Lustiges Design:<\/strong> Das einzigartige KONG Design h\u00fcpft unvorhersehbar, fesselt die Aufmerksamkeit deines Welpen und sorgt f\u00fcr stundenlangen Spa\u00df.<\/li>\n<li><strong>Erleichtert das<\/strong> Zahnen<strong>:<\/strong> Das Kauen des KONG Puppy hilft dabei, das wunde Zahnfleisch deines Welpen w\u00e4hrend des Zahnens zu massieren und zu beruhigen.<\/li>\n<li><strong>Ideal zum Bef\u00fcllen mit frischem Hundefutter und Snacks:<\/strong> Du kannst den KONG Puppy mit frischem M\u00c6T Hundefutter oder kleinen Leckereien f\u00fcllen, was f\u00fcr zus\u00e4tzliche Unterhaltung und geistige Herausforderungen sorgt.<\/li>\n<li><strong>Verschiedene Gr\u00f6\u00dfen:<\/strong> KONG Puppy ist in verschiedenen Gr\u00f6\u00dfen erh\u00e4ltlich, die f\u00fcr unterschiedliche Rassen und Altersgruppen geeignet sind.<\/li>\n<\/ul>\n<h2>Warum KONG Hundespielzeug f\u00fcr Welpen<\/h2>\n<ul>\n<li><strong>Sicher und langlebig:<\/strong> KONG hat eine lange Tradition in der Herstellung von Qualit\u00e4tsspielzeug, und der KONG Puppy ist da keine Ausnahme. Er ist so konstruiert, dass er dem Kautrieb deines Welpen standh\u00e4lt und aus hochwertigen Materialien besteht.<\/li>\n<li><strong>Zahnpflege:<\/strong> Das Zahnfleisch von Welpen braucht besondere Pflege und der KONG Puppy hilft dabei, die Beschwerden beim Zahnen zu lindern.<\/li>\n<li><strong>Mentale Stimulation:<\/strong> Der KONG Puppy macht nicht nur Spa\u00df beim Kauen, sondern fordert auch den Verstand deines Welpen heraus, indem du ihn mit Leckerlis oder Nudeln f\u00fcllst.<\/li>\n<li><strong>Langlebiges Spiel:<\/strong> KONG Puppy ist f\u00fcr seine Langlebigkeit bekannt und wird deinem Welpen stundenlange Unterhaltung bieten.<\/li>\n<\/ul>\n<h2>Verwendung von KONG Hundespielzeug f\u00fcr Welpen<\/h2>\n<ol>\n<li><strong>F\u00fclle den<\/strong> KONG Puppy <strong>mit Leckerlis:<\/strong> F\u00fclle den KONG Puppy mit den Lieblingsleckerlis deines Welpen oder mit Hundeleim, um die Spielzeit noch spannender zu machen.<\/li>\n<li><strong>Beaufsichtigtes Spielen:<\/strong> Lass deinen Welpen unter Aufsicht mit dem KONG Puppy spielen, um sicherzustellen, dass er sicher verwendet wird.<\/li>\n<\/ol>\n<p>[\/vc_column_text][\/vc_column][\/vc_row]<\/p>\n<\/div>","protected":false},"excerpt":{"rendered":"<p>KONG Puppy, das perfekte Hundespielzeug f\u00fcr Welpen. Er ist aus weichem und sicherem Naturkautschuk gefertigt, bietet stundenlangen Spielspa\u00df und hilft, das Zahnfleisch deines Welpen zu beruhigen. Bring deinem Welpen das Spielen und Suchen bei!<\/p>\n<p>KONG Puppy ist ein KONG-Hundespielzeug, das auf die Milchz\u00e4hne eines wachsenden Welpen zugeschnitten ist. Die einzigartige Naturkautschukformel ist die sanfteste in der Gummispielzeugserie von KONG.<\/p>\n<ul>\n<li>Der Welpe ist innen hohl und kann leicht aufh\u00f6ren, frisches Hundefutter zu M\u00c6T.<\/li>\n<li>Springt unberechenbar, was immer Spa\u00df macht.<\/li>\n<li>Wenn der KONG Puppy als Wurf- oder Ziehspielzeug verwendet werden soll, kann eine Schnur durchgef\u00e4delt werden.<\/li>\n<\/ul>\n","protected":false},"featured_media":239337,"comment_status":"open","ping_status":"closed","template":"","meta":{"inline_featured_image":false},"product_brand":[],"product_cat":[1067,629,623],"product_tag":[1021],"class_list":{"0":"post-241800","1":"product","2":"type-product","3":"status-publish","4":"has-post-thumbnail","6":"product_cat-aktive-fuetterung","7":"product_cat-aktivitaetsspiel","8":"product_cat-hundespielzeug","9":"product_tag-spielzeug-fuer-welpen","10":"product_shipping_class-post","12":"first","13":"instock","14":"taxable","15":"shipping-taxable","16":"purchasable","17":"product-type-variable","18":"has-default-attributes"},"composite_virtual":false,"composite_layout":"","composite_add_to_cart_form_location":"","composite_editable_in_cart":false,"composite_sold_individually_context":"","composite_shop_price_calc":"","composite_components":[],"composite_scenarios":[],"bundled_by":[],"bundle_stock_status":"instock","bundle_stock_quantity":null,"bundle_virtual":false,"bundle_layout":"","bundle_add_to_cart_form_location":"","bundle_editable_in_cart":false,"bundle_sold_individually_context":"","bundle_item_grouping":"","bundle_min_size":"","bundle_max_size":"","bundle_price":[],"bundled_items":[],"bundle_sell_ids":[],"_links":{"self":[{"href":"https:\/\/maetpets.com\/de\/wp-json\/wp\/v2\/product\/241800","targetHints":{"allow":["GET"]}}],"collection":[{"href":"https:\/\/maetpets.com\/de\/wp-json\/wp\/v2\/product"}],"about":[{"href":"https:\/\/maetpets.com\/de\/wp-json\/wp\/v2\/types\/product"}],"replies":[{"embeddable":true,"href":"https:\/\/maetpets.com\/de\/wp-json\/wp\/v2\/comments?post=241800"}],"wp:featuredmedia":[{"embeddable":true,"href":"https:\/\/maetpets.com\/de\/wp-json\/wp\/v2\/media\/239337"}],"wp:attachment":[{"href":"https:\/\/maetpets.com\/de\/wp-json\/wp\/v2\/media?parent=241800"}],"wp:term":[{"taxonomy":"product_brand","embeddable":true,"href":"https:\/\/maetpets.com\/de\/wp-json\/wp\/v2\/product_brand?post=241800"},{"taxonomy":"product_cat","embeddable":true,"href":"https:\/\/maetpets.com\/de\/wp-json\/wp\/v2\/product_cat?post=241800"},{"taxonomy":"product_tag","embeddable":true,"href":"https:\/\/maetpets.com\/de\/wp-json\/wp\/v2\/product_tag?post=241800"}],"curies":[{"name":"wp","href":"https:\/\/api.w.org\/{rel}","templated":true}]}}