{"id":241730,"date":"2020-11-10T14:44:33","date_gmt":"2020-11-10T13:44:33","guid":{"rendered":"https:\/\/maetpets.com\/product\/schweinefleisch-party-risotto\/"},"modified":"2023-11-09T16:28:05","modified_gmt":"2023-11-09T15:28:05","slug":"schweinefleisch-party-risotto-frisches-hundefutter","status":"publish","type":"product","link":"https:\/\/maetpets.com\/de\/produkt\/schweinefleisch-party-risotto-frisches-hundefutter\/","title":{"rendered":"Schweinefleisch-Risotto"},"content":{"rendered":"<div class=\"wpb-content-wrapper\"><p>[vc_row full_width=&#8221;stretch_row&#8221; full_height=&#8221;yes&#8221; equal_height=&#8221;yes&#8221; content_placement=&#8221;middle&#8221; css=&#8221;.vc_custom_1606319309148{background-color: #2e1212 !important;background-position: center !important;background-repeat: no-repeat !important;background-size: cover !important;}&#8221;][vc_column][vc_custom_heading text=&#8221;FRISCHE NORDISCHE ZUTATEN&#8221; font_container=&#8221;tag:h3|text_align:center|color:%23fff9f7&#8243; use_theme_fonts=&#8221;yes&#8221; css=&#8221;.vc_custom_1606319320202{padding-top: 50px !important;}&#8221;][vc_custom_heading text=&#8221;SCHWEINEFLEISCH &amp; ORGANE, REIS, KAROTTEN, BLUMENKOHL, SPINAT&#8221; font_container=&#8221;tag:h3|font_size:58|text_align:center|color:%237c5ba6&#8243; use_theme_fonts=&#8221;yes&#8221;][vc_single_image image=&#8221;234765&#8243; img_size=&#8221;full&#8221; alignment=&#8221;center&#8221;][\/vc_column][\/vc_row][vc_row full_width=&#8221;stretch_row&#8221; css=&#8221;.vc_custom_1606472585752{padding-top: 60px !important;padding-bottom: 60px !important;background-color: #fff9f7 !important;}&#8221;][vc_column width=&#8221;5\/12&#8243;][vc_single_image image=&#8221;234762&#8243; img_size=&#8221;360X360&#8243; alignment=&#8221;center&#8221;][\/vc_column][vc_column width=&#8221;7\/12&#8243;][vc_custom_heading text=&#8221;T\u00e4gliche Dosierung&#8221; use_theme_fonts=&#8221;yes&#8221; css=&#8221;.vc_custom_1605879989446{padding-bottom: 30px !important;}&#8221;][vc_column_text]<b>Empfohlene Tagesdosis:<\/b> 2,5% des K\u00f6rpergewichts des Hundes.<\/p>\n<p><b>Gewicht \/ Empfohlene Tagesration<\/b><br \/>\n5kg: 125-150g<br \/>\n10kg: 250-300g<br \/>\n20 kg: 500 (entspricht ca. 1 Wurst)<br \/>\n30 kg: 750 g<br \/>\n35 kg: 875 g<br \/>\n40 kg: 1.000 g (entspricht ca. 2 W\u00fcrstchen)<\/p>\n<p>Ber\u00fccksichtigen Sie bei der Dosierung die Aktivit\u00e4t, Bewegung, andere Ern\u00e4hrung und Snacks des Hundes.[\/vc_column_text][\/vc_column][\/vc_row][vc_row full_width=&#8221;stretch_row_content&#8221; css=&#8221;.vc_custom_1606473333052{padding-top: 100px !important;padding-bottom: 100px !important;background-color: #1d0f32 !important;background-position: center !important;background-repeat: no-repeat !important;background-size: cover !important;}&#8221;][vc_column width=&#8221;1\/3&#8243;][\/vc_column][vc_column width=&#8221;1\/3&#8243;][vc_custom_heading text=&#8221;\u201eEigil ist ein wirklich w\u00e4hlerischer Stock, aber er verschmiert das frische Qualit\u00e4tsfutter von M\u00c6T Pets.&#8221; font_container=&#8221;tag:p|font_size:30|text_align:center|color:%23fff9f7&#8243; use_theme_fonts=&#8221;yes&#8221; css=&#8221;.vc_custom_1607534859664{padding-bottom: 50px !important;}&#8221;][vc_custom_heading text=&#8221;Zu viel beliebtes Hundefutter enth\u00e4lt Abfallreste und S\u00e4gemehl. Wir entscheiden uns stattdessen daf\u00fcr, Qualit\u00e4t zu priorisieren, da sie leichter aufgenommen wird, eine bessere Verdauung und ein sch\u00f6neres Fell bewirkt \u2013 und vor allem einen gl\u00fccklicheren Hund.&#8221; font_container=&#8221;tag:p|font_size:30|text_align:center|color:%23fff9f7&#8243; use_theme_fonts=&#8221;yes&#8221; css=&#8221;.vc_custom_1607534867933{padding-bottom: 50px !important;}&#8221;][vc_custom_heading text=&#8221;Wer will es nicht f\u00fcr seinen besten Freund, und dann noch ohne ruiniert zu werden.&#8221; font_container=&#8221;tag:p|font_size:30|text_align:center|color:%23fff9f7&#8243; use_theme_fonts=&#8221;yes&#8221; css=&#8221;.vc_custom_1606473298341{padding-bottom: 50px !important;}&#8221;][vc_custom_heading text=&#8221;Emma und ihr 1,5-j\u00e4hriger Eigil&#8221; font_container=&#8221;tag:h4|text_align:center|color:%23d54966&#8243; use_theme_fonts=&#8221;yes&#8221; css=&#8221;.vc_custom_1607505994849{padding-bottom: 50px !important;}&#8221; link=&#8221;url:https%3A%2F%2Fwww.instagram.com%2Fbluefrenchie_eigil%2F|target:_blank|&#8221;][vc_single_image image=&#8221;234879&#8243; alignment=&#8221;center&#8221;][\/vc_column][vc_column width=&#8221;1\/3&#8243;][\/vc_column][\/vc_row][vc_row full_width=&#8221;stretch_row&#8221; css=&#8221;.vc_custom_1663785070004{padding-top: 30px !important;padding-bottom: 30px !important;background-color: #fff9f7 !important;}&#8221;][vc_column width=&#8221;6\/12&#8243;][vc_single_image image=&#8221;246759&#8243; img_size=&#8221;full&#8221;][\/vc_column][vc_column width=&#8221;6\/12&#8243;][vc_custom_heading text=&#8221;Hundefutter mit Schweinefleisch und gesundem Gem\u00fcse&#8221; use_theme_fonts=&#8221;yes&#8221; css=&#8221;.vc_custom_1663785515781{padding-bottom: 20px !important;}&#8221;][vc_column_text]<span style=\"font-weight: 400;\">Karotten und Spinat enthalten Vitamin A, das hilft, den Cholesterinspiegel zu senken. <\/span><\/p>\n<p><span style=\"font-weight: 400;\">Spinat enth\u00e4lt auch Magnesium und Zink, die gut f\u00fcr Muskeln, Knochen, Nerven und die Herzfunktion sind. Blumenkohl ist reich an Vitamin C und K sowie Mineralien wie Kalzium und Kalium, die das Sehverm\u00f6gen, die Muskeln, das Immunsystem und die Darmgesundheit unterst\u00fctzen.<\/span><\/p>\n<p><span style=\"font-weight: 400;\">Risotto mit Schweinefleisch ist besonders gut f\u00fcr Hunde mit empfindlichem Magen geeignet, da Reis dazu beitr\u00e4gt, ein nat\u00fcrliches Gleichgewicht im Magen deines Hundes herzustellen. Zudem eignen sich die Risotto-Mahlzeiten als allergikerfreundliches Hundefutter. <\/span>[\/vc_column_text][\/vc_column][\/vc_row][vc_row full_width=&#8221;stretch_row&#8221; css=&#8221;.vc_custom_1653897702983{padding-top: 40px !important;padding-bottom: 30px !important;background-position: center !important;background-repeat: no-repeat !important;background-size: contain !important;}&#8221; el_id=&#8221;Ern\u00e4hrung&#8221;][vc_column][vc_custom_heading text=&#8221;Ern\u00e4hrungsinformation&#8221; use_theme_fonts=&#8221;yes&#8221; css=&#8221;.vc_custom_1606297081281{padding-bottom: 15px !important;}&#8221;][vc_column_text css=&#8221;.vc_custom_1607534847476{padding-bottom: 50px !important;}&#8221;]Eine komplette Mahlzeit mit Fleisch, Gem\u00fcse und ballaststoffreichem Reis.<br \/>\nEnth\u00e4lt alle N\u00e4hrstoffe, Vitamine und Mineralstoffe<br \/>\nwas Ihr Hund braucht.[\/vc_column_text][\/vc_column][vc_column width=&#8221;1\/2&#8243;][vc_column_text]<\/p>\n<p class=\"p2\"><strong>N\u00c4HRSTOFFGEHALT <\/strong><\/p>\n<p class=\"p2\">Energie\/Energie 6,5 MJ\/kg 1063 kcal\/kg<br \/>\nEiwei\u00df &#8230;&#8230;&#8230;&#8230;&#8230;&#8230;&#8230;&#8230;.. 9,0 %<br \/>\nFett\/Fett &#8230;&#8230;&#8230;&#8230;&#8230;&#8230;&#8230;&#8230;&#8230;.9.3<br \/>\nFaser &#8230;&#8230;&#8230;&#8230;&#8230;&#8230;&#8230;&#8230;&#8230;&#8230;.. 0,7 %<br \/>\nAsche &#8230;&#8230;&#8230;&#8230;&#8230;&#8230;&#8230;&#8230;. 1,6 %<br \/>\nKalzium &#8230;&#8230;&#8230;&#8230;&#8230;&#8230;&#8230;&#8230;. 0,2 %<br \/>\nPhosphor\/Phosphor 000,1%.<\/p>\n<p class=\"p2\">Fl\u00fcssigkeitsgehalt: 68,9<br \/>\nFleischanteil: 53% Fleischanteil<\/p>\n<p>[\/vc_column_text][\/vc_column][vc_column width=&#8221;1\/2&#8243;][vc_column_text]<b>Nat\u00fcrlich enthaltene N\u00e4hrstoffe:<\/b><\/p>\n<p>Vitamin A 330 IU \/ kg, Vitamin D 358 IU \/ kg, Vitamin E 42 IU \/ kg, Vitamin C 69 mg \/ kg, Vitamin B1 0,6 mg \/ kg, Vitamin B2 3,4 mg \/ kg, Vitamin B6 0,9 mg \/ kg, Vitamin B12 19 \u03bcg \/ kg, Biotin 801 \u03bcg \/ kg, Niacin 12 mg \/ kg, Pantothens\u00e4ure 6 mg \/ kg, Fols\u00e4ure 0,08 mg \/ kg, Zink 68 mg \/ kg, Natrium 1200 mg\/kg, Eisen 70 mg \/ kg, Kupfer 50 mg \/ kg, Kalium 1,8 g \/ kg, Jod 430 \u03bcg \/ kg.[\/vc_column_text][vc_column_text]<b>Davon zugesetzte ern\u00e4hrungsphysiologische Zusatzstoffe:<\/b><\/p>\n<p>Vitamin D 450 IE\/kg, Vitamin E 40 IE\/kg, Zink 60 mg\/kg, Magnesium 320 mg\/kg, Kupfer 5 mg\/kg, Mangan 1,8 mg\/kg, Jod 430 \u03bcg\/kg.[\/vc_column_text][\/vc_column][\/vc_row][vc_row full_width=&#8221;stretch_row&#8221; full_height=&#8221;yes&#8221; content_placement=&#8221;middle&#8221; css=&#8221;.vc_custom_1616918858935{padding-top: 60px !important;background-color: #1d0f32 !important;background-position: center !important;background-repeat: no-repeat !important;background-size: cover !important;}&#8221;][vc_column][vc_custom_heading text=&#8221;FRISCH IST AM BESTEN&#8221; font_container=&#8221;tag:h2|font_size:70|text_align:center|color:%23ca3a3a&#8221; use_theme_fonts=&#8221;yes&#8221; css=&#8221;.vc_custom_1606407227094{padding-bottom: 100px !important;}&#8221;][\/vc_column][vc_column width=&#8221;1\/4&#8243;][vc_custom_heading text=&#8221;Nordische Rohstoffe&#8221; font_container=&#8221;tag:h3|text_align:center|color:%23fff9f7&#8243; use_theme_fonts=&#8221;yes&#8221; css=&#8221;.vc_custom_1606319290786{padding-bottom: 15px !important;}&#8221;][vc_custom_heading text=&#8221;Frisches Fleisch und Gem\u00fcse&#8221; font_container=&#8221;tag:h3|text_align:center|color:%23fff9f7&#8243; use_theme_fonts=&#8221;yes&#8221; css=&#8221;.vc_custom_1615976452854{padding-bottom: 15px !important;}&#8221;][vc_custom_heading text=&#8221;Gef\u00fcllt mit Vitaminen&#8221; font_container=&#8221;tag:h3|text_align:center|color:%23fff9f7&#8243; use_theme_fonts=&#8221;yes&#8221; css=&#8221;.vc_custom_1606471751570{padding-bottom: 15px !important;}&#8221;][\/vc_column][vc_column width=&#8221;2\/4&#8243;][vc_single_image image=&#8221;234759&#8243; img_size=&#8221;full&#8221; alignment=&#8221;center&#8221;][\/vc_column][vc_column width=&#8221;1\/4&#8243;][vc_custom_heading text=&#8221;Einzelnes Protein&#8221; font_container=&#8221;tag:h3|text_align:center|color:%23fff9f7&#8243; use_theme_fonts=&#8221;yes&#8221; css=&#8221;.vc_custom_1606471758195{padding-bottom: 15px !important;}&#8221;][vc_custom_heading text=&#8221;Hohe Verdaulichkeit&#8221; font_container=&#8221;tag:h3|text_align:center|color:%23fff9f7&#8243; use_theme_fonts=&#8221;yes&#8221; css=&#8221;.vc_custom_1606471765389{padding-bottom: 15px !important;}&#8221;][vc_custom_heading text=&#8221;Keine Konservierungsstoffe&#8221; font_container=&#8221;tag:h3|text_align:center|color:%23fff9f7&#8243; use_theme_fonts=&#8221;yes&#8221; css=&#8221;.vc_custom_1614338374312{padding-bottom: 15px !important;}&#8221;][\/vc_column][\/vc_row][vc_row full_width=&#8221;stretch_row&#8221; css=&#8221;.vc_custom_1606295919975{padding-top: 30px !important;background-color: #fff9f7 !important;}&#8221;][vc_column width=&#8221;1\/12&#8243; css=&#8221;.vc_custom_1605784949857{background-color: #fff9f7 !important;}&#8221;][\/vc_column][vc_column width=&#8221;10\/12&#8243;][vc_custom_heading text=&#8221;Fragen und Antworten&#8221; font_container=&#8221;tag:h2|text_align:center&#8221; use_theme_fonts=&#8221;yes&#8221;][vc_toggle title=&#8221;Was enth\u00e4lt M\u00c6T Pork Party Risotto?&#8221;]<span style=\"font-weight: 400;\">M\u00c6T \u2019s Pork Party Risotto besteht aus frischen und nordischen Zutaten. Pork Party Risotto besteht zu 53 % aus Schweine- und Innereien sowie Reis und Gem\u00fcse. Es sind keine Konservierungsstoffe, Farbstoffe oder Aromen enthalten. Die einzigen Zusatzstoffe im Pork Party Risotto sind zus\u00e4tzliche Vitamine und Mineralstoffe, wie Vitamin D und E, Zink und Magnesium.<\/span>[\/vc_toggle][vc_toggle title=&#8221;Warum sollte ich mich f\u00fcr frisches Hundefutter entscheiden?&#8221;]<span style=\"font-weight: 400;\">Das frische Hundefutter von M\u00c6T wird aus den besten nordischen Zutaten hergestellt. Es gibt keine Konservierungsstoffe oder zugesetzte Farb- und Geschmacksstoffe. Frisches Hundefutter l\u00e4sst sich ganz einfach im Sous-Vide-Verfahren zubereiten, wodurch die N\u00e4hrstoffaufnahme Ihres Hundes erh\u00f6ht wird. <\/span><\/p>\n<p><span style=\"font-weight: 400;\">Frisches Hundefutter hat eine viel h\u00f6here Aufnahme als andere Arten von Hundefutter. Wenn du denkst, dass dein Hund frisches, gesundes und leckeres Futter verdient, dann probiere frisches Hundefutter.<\/span>[\/vc_toggle][vc_toggle title=&#8221;Was ist der Unterschied zwischen Deli- und Risotto-Hundefutter?&#8221;]<span style=\"font-weight: 400;\">In den Rezepten von M\u00c6T s Deli ist kein Getreide oder Gluten enthalten. Sie haben einen geringen Fettanteil und sind besonders f\u00fcr Hunde geeignet, die auf ihr Gewicht achten m\u00fcssen. <\/span><\/p>\n<p><span style=\"font-weight: 400;\">In den Risotto-Rezepten von M\u00c6T ist Reis drin, aber sie sind trotzdem glutenfrei. Reis ist gut, um ein gutes und gesundes Gleichgewicht im Magen-Darm-System von Hunden zu schaffen. <\/span><\/p>\n<p><span style=\"font-weight: 400;\">Sowohl Deli als auch Risotto werden aus frischen nordischen Zutaten hergestellt. Sie sind frei von Konservierungs-, Farb- und Aromastoffen. Es wurden nur zus\u00e4tzliche Vitamine und Mineralstoffe hinzugef\u00fcgt.<\/span>[\/vc_toggle][\/vc_column][vc_column width=&#8221;1\/12&#8243;][\/vc_column][\/vc_row]<\/p>\n<\/div>","protected":false},"excerpt":{"rendered":"<p><span style=\"font-weight: 400;\">M\u00c6T Pork Risotto Hundefutter mit leckerem Schweinefleisch, Karotten, Spinat, Blumenkohl und Reis. Ein komplettes Futter f\u00fcr Hunde, vollgepackt mit gesunden Proteinen, Vitaminen, Mineralien und Ballaststoffen.  <\/span><\/p>\n<p><span style=\"font-weight: 400;\">Geeignet f\u00fcr Hunde mit empfindlichen M\u00e4gen. Das Essen ist glutenfrei.  <\/span><\/p>\n<p><strong>NETTOGEWICHT: 500 g<\/strong><\/p>\n<p><strong>INHALT: <\/strong>Schweinefleisch (53%) (Fleisch und Organe), Wasser, Reis, Karotten, Blumenkohl, Spinat, Kartoffelfasern, Vitamine und Mineralstoffe.<\/p>\n<p><strong><span style=\"text-decoration: underline;\"><a href=\"#nutrition\">Siehe N\u00e4hrwert<\/a><\/span><\/strong><\/p>\n","protected":false},"featured_media":234795,"comment_status":"open","ping_status":"closed","template":"","meta":{"inline_featured_image":false},"product_brand":[],"product_cat":[633],"product_tag":[635,636],"class_list":{"0":"post-241730","1":"product","2":"type-product","3":"status-publish","4":"has-post-thumbnail","6":"product_cat-hundefutter","7":"product_tag-hundefutter-mit-schwein","8":"product_tag-risotto-de","9":"product_shipping_class-frisches-essen","11":"first","12":"outofstock","13":"taxable","14":"shipping-taxable","15":"purchasable","16":"product-type-simple"},"composite_virtual":false,"composite_layout":"","composite_add_to_cart_form_location":"","composite_editable_in_cart":false,"composite_sold_individually_context":"","composite_shop_price_calc":"","composite_components":[],"composite_scenarios":[],"bundled_by":["254841","263695"],"bundle_stock_status":"outofstock","bundle_stock_quantity":null,"bundle_virtual":false,"bundle_layout":"","bundle_add_to_cart_form_location":"","bundle_editable_in_cart":false,"bundle_sold_individually_context":"","bundle_item_grouping":"","bundle_min_size":"","bundle_max_size":"","bundle_price":[],"bundled_items":[],"bundle_sell_ids":[],"_links":{"self":[{"href":"https:\/\/maetpets.com\/de\/wp-json\/wp\/v2\/product\/241730","targetHints":{"allow":["GET"]}}],"collection":[{"href":"https:\/\/maetpets.com\/de\/wp-json\/wp\/v2\/product"}],"about":[{"href":"https:\/\/maetpets.com\/de\/wp-json\/wp\/v2\/types\/product"}],"replies":[{"embeddable":true,"href":"https:\/\/maetpets.com\/de\/wp-json\/wp\/v2\/comments?post=241730"}],"wp:featuredmedia":[{"embeddable":true,"href":"https:\/\/maetpets.com\/de\/wp-json\/wp\/v2\/media\/234795"}],"wp:attachment":[{"href":"https:\/\/maetpets.com\/de\/wp-json\/wp\/v2\/media?parent=241730"}],"wp:term":[{"taxonomy":"product_brand","embeddable":true,"href":"https:\/\/maetpets.com\/de\/wp-json\/wp\/v2\/product_brand?post=241730"},{"taxonomy":"product_cat","embeddable":true,"href":"https:\/\/maetpets.com\/de\/wp-json\/wp\/v2\/product_cat?post=241730"},{"taxonomy":"product_tag","embeddable":true,"href":"https:\/\/maetpets.com\/de\/wp-json\/wp\/v2\/product_tag?post=241730"}],"curies":[{"name":"wp","href":"https:\/\/api.w.org\/{rel}","templated":true}]}}