{"id":241324,"date":"2022-03-26T13:14:50","date_gmt":"2022-03-26T12:14:50","guid":{"rendered":"https:\/\/maetpets.com\/product\/toppl\/"},"modified":"2023-08-30T20:33:33","modified_gmt":"2023-08-30T18:33:33","slug":"toppl-hundespielzeug","status":"publish","type":"product","link":"https:\/\/maetpets.com\/de\/produkt\/toppl-hundespielzeug\/","title":{"rendered":"Toppl"},"content":{"rendered":"<div class=\"wpb-content-wrapper\"><p>[vc_row full_width=&#8221;stretch_row&#8221; css=&#8221;.vc_custom_1640684961874{padding-top: 60px !important;padding-bottom: 30px !important;background-color: #fff9f7 !important;}&#8221;][vc_column width=&#8221;6\/12&#8243;][vc_single_image image=&#8221;237788&#8243; img_size=&#8221;full&#8221; add_caption=&#8221;yes&#8221;][\/vc_column][vc_column width=&#8221;6\/12&#8243;][vc_column_text]<\/p>\n<h2>Toppl Hundespielzeug zur Aktivierung<\/h2>\n<p>Toppl West Paw besteht aus extra starkem Gummi und ist besonders f\u00fcr stark kauende Hunde geeignet.<\/p>\n<ul>\n<li>Es ist ein 100 % recycelbares Produkt, das in den USA hergestellt wird.<\/li>\n<li>Auch die Verpackung, in der Toppl verpackt ist, ist Recyclingmaterial.<\/li>\n<li>Die Oberteile bestehen aus Zogoflex, einem extrem strapazierf\u00e4higen Material, das speziell f\u00fcr starke Bisse hergestellt wurde. Zogoflex enth\u00e4lt keine giftigen Substanzen.<\/li>\n<\/ul>\n<p>[\/vc_column_text][\/vc_column][\/vc_row][vc_row full_width=&#8221;stretch_row&#8221; css=&#8221;.vc_custom_1640175618733{padding-top: 30px !important;padding-bottom: 30px !important;}&#8221;][vc_column width=&#8221;6\/12&#8243;][vc_column_text]<\/p>\n<h2>Toppl Hundespielzeug F\u00fcllung<\/h2>\n<p>Noch verlockender wird ein Toppl, wenn er mit M\u00c6T Deli und Snacks gef\u00fcllt ist. Sp\u00fclmaschinenfest f\u00fcr eine einfache Reinigung.<\/p>\n<p>Sie k\u00f6nnen auch eine von jeder Gr\u00f6\u00dfe kaufen und sie zu einem brandneuen Aktivit\u00e4tsspielzeug zusammenstellen.<\/p>\n<p><span style=\"font-weight: 400;\">Bonus: F\u00fcr eine zus\u00e4tzliche Herausforderung k\u00f6nnen Sie es einfrieren, bis das Futter halbhart ist, und dann Ihren Hund mit allen Sinnen und Kenntnissen herausfordern.<\/span>[\/vc_column_text][\/vc_column][vc_column width=&#8221;6\/12&#8243;]<div class=\"konte-product-grid konte-products  \"><div class=\"woocommerce columns-3 \"><ul class=\"products hover-slider columns-3\"><li class=\"product type-product post-244549 status-publish first outofstock product_cat-hundemad product_tag-deli product_tag-hundemad-okse has-post-thumbnail taxable shipping-taxable purchasable product-type-simple\">\n\t<div class=\"product-inner\"><span class=\"woocommerce-badges woocommerce-badges--round\"><span class=\"sold-out woocommerce-badge\"><span>Udsolgt<\/span><\/span><\/span><div class=\"product-thumbnail\"><a href=\"https:\/\/maetpets.com\/produkt\/beef-deli-hundefoder-med-okse\/\" class=\"woocommerce-LoopProduct-link woocommerce-loop-product__link\"><img loading=\"lazy\" decoding=\"async\" width=\"555\" height=\"555\" src=\"https:\/\/maetpets.com\/wp-content\/uploads\/hundefoder-med-okse-beef-deli-maet-pets.jpg\" class=\"attachment-woocommerce_thumbnail size-woocommerce_thumbnail\" alt=\"Beef Deli\" srcset=\"https:\/\/maetpets.com\/wp-content\/uploads\/hundefoder-med-okse-beef-deli-maet-pets.jpg 555w, https:\/\/maetpets.com\/wp-content\/uploads\/hundefoder-med-okse-beef-deli-maet-pets-300x300.jpg 300w, https:\/\/maetpets.com\/wp-content\/uploads\/hundefoder-med-okse-beef-deli-maet-pets-150x150.jpg 150w\" sizes=\"auto, (max-width: 555px) 100vw, 555px\" \/><\/a><\/div><div class=\"product-summary\"><h2 class=\"woocommerce-loop-product__title\"><a href=\"https:\/\/maetpets.com\/produkt\/beef-deli-hundefoder-med-okse\/\" class=\"woocommerce-LoopProduct-link woocommerce-loop-product__link\">Beef Deli<\/a><\/h2>\n\t<span class=\"price\"><span class=\"woocommerce-Price-amount amount\"><bdi>45,00&nbsp;<span class=\"woocommerce-Price-currencySymbol\">kr.<\/span><\/bdi><\/span><\/span>\n<div class=\"buttons clearfix\"><a href=\"https:\/\/maetpets.com\/produkt\/beef-deli-hundefoder-med-okse\/\" aria-describedby=\"woocommerce_loop_add_to_cart_link_describedby_244549\" data-quantity=\"1\" class=\"button product_type_simple woocommerce-loop-product__button\" data-product_id=\"244549\" data-product_sku=\"MAET203\" aria-label=\"Lese mehr \u00fcber &#8222;Beef Deli&#8220;\" rel=\"nofollow\" data-success_message=\"\">Weiterlesen<\/a>\t<span id=\"woocommerce_loop_add_to_cart_link_describedby_244549\" class=\"screen-reader-text\">\n\t\t\t<\/span>\n<\/div><\/div><\/div><\/li>\n<li class=\"product type-product post-241879 status-publish outofstock product_cat-hundemat product_tag-deli-no product_tag-hundemat-med-gris has-post-thumbnail taxable shipping-taxable purchasable product-type-simple\">\n\t<div class=\"product-inner\"><span class=\"woocommerce-badges woocommerce-badges--round\"><span class=\"sold-out woocommerce-badge\"><span>Udsolgt<\/span><\/span><\/span><div class=\"product-thumbnail product-thumbnails--slider\"><a href=\"https:\/\/maetpets.com\/no\/produkt\/svinekjoett-deli-hundemat-uten-korn\/\" class=\"woocommerce-LoopProduct-link woocommerce-loop-product__link\"><img loading=\"lazy\" decoding=\"async\" width=\"680\" height=\"680\" src=\"https:\/\/maetpets.com\/wp-content\/uploads\/pork_deli_tall_maet-680x680.jpg\" class=\"attachment-woocommerce_thumbnail size-woocommerce_thumbnail\" alt=\"Deli av svin\" srcset=\"https:\/\/maetpets.com\/wp-content\/uploads\/pork_deli_tall_maet-680x680.jpg 680w, https:\/\/maetpets.com\/wp-content\/uploads\/pork_deli_tall_maet-150x150.jpg 150w\" sizes=\"auto, (max-width: 680px) 100vw, 680px\" \/><\/a><a href=\"https:\/\/maetpets.com\/no\/produkt\/svinekjoett-deli-hundemat-uten-korn\/\" class=\"woocommerce-LoopProduct-link woocommerce-loop-product__link\"><img data-lazy=\"https:\/\/maetpets.com\/wp-content\/uploads\/pork-deli-maet-pets.jpg\" width=\"680\" height=\"544\" alt=\"Deli av svin\" class=\"slick-loading\"><\/a><\/div><div class=\"product-summary\"><h2 class=\"woocommerce-loop-product__title\"><a href=\"https:\/\/maetpets.com\/no\/produkt\/svinekjoett-deli-hundemat-uten-korn\/\" class=\"woocommerce-LoopProduct-link woocommerce-loop-product__link\">Deli av svin<\/a><\/h2>\n\t<span class=\"price\"><span class=\"woocommerce-Price-amount amount\"><bdi>45,00&nbsp;<span class=\"woocommerce-Price-currencySymbol\">kr.<\/span><\/bdi><\/span><\/span>\n<div class=\"buttons clearfix\"><a href=\"https:\/\/maetpets.com\/no\/produkt\/svinekjoett-deli-hundemat-uten-korn\/\" aria-describedby=\"woocommerce_loop_add_to_cart_link_describedby_241879\" data-quantity=\"1\" class=\"button product_type_simple woocommerce-loop-product__button\" data-product_id=\"241879\" data-product_sku=\"MAET202\" aria-label=\"Lese mehr \u00fcber &#8222;Deli av svin&#8220;\" rel=\"nofollow\" data-success_message=\"\">Weiterlesen<\/a>\t<span id=\"woocommerce_loop_add_to_cart_link_describedby_241879\" class=\"screen-reader-text\">\n\t\t\t<\/span>\n<\/div><\/div><\/div><\/li>\n<\/ul><\/div><\/div>[\/vc_column][\/vc_row][vc_row full_width=&#8221;stretch_row&#8221; css=&#8221;.vc_custom_1640684961874{padding-top: 60px !important;padding-bottom: 30px !important;background-color: #fff9f7 !important;}&#8221;][vc_column width=&#8221;6\/12&#8243;][vc_single_image image=&#8221;237792&#8243; img_size=&#8221;full&#8221;][\/vc_column][vc_column width=&#8221;6\/12&#8243;][vc_column_text]<\/p>\n<h2>Aktivierungsinspiration<\/h2>\n<p><strong>1 Kombiniere einen kleinen und einen gro\u00dfen Toppl<\/strong><br \/>\nKleine Toppl auf gef\u00fcllte gro\u00dfe Toppl stapeln.<\/p>\n<p><strong>2 Dr\u00fccken Sie zusammen<\/strong><br \/>\nDr\u00fccken Sie einmal und kombinieren Sie die beiden Toppl zu einem ultra-spa\u00dfigen Leckerbissen-Puzzle.<\/p>\n<p><strong>3 Drehen<\/strong><br \/>\nF\u00fcr eine gr\u00f6\u00dfere Herausforderung drehen Sie Toppl und verriegeln Sie es.<\/p>\n<p><strong>4 Seien Sie kreativ<\/strong><br \/>\nFolgen Sie uns auf Instagram und sehen Sie, wie unsere Kunden ihren Hund aktivieren.[\/vc_column_text][\/vc_column][\/vc_row][vc_row][vc_column][vc_video link=&#8221;https:\/\/youtu.be\/xERazADC6H0&#8243;][\/vc_column][\/vc_row]<\/p>\n<\/div>","protected":false},"excerpt":{"rendered":"<p>Toppl ist ein fantastisches aktivierendes Hundespielzeug. Toppl ist gut geeignet f\u00fcr stark kauende Hunde und kann mit u.a. M\u00c6T frisches Hundefutter oder unsere nat\u00fcrlichen Leckerlis.<\/p>\n<p><strong>Essen aktivieren<\/strong><\/p>\n<p>Toppl kippt um und kippt um, wenn Ihr Hund versucht, das Futter herauszuholen. Es kann Ihren Hund unterhalten und geistig stimulieren. Toppl ist f\u00fcr Hunde in allen Lebensphasen konzipiert.<\/p>\n<p>&nbsp;<\/p>\n<ul>\n<li>Aktivit\u00e4ts-Hundespielzeug f\u00fcr M\u00c6T frisches Hundefutter und Snacks<\/li>\n<li>Aus recycelbarem Material ohne Latex und Phthalate<\/li>\n<li>Entwickelt f\u00fcr interaktives beaufsichtigtes Spielen und Hunde aller Gr\u00f6\u00dfen<\/li>\n<li>Sp\u00fclmaschinenfest<\/li>\n<\/ul>\n<p><b>West Paw Toppl Treat Toy ist in Blau und Gr\u00fcn in den folgenden zwei Gr\u00f6\u00dfen erh\u00e4ltlich<\/b><\/p>\n<ul>\n<li>Toppl Small misst 7,5 cm &#8211; f\u00fcr Welpen, kleine und mittelgro\u00dfe Hunde<\/li>\n<li>Toppl Large misst 10 cm &#8211; f\u00fcr gro\u00dfe Hunde ab ca. 20 kg<\/li>\n<li>Klein und Gro\u00df k\u00f6nnen f\u00fcr besonders herausforderndes Spiel kombiniert werden.<\/li>\n<\/ul>\n","protected":false},"featured_media":237805,"comment_status":"open","ping_status":"closed","template":"","meta":{"inline_featured_image":false},"product_brand":[],"product_cat":[1067,629,623],"product_tag":[1114,1021,630],"class_list":{"0":"post-241324","1":"product","2":"type-product","3":"status-publish","4":"has-post-thumbnail","6":"product_cat-aktive-fuetterung","7":"product_cat-aktivitaetsspiel","8":"product_cat-hundespielzeug","9":"product_tag-hervorgehoben","10":"product_tag-spielzeug-fuer-welpen","11":"product_tag-toppl-de","12":"product_shipping_class-post","14":"first","15":"instock","16":"taxable","17":"shipping-taxable","18":"purchasable","19":"product-type-variable"},"composite_virtual":false,"composite_layout":"","composite_add_to_cart_form_location":"","composite_editable_in_cart":false,"composite_sold_individually_context":"","composite_shop_price_calc":"","composite_components":[],"composite_scenarios":[],"bundled_by":[],"bundle_stock_status":"instock","bundle_stock_quantity":null,"bundle_virtual":false,"bundle_layout":"","bundle_add_to_cart_form_location":"","bundle_editable_in_cart":false,"bundle_sold_individually_context":"","bundle_item_grouping":"","bundle_min_size":"","bundle_max_size":"","bundle_price":[],"bundled_items":[],"bundle_sell_ids":[],"_links":{"self":[{"href":"https:\/\/maetpets.com\/de\/wp-json\/wp\/v2\/product\/241324","targetHints":{"allow":["GET"]}}],"collection":[{"href":"https:\/\/maetpets.com\/de\/wp-json\/wp\/v2\/product"}],"about":[{"href":"https:\/\/maetpets.com\/de\/wp-json\/wp\/v2\/types\/product"}],"replies":[{"embeddable":true,"href":"https:\/\/maetpets.com\/de\/wp-json\/wp\/v2\/comments?post=241324"}],"wp:featuredmedia":[{"embeddable":true,"href":"https:\/\/maetpets.com\/de\/wp-json\/wp\/v2\/media\/237805"}],"wp:attachment":[{"href":"https:\/\/maetpets.com\/de\/wp-json\/wp\/v2\/media?parent=241324"}],"wp:term":[{"taxonomy":"product_brand","embeddable":true,"href":"https:\/\/maetpets.com\/de\/wp-json\/wp\/v2\/product_brand?post=241324"},{"taxonomy":"product_cat","embeddable":true,"href":"https:\/\/maetpets.com\/de\/wp-json\/wp\/v2\/product_cat?post=241324"},{"taxonomy":"product_tag","embeddable":true,"href":"https:\/\/maetpets.com\/de\/wp-json\/wp\/v2\/product_tag?post=241324"}],"curies":[{"name":"wp","href":"https:\/\/api.w.org\/{rel}","templated":true}]}}