{"id":250889,"date":"2023-01-27T16:45:27","date_gmt":"2023-01-27T15:45:27","guid":{"rendered":"https:\/\/maetpets.com\/mahlzeitendosen\/"},"modified":"2023-08-30T22:00:51","modified_gmt":"2023-08-30T20:00:51","slug":"mahlzeitendosen","status":"publish","type":"page","link":"https:\/\/maetpets.com\/de\/mahlzeitendosen\/","title":{"rendered":"Mahlzeitenk\u00e4sten"},"content":{"rendered":"<div class=\"wpb-content-wrapper\"><p>[vc_row full_width=&#8221;stretch_row&#8221; css=&#8221;.vc_custom_1673551402321{padding-top: 30px !important;}&#8221;][vc_column width=&#8221;1\/6&#8243;][\/vc_column][vc_column width=&#8221;4\/6&#8243;][vc_column_text]Lassen Sie sich frisches Hundefutter und nat\u00fcrliche Snacks M\u00c6T direkt nach Hause liefern.<\/p>\n<p>Entscheiden Sie sich f\u00fcr eine normale Hundefutterbox oder beginnen Sie mit der Probepackung, wenn Ihr Hund noch kein M\u00c6T probiert hat.[\/vc_column_text][vc_custom_heading text=&#8221;W\u00e4hlen Sie Ihre Mahlzeitenbox&#8221; font_container=&#8221;tag:h2|text_align:center&#8221; use_theme_fonts=&#8221;yes&#8221; css=&#8221;.vc_custom_1673551179067{padding-bottom: 10px !important;}&#8221;][\/vc_column][vc_column width=&#8221;1\/6&#8243;][\/vc_column][\/vc_row][vc_row full_width=&#8221;stretch_row_content_no_spaces&#8221; gap=&#8221;10&#8243; css=&#8221;.vc_custom_1675015940210{padding-right: 30px !important;padding-bottom: 40px !important;padding-left: 30px !important;}&#8221;][vc_column width=&#8221;1\/12&#8243;][\/vc_column][vc_column width=&#8221;5\/12&#8243; css=&#8221;.vc_custom_1673543228856{padding-right: 0px !important;padding-left: 0px !important;}&#8221;][konte_banner text_position=&#8221;top-left&#8221; font_container=&#8221;line_height:1&#8243; content_weight=&#8221;bold&#8221; scheme=&#8221;light&#8221; button_type=&#8221;normal&#8221; button_size=&#8221;medium&#8221; button_text=&#8221;w\u00e4hlen&#8221; image=&#8221;232392&#8243; desc=&#8221;- Probieren Sie M\u00c6T<br \/>\n&#8211; Einmalige Lieferung ohne Abonnement&#8221; link=&#8221;url:https%3A%2F%2Fmaetpets.com%2Fen%2Fprodukt%2Fstarter-pack-dog-food-online%2F|title:Beispielpaket|&#8221; tagline=&#8221;Von \u20ac199.00&#8243;]M\u00c6T<br \/>\nMUSTERPAKET[\/konte_banner]<div class=\"konte-empty-space \" style=\"height: 1px\"><\/div>[\/vc_column][vc_column width=&#8221;5\/12&#8243;][konte_banner text_position=&#8221;top-left&#8221; font_container=&#8221;line_height:1&#8243; content_weight=&#8221;bold&#8221; scheme=&#8221;light&#8221; button_type=&#8221;normal&#8221; button_size=&#8221;medium&#8221; button_text=&#8221;w\u00e4hlen&#8221; image=&#8221;232391&#8243; desc=&#8221;- Abonnement<br \/>\n&#8211; Flexibel<br \/>\n&#8211; Unverbindlich&#8221; tagline=&#8221;Von \u20ac 49&#8243; link=&#8221;url:https%3A%2F%2Fmaetpets.com%2Fde%2Fprodukt%2Fhundefutterbox-frisches-hundefutter-abo%2F|title:Futterbox%20f%C3%BCr%20hunde|&#8221;]M\u00c6T<br \/>\nDOG MATTER BOX [\/konte_banner][\/vc_column][vc_column width=&#8221;1\/12&#8243;][\/vc_column][\/vc_row][vc_row full_width=&#8221;stretch_row_content_no_spaces&#8221; gap=&#8221;10&#8243; disable_element=&#8221;yes&#8221; css=&#8221;.vc_custom_1673549464014{padding-right: 30px !important;padding-bottom: 30px !important;padding-left: 30px !important;}&#8221;][vc_column width=&#8221;4\/12&#8243; css=&#8221;.vc_custom_1616836957774{padding-top: 20px !important;padding-right: 20px !important;}&#8221;][vc_column_text]<strong>Bestellen Sie unser Musterpaket oder erhalten Sie regelm\u00e4\u00dfige Lieferungen im Abonnement<\/strong><\/p>\n<p>Hol dir M\u00c6T Hundefutter aus den besten Zutaten \u2013 direkt zu dir nach Hause geliefert. Vermeiden Sie den Aufwand, Hundefutter zu kaufen und aufzuheben.<br \/>\nWir machen es Ihnen leicht, ein Hundebesitzer zu sein, und Ihr Hund wird Sie daf\u00fcr lieben.[\/vc_column_text][\/vc_column][vc_column width=&#8221;4\/12&#8243;][konte_banner text_position=&#8221;top-left&#8221; font_container=&#8221;line_height:1&#8243; content_weight=&#8221;bold&#8221; scheme=&#8221;light&#8221; button_type=&#8221;normal&#8221; button_size=&#8221;medium&#8221; button_text=&#8221;w\u00e4hlen&#8221; image=&#8221;232392&#8243; desc=&#8221;Finden Sie die Lieblingsvariante Ihres Hundes, indem Sie 8 W\u00fcrstchen + 1 oder 4 Snacks probieren.<br \/>\nAb DKK 329,-&#8221; link=&#8221;url:https%3A%2F%2Fmaetpets.com%2Fstartpakke-hundefoder-online%2F|title:Beispielpaket|&#8221; tagline=&#8221;Einmalige Lieferung&#8221;]M\u00c6T<br \/>\nSTARTPAKET[\/konte_banner]<div class=\"konte-empty-space \" style=\"height: 20px\"><\/div>[\/vc_column][vc_column width=&#8221;4\/12&#8243;][konte_banner text_position=&#8221;top-left&#8221; font_container=&#8221;line_height:1&#8243; content_weight=&#8221;bold&#8221; scheme=&#8221;light&#8221; button_type=&#8221;normal&#8221; button_size=&#8221;medium&#8221; button_text=&#8221;w\u00e4hlen&#8221; image=&#8221;232391&#8243; desc=&#8221;Abonnieren Sie die Lieblingsgerichte Ihres Hundes und lassen Sie sich diese direkt nach Hause liefern.<br \/>\nAb DKK 329,-&#8221; tagline=&#8221;Im Abonnement&#8221; link=&#8221;url:https%3A%2F%2Fmaetpets.com%2Fde%2Fhundemaaltidskasse-frisk-hundefoder-abonnement-2%2F|title:Futterbox%20f%C3%BCr%20hunde|&#8221;]M\u00c6T<br \/>\nDOG MATTER BOX [\/konte_banner][\/vc_column][\/vc_row][vc_row full_width=&#8221;stretch_row&#8221; css=&#8221;.vc_custom_1675015930222{padding-top: 50px !important;padding-bottom: 20px !important;background-color: #f7eeeb !important;}&#8221;][vc_column width=&#8221;6\/12&#8243;][vc_column_text]<\/p>\n<h2>F\u00fcr einen gesunden Hund und ein leichteres Leben<\/h2>\n<p>Das Leben als Hundeeltern ist stressig &#8211; wir machen es Ihnen leichter. Wir liefern frisches und gesundes Hundefutter direkt zu Ihnen nach Hause, damit Sie mehr Zeit mit Ihrem Hund verbringen k\u00f6nnen.<\/p>\n<p>W\u00e4hrend Sie und Ihr Hund sich am\u00fcsieren, k\u00fcmmern wir uns um alle praktischen Dinge. Alles, was Sie tun m\u00fcssen, ist, das leckere Essen aus dem K\u00fchlschrank zu nehmen, wenn es Zeit f\u00fcr die F\u00fctterung ist.<\/p>\n<p>Wenn Ihr Hund frisches Hundefutter von M\u00c6T frisst, k\u00f6nnen Sie sicher sein, dass er alle N\u00e4hrstoffe erh\u00e4lt, die er f\u00fcr ein gesundes Hundeleben braucht.[\/vc_column_text][\/vc_column][vc_column width=&#8221;6\/12&#8243;][vc_single_image image=&#8221;248744&#8243; img_size=&#8221;full&#8221;][\/vc_column][\/vc_row][vc_row full_width=&#8221;stretch_row_content_no_spaces&#8221; css=&#8221;.vc_custom_1675015614122{padding-top: 40px !important;background-color: #2e1212 !important;}&#8221;][vc_column offset=&#8221;vc_col-lg-offset-1 vc_col-lg-10&#8243;][vc_custom_heading text=&#8221;Es ist herrlich einfach&#8221; font_container=&#8221;tag:h2|text_align:center|color:%23ca3a3a&#8221; use_theme_fonts=&#8221;yes&#8221; css=&#8221;.vc_custom_1678906260192{padding-bottom: 20px !important;}&#8221;]<div class=\"konte-carousel konte-carousel--gap-40  konte-carousel--dots-center konte-carousel--arrows-center\" data-slick=\"{&quot;dots&quot;:true,&quot;arrows&quot;:true,&quot;infinite&quot;:true,&quot;slidesToShow&quot;:2,&quot;slidesToScroll&quot;:1}\" ><div class=\"konte-testimonial  \">\n\t\t\t\t<div class=\"konte-testimonial__photo\"><img decoding=\"async\" class=\"\" src=\"https:\/\/maetpets.com\/wp-content\/uploads\/cecilie-melek-200x200.jpg\" width=\"200\" height=\"200\" alt=\"cecilie-melek\" title=\"cecilie-melek\" loading=\"lazy\" \/><\/div>\n\t\t\t\t<div class=\"konte-testimonial__entry\">\n\t\t\t\t\t<div class=\"konte-testimonial__content\">\u2b50\ufe0f\u2b50\ufe0f\u2b50\ufe0f\u2b50\ufe0f\u2b50\ufe0f<\/p>\n<p><span style=\"color: #fff9f7;\">&#8220;Wir bekamen eine Probepackung von M\u00c6T und Melek fand es toll, frisches Hundefutter zu bekommen. Also habe ich angefangen, es ihm mit einem Lickimat oder in einem Kong zu geben. Und jetzt bekommen wir es einmal im Monat direkt an die Haust\u00fcr geliefert, und das ist wirklich einfach.<\/span><\/div>\n\t\t\t\t\t<div class=\"konte-testimonial__author\"><span class=\"konte-testimonial__name\">Cecilie<\/span><span class=\"konte-testimonial__author-separator\">-<\/span><span class=\"konte-testimonial__company\">Eigent\u00fcmer von Melek<\/span><\/div>\n\t\t\t\t<\/div>\n\t\t\t<\/div><\/div>[\/vc_column][\/vc_row][vc_row css=&#8221;.vc_custom_1675015536456{padding-top: 40px !important;}&#8221;][vc_column width=&#8221;2\/12&#8243;][\/vc_column][vc_column width=&#8221;8\/12&#8243;][vc_custom_heading text=&#8221;M\u00c6T auf andere Weise kaufen&#8221; font_container=&#8221;tag:h2|text_align:center&#8221; use_theme_fonts=&#8221;yes&#8221; css=&#8221;.vc_custom_1675015425868{padding-bottom: 20px !important;}&#8221;][vc_column_text]Sie k\u00f6nnen die Produkte auch einzeln bestellen oder sie in einem Gesch\u00e4ft in Ihrer N\u00e4he kaufen. Wir machen es Ihnen leicht, ein Hundebesitzer zu sein, und Ihr Hund wird Sie daf\u00fcr lieben.[\/vc_column_text][\/vc_column][vc_column width=&#8221;2\/12&#8243;][\/vc_column][\/vc_row][vc_row full_width=&#8221;stretch_row_content_no_spaces&#8221; gap=&#8221;5&#8243;][vc_column width=&#8221;1\/3&#8243;][konte_banner image_size=&#8221;large&#8221; text_position=&#8221;bottom-left&#8221; font_container=&#8221;line_height:1&#8243; content_weight=&#8221;bold&#8221; scheme=&#8221;light&#8221; button_type=&#8221;normal&#8221; button_size=&#8221;medium&#8221; button_text=&#8221;Einzeln kaufen&#8221; el_class=&#8221;black-shadow&#8221; image=&#8221;247124&#8243; link=&#8221;url:https%3A%2F%2Fmaetpets.com%2Fde%2Fmaet-frisches-hundefutter%2F|title:Futterbox%20f%C3%BCr%20hunde|&#8221;]M\u00c6T<br \/>\nFRISCHES HUNDEFUTTER[\/konte_banner][\/vc_column][vc_column width=&#8221;1\/3&#8243;][konte_banner image_size=&#8221;large&#8221; text_position=&#8221;bottom-left&#8221; font_container=&#8221;line_height:1&#8243; content_weight=&#8221;bold&#8221; scheme=&#8221;light&#8221; button_type=&#8221;normal&#8221; button_size=&#8221;medium&#8221; button_text=&#8221;Einzeln kaufen&#8221; el_class=&#8221;black-shadow&#8221; image=&#8221;243502&#8243; link=&#8221;url:https%3A%2F%2Fmaetpets.com%2Fde%2Fnatuerliche-hunde-snacks-und-hunde-leckerbissen%2F|title:Testpaket|&#8221;]M\u00c6T<br \/>\nSNACKS[\/konte_banner][\/vc_column][vc_column width=&#8221;1\/3&#8243;][konte_banner image_size=&#8221;large&#8221; text_position=&#8221;bottom-left&#8221; font_container=&#8221;line_height:1&#8243; content_weight=&#8221;bold&#8221; scheme=&#8221;light&#8221; button_type=&#8221;normal&#8221; button_size=&#8221;medium&#8221; button_text=&#8221;Siehe H\u00e4ndler&#8221; el_class=&#8221;black-shadow&#8221; image=&#8221;239835&#8243; link=&#8221;url:https%3A%2F%2Fmaetpets.com%2Fforhandlere%2F|title:MAET%20H%C3%84NDLER|&#8221;]M\u00c6T<br \/>\nH\u00c4NDLER[\/konte_banner][\/vc_column][\/vc_row]<\/p>\n<\/div>","protected":false},"excerpt":{"rendered":"<p>[vc_row full_width=&#8221;stretch_row&#8221; css=&#8221;.vc_custom_1673551402321{padding-top: 30px !important;}&#8221;][vc_column width=&#8221;1\/6&#8243;][\/vc_column][vc_column width=&#8221;4\/6&#8243;][vc_column_text]Lassen Sie sich frisches Hundefutter und nat\u00fcrliche Snacks M\u00c6T direkt nach Hause liefern. Entscheiden Sie sich f\u00fcr eine normale Hundefutterbox oder beginnen Sie mit&hellip;<\/p>\n","protected":false},"author":0,"featured_media":252221,"parent":0,"menu_order":0,"comment_status":"closed","ping_status":"closed","template":"","meta":{"inline_featured_image":false,"footnotes":""},"class_list":["post-250889","page","type-page","status-publish","has-post-thumbnail","hentry"],"_links":{"self":[{"href":"https:\/\/maetpets.com\/de\/wp-json\/wp\/v2\/pages\/250889","targetHints":{"allow":["GET"]}}],"collection":[{"href":"https:\/\/maetpets.com\/de\/wp-json\/wp\/v2\/pages"}],"about":[{"href":"https:\/\/maetpets.com\/de\/wp-json\/wp\/v2\/types\/page"}],"replies":[{"embeddable":true,"href":"https:\/\/maetpets.com\/de\/wp-json\/wp\/v2\/comments?post=250889"}],"version-history":[{"count":0,"href":"https:\/\/maetpets.com\/de\/wp-json\/wp\/v2\/pages\/250889\/revisions"}],"wp:featuredmedia":[{"embeddable":true,"href":"https:\/\/maetpets.com\/de\/wp-json\/wp\/v2\/media\/252221"}],"wp:attachment":[{"href":"https:\/\/maetpets.com\/de\/wp-json\/wp\/v2\/media?parent=250889"}],"curies":[{"name":"wp","href":"https:\/\/api.w.org\/{rel}","templated":true}]}}