{"id":242480,"date":"2022-05-22T12:16:53","date_gmt":"2022-05-22T10:16:53","guid":{"rendered":"https:\/\/maetpets.com\/hundepflege\/"},"modified":"2022-05-22T12:16:58","modified_gmt":"2022-05-22T10:16:58","slug":"hundepflege","status":"publish","type":"page","link":"https:\/\/maetpets.com\/de\/hundepflege\/","title":{"rendered":"Hundepflege"},"content":{"rendered":"\n<p>Hundepflege mit leckeren und nat\u00fcrlichen Produkten ist f\u00fcr Sie und Ihren Hund unerl\u00e4sslich.<\/p>\n\n<p>Sehen Sie sich unsere Auswahl an Pflegeprodukten f\u00fcr unter anderem Fellpflege, Pfotenpflege, Ohrenpflege und mehr an. Im Sortiment an Pflegeprodukten finden Sie unter anderem B\u00fcrsten, K\u00e4mme, Pfotenwachs, Hundetrimmer, Bio-Shampoo und -Conditioner, Fellwerkzeuge mit den richtigen B\u00fcrsten und Schermaschinen, Zahnpflege und -hygiene, Pflegeger\u00e4te, Pfotenpflege, und Welpenausr\u00fcstung.<\/p>\n\n<p>Eine hochwertige Pflege Ihres Hundes mit den richtigen Pflegeprodukten ist wichtig &#8211; sowohl in Bezug auf die Gesundheit Ihres Hundes,<br\/>Wohlbefinden, Stimmung und Lebensfreude.<\/p>\n\n<h2 class=\"wp-block-heading\">Hundeshampoo<\/h2>\n\n<p><\/p>\n","protected":false},"excerpt":{"rendered":"<p>Hundepflege mit leckeren und nat\u00fcrlichen Produkten ist f\u00fcr Sie und Ihren Hund unerl\u00e4sslich. Sehen Sie sich unsere Auswahl an Pflegeprodukten f\u00fcr unter anderem Fellpflege, Pfotenpflege, Ohrenpflege und mehr an. Im&hellip;<\/p>\n","protected":false},"author":1,"featured_media":0,"parent":0,"menu_order":0,"comment_status":"closed","ping_status":"closed","template":"","meta":{"inline_featured_image":false,"footnotes":""},"class_list":["post-242480","page","type-page","status-publish","hentry"],"_links":{"self":[{"href":"https:\/\/maetpets.com\/de\/wp-json\/wp\/v2\/pages\/242480","targetHints":{"allow":["GET"]}}],"collection":[{"href":"https:\/\/maetpets.com\/de\/wp-json\/wp\/v2\/pages"}],"about":[{"href":"https:\/\/maetpets.com\/de\/wp-json\/wp\/v2\/types\/page"}],"author":[{"embeddable":true,"href":"https:\/\/maetpets.com\/de\/wp-json\/wp\/v2\/users\/1"}],"replies":[{"embeddable":true,"href":"https:\/\/maetpets.com\/de\/wp-json\/wp\/v2\/comments?post=242480"}],"version-history":[{"count":0,"href":"https:\/\/maetpets.com\/de\/wp-json\/wp\/v2\/pages\/242480\/revisions"}],"wp:attachment":[{"href":"https:\/\/maetpets.com\/de\/wp-json\/wp\/v2\/media?parent=242480"}],"curies":[{"name":"wp","href":"https:\/\/api.w.org\/{rel}","templated":true}]}}