{"id":242078,"date":"2022-05-20T20:53:20","date_gmt":"2022-05-20T18:53:20","guid":{"rendered":"https:\/\/maetpets.com\/handels-und-lieferbedingungen\/"},"modified":"2023-08-30T22:03:53","modified_gmt":"2023-08-30T20:03:53","slug":"bedingungen","status":"publish","type":"page","link":"https:\/\/maetpets.com\/de\/bedingungen\/","title":{"rendered":"Handels- und Lieferbedingungen"},"content":{"rendered":"\n<h2 class=\"wp-block-heading\">Zahlung<\/h2>\n\n<p>M\u00c6T Pets ApS erh\u00e4lt Zahlungen mit Dankort \/ VISA-Dankort, VISA, VISA Electron, Mastercard und JCB. Zahlung wird sofort abgebucht, kann aber bei Fehlbestellung erstattet werden.<\/p>\n\n<p>Alle Betr\u00e4ge sind in d\u00e4nischen DKK-Kronen angegeben und sind inkl. MwSt.<\/p>\n\n<p>M\u00c6T Pets verwendet einen zugelassenen Zahlungsserver, der alle Ihre Karteninformationen mit dem SSL-Protokoll (Secure Socket Layer) verschl\u00fcsselt. Dies bedeutet, dass Sie Ihre Informationen nicht lesen k\u00f6nnen.<\/p>\n\n<h3 class=\"wp-block-heading\">Allgemeine Information<\/h3>\n\n<p><strong>M\u00c6T Haustiere ApS<\/strong><br\/>CVR-NR. 41314575<br\/><br\/>Vesterbrogade 26<br\/>1620 Kopenhagen<br\/><a href=\"tel:+4589805155\">+45 8980 5155<\/a><br\/><a href=\"mailto:wuf@maetpets.com\">wuf@maetpets.com<\/a><br\/><\/p>\n\n<h3 class=\"wp-block-heading\">Preise<\/h3>\n\n<p>Alle auf M\u00c6T Pets angegebenen Preise beinhalten Mehrwertsteuer und Steuern. Alle Preise sind Tagespreise. <\/p>\n\n<h2 class=\"wp-block-heading\">Frachtpreise<\/h2>\n\n<p>Die Versandkosten betragen 59 DKK und beinhalten einen sicheren Lebensmitteltransport mit Track &amp; Trace.<\/p>\n\n<p>Kostenlose Lieferung bei einem Einkauf \u00fcber 450 kr.  <\/p>\n\n<h2 class=\"wp-block-heading\">Lieferung<\/h2>\n\n<p>Wir liefern \u00fcberall in D\u00e4nemark, au\u00dfer auf nicht \u00fcberbr\u00fcckten Inseln.<\/p>\n\n<p>Wir liefern montags zwischen 10:00 &#8211; 22:00. <\/p>\n\n<p>Alle eingehenden Bestellungen vor Mittwoch um 17:00, wird am Montag zugestellt. Bestellungen nach Mittwoch um 17:00 Uhr wird am folgenden Montag zugestellt.<\/p>\n\n<p>Sollten Sie spezielle W\u00fcnsche zu Ihrer Bestellung haben, vermerken Sie diese einfach im Bemerkungsfeld.<\/p>\n\n<p>Die Lieferung der Ware von M\u00c6T Pets gilt als abgeschlossen, wenn Sie als Kunde die Ware erhalten haben. Wir platzieren Ihre Ware m\u00f6glichst am gew\u00fcnschten Ort.<\/p>\n\n<p><\/p>\n\n<h2 class=\"wp-block-heading\">Erhalt<\/h2>\n\n<p>Pakete werden als Flex-Lieferung verschickt, dh. Sie m\u00fcssen nicht zu Hause sein, sondern notieren Sie einfach im Feld &#8220;Notizen&#8221;, wo Sie das Paket platzieren m\u00f6chten, z. Carport, Terrasse, Fahrradschuppen od Lign. <\/p>\n\n<p>Der Fahrer nimmt keine Pakete zur\u00fcck.  <\/p>\n\n<p>Die Verantwortung f\u00fcr das Paket und seinen Inhalt geht auf dich \u00fcber, sobald der Fahrer das Paket an deine Adresse geliefert hat. Du erh\u00e4ltst eine Textnachricht, wenn das Paket an deine Adresse zugestellt wurde.<\/p>\n\n<p>Wenn Sie unser frisches Hundefutter bestellt haben, sollten Sie es so schnell wie m\u00f6glich in den K\u00fchlschrank stellen.<\/p>\n\n<h2 class=\"wp-block-heading\">Beschwerderecht<\/h2>\n\n<p>Wir h\u00f6ren immer gerne von Ihnen, wenn Sie mit etwas unzufrieden sind oder denken, dass wir es besser machen k\u00f6nnen. Wenn du Beschwerden \u00fcber deine Lieferung hast, kontaktiere uns bitte unter +45 8980 5155 oder <a href=\"mailto:wuf@maetpets.com\">\n  <span style=\"text-decoration: underline;\">wuf@maetpets.com<\/span>\n<\/a>. Reklamationen m\u00fcssen schnellstm\u00f6glich nach Erhalt\/\u00d6ffnung der Verpackung mit Fotodokumentation des Inhalts erfolgen. Dies gilt sowohl in Bezug auf die Lieferung des Pakets als auch auf den Inhalt des Pakets. Auf diese Weise k\u00f6nnen wir sofort reagieren und Ihnen einen besseren Service bieten.<\/p>\n\n<p>Die Reklamation gilt nicht f\u00fcr Fehler oder Sch\u00e4den, die durch fehlerhafte Bedienung des Produkts \/ der Dienstleistung verursacht wurden.<\/p>\n\n<p>M\u00c6T Pets \u00fcbernimmt die R\u00fccksendekosten in angemessenem Umfang.<\/p>\n\n<p>Bei der R\u00fcckkehr<br\/>Bitte kontaktiere My Pets per E-Mail. Pakete per Nachnahme werden nicht angenommen.<\/p>\n\n<p><strong>Erstattung<\/strong><br\/>Sofern eine R\u00fcckzahlung vereinbart wurde, teilen Sie uns bitte Ihre Bankverbindung mit, damit wir den vereinbarten Betrag \u00fcberweisen k\u00f6nnen.<\/p>\n\n<p><strong>R\u00fccktrittsrecht<\/strong><br\/>Da M\u00c6T Pets Lebensmittel liefert, besteht gem\u00e4\u00df \u00a7 17 Abs. 1 Verbrauchervertragsgesetz kein Widerrufsrecht. 2, Nr. 1.<\/p>\n\n<p><\/p>\n\n<p><strong>Reklamationen &#8211; \u00dcbersicht und Links:<\/strong><br\/>Wenn Sie eine Beschwerde \u00fcber ein in unserem Webshop gekauftes Produkt haben, k\u00f6nnen Sie eine Beschwerde an folgende Adresse senden:<\/p>\n\n<p>Zentrum f\u00fcr Beschwerdel\u00f6sung<br\/>Bretterhaus, Toldboden 2<br\/>8800 Viborg<\/p>\n\n<p>Sie k\u00f6nnen sich \u00fcber das Beschwerdeportal des House of Boards beim Center for Complaint Resolution beschweren: <a href=\"https:\/\/kpo.naevneneshus.dk\/\" target=\"_blank\" rel=\"noreferrer noopener\">https:\/\/kpo.naevneneshus.dk\/<\/a><\/p>\n\n<p>Wenn Sie ein Verbraucher mit Wohnsitz in einem anderen EU-Land sind, k\u00f6nnen Sie Ihre Beschwerde auf der Online-Beschwerdeplattform der EU-Kommission einreichen.<\/p>\n\n<p>Die Plattform finden Sie hier: <a class=\"rank-math-link\" rel=\"noreferrer noopener\" href=\"http:\/\/ec.europa.eu\/odr\" target=\"_blank\">http:\/\/ec.europa.eu\/odr<\/a><br\/>Wenn Sie hier eine Beschwerde einreichen, geben Sie bitte unsere E-Mail-Adresse an: <a class=\"rank-math-link\" href=\"mailto:wuf@maetpets.com\">wuf@maetpets.com<\/a><\/p>\n\n<h2 class=\"wp-block-heading\">Abonnentenvereinbarung<\/h2>\n\n<p>Beim Abschluss eines Abonnementvertrages &#8211; z.B. Mitgliedschaften und andere laufende Dienstleistungen &#8211; der Kunde stimmt zu, dass M\u00c6T Pets berechtigt ist, fortlaufend Transaktionen auf der Zahlungskarte des Kunden in \u00dcbereinstimmung mit den vom Kunden bestellten Produkten durchzuf\u00fchren.<\/p>\n\n<p>Der Kunde erteilt M\u00c6T Pets die Erlaubnis, f\u00fcr jeden Zahlungszeitraum (jede Woche, alle 2 oder alle 4 Wochen) eine Zahlungstransaktion durchzuf\u00fchren, solange das Abonnement l\u00e4uft. Der Betrag wird am Versandtag entweder w\u00f6chentlich, alle 2 oder alle 4 Wochen abgebucht, je nachdem ob der Kunde eine Lieferung w\u00f6chentlich, alle 2 oder alle 4 Wochen w\u00fcnscht. Bei Abonnementvertr\u00e4gen ist M\u00c6T Pets nur berechtigt, Zahlungstransaktionen \u00fcber den Abonnementbetrag f\u00fcr die kommende Abonnementperiode durchzuf\u00fchren. <\/p>\n\n<p>Es ist dem Kunden m\u00f6glich, die Abonnementzusammensetzung zu \u00e4ndern, und der Betrag \u00e4ndert sich somit im Verh\u00e4ltnis zu dem, was gew\u00fcnscht wird. M\u00c6T Pets ist berechtigt, Zahlungstransaktionen in Bezug auf alle durchzuf\u00fchren \u00c4nderung des Abonnements. Nach jedem abgeschlossenen Zahlungsvorgang wird eine Quittung an die beim Start \/ Kauf des Abonnements angegebene E-Mail-Adresse gesendet. <\/p>\n\n<p>Wenn der Kunde sein Abonnement zum ersten Mal erstellt, kann es sein, dass die erste Bestellung als 0 \u20ac erscheint. Dies ist jedoch eine vor\u00fcbergehende &#8220;Platzhalter&#8221;-Bestellung, da das System von M\u00c6T Pets alle Abonnement-Bestellungen automatisch an Sonntagen erstellt. Der korrekte Abonnementbetrag wird daher am kommenden Sonntag reserviert.<\/p>\n\n<p>Abgeschlossene Abonnementvertr\u00e4ge sind g\u00fcltig, bis sie von M\u00c6T Pets oder dem Kunden gek\u00fcndigt werden. Die K\u00fcndigung kann jederzeit erfolgen.<\/p>\n\n<p>Die K\u00fcndigung von Abonnementvertr\u00e4gen, die Verl\u00e4ngerung und die L\u00f6schung der Kartendaten kann per E-Mail an M\u00c6T Pets erfolgen unter <span style=\"text-decoration: underline;\">\n  <a href=\"mailto:wuf@maetpets.com\">wuf@maetpets.com<\/a>\n<\/span>. Wenn die Karte abl\u00e4uft, wird automatisch eine E-Mail an den Kunden geschickt, die ihn daran erinnert, seine Kartendaten zu erneuern.  <\/p>\n\n<p>Die Vorauszahlung wird von M\u00c6T Pets nicht erstattet.<\/p>\n","protected":false},"excerpt":{"rendered":"<p>Zahlung M\u00c6T Pets ApS erh\u00e4lt Zahlungen mit Dankort \/ VISA-Dankort, VISA, VISA Electron, Mastercard und JCB. Zahlung wird sofort abgebucht, kann aber bei Fehlbestellung erstattet werden. Alle Betr\u00e4ge sind in&hellip;<\/p>\n","protected":false},"author":1,"featured_media":0,"parent":0,"menu_order":0,"comment_status":"closed","ping_status":"closed","template":"","meta":{"inline_featured_image":false,"footnotes":""},"class_list":["post-242078","page","type-page","status-publish","hentry"],"_links":{"self":[{"href":"https:\/\/maetpets.com\/de\/wp-json\/wp\/v2\/pages\/242078","targetHints":{"allow":["GET"]}}],"collection":[{"href":"https:\/\/maetpets.com\/de\/wp-json\/wp\/v2\/pages"}],"about":[{"href":"https:\/\/maetpets.com\/de\/wp-json\/wp\/v2\/types\/page"}],"author":[{"embeddable":true,"href":"https:\/\/maetpets.com\/de\/wp-json\/wp\/v2\/users\/1"}],"replies":[{"embeddable":true,"href":"https:\/\/maetpets.com\/de\/wp-json\/wp\/v2\/comments?post=242078"}],"version-history":[{"count":0,"href":"https:\/\/maetpets.com\/de\/wp-json\/wp\/v2\/pages\/242078\/revisions"}],"wp:attachment":[{"href":"https:\/\/maetpets.com\/de\/wp-json\/wp\/v2\/media?parent=242078"}],"curies":[{"name":"wp","href":"https:\/\/api.w.org\/{rel}","templated":true}]}}