{"id":242067,"date":"2022-05-20T20:53:14","date_gmt":"2022-05-20T18:53:14","guid":{"rendered":"https:\/\/maetpets.com\/vegetarisches-hundefutter-das-ist-gut-fuers-klima\/"},"modified":"2022-05-20T20:53:31","modified_gmt":"2022-05-20T18:53:31","slug":"vegetarisches-hundefutter-das-ist-gut-fuers-klima","status":"publish","type":"page","link":"https:\/\/maetpets.com\/de\/vegetarisches-hundefutter-das-ist-gut-fuers-klima\/","title":{"rendered":"Vegetarisches Hundefutter. Das ist gut f\u00fcrs Klima!"},"content":{"rendered":"<div class=\"wpb-content-wrapper\"><p>[vc_row full_width=&#8221;stretch_row&#8221; css=&#8221;.vc_custom_1611487500242{padding-top: 60px !important;background-color: #fff9f7 !important;}&#8221;][vc_column width=&#8221;1\/6&#8243;][\/vc_column][vc_column width=&#8221;4\/6&#8243;][vc_column_text]<strong>Der Hund ist der beste Freund des Menschen, aber wie wir Menschen haben auch unsere Hunde einen gro\u00dfen Klimafu\u00dfabdruck. Ist vegetarisches Hundefutter also der richtige Weg? K\u00f6nnen Hunde von pflanzlichem Eiwei\u00df leben?<\/strong><\/p>\n<p><span style=\"font-weight: 400;\">Hunde sind genauso gl\u00fccklich mit Fleisch wie ihre Besitzer und tragen daher auch einen fairen Anteil an den CO2-Emissionen, f\u00fcr die unsere Haushalte verantwortlich sind. Tats\u00e4chlich zeigt eine d\u00e4nische Berechnung, dass ein 10-Kilo-Hund \u2013 zB ein d\u00e4nisch-schwedischer Hofhund \u2013 j\u00e4hrlich 1,1 Tonnen CO2 ausst\u00f6\u00dft.<\/span><\/p>\n<p><span style=\"font-weight: 400;\">Und<\/span> <span style=\"text-decoration: underline; color: #d54966;\"><a style=\"color: #d54966; text-decoration: underline;\" href=\"https:\/\/journals.plos.org\/plosone\/article?id=10.1371\/journal.pone.0181301\" target=\"_blank\" rel=\"noopener\">US-Forschungen<\/a><\/span> <span style=\"font-weight: 400;\"><span style=\"text-decoration: underline; color: #d54966;\">zu den CO2-Emissionen von Hunden,<\/span> die an der University of California durchgef\u00fchrt wurden, zeigen, dass amerikanische Hunde und Katzen f\u00fcr so viel CO2-Emissionen verantwortlich sind, wie mehr als 13 Millionen Autos j\u00e4hrlich aussto\u00dfen.<\/span>[\/vc_column_text][\/vc_column][vc_column width=&#8221;1\/6&#8243;][\/vc_column][\/vc_row][vc_row full_width=&#8221;stretch_row&#8221; css=&#8221;.vc_custom_1611487530572{padding-top: 60px !important;padding-bottom: 60px !important;background-color: #fff9f7 !important;}&#8221;][vc_column width=&#8221;1\/2&#8243;][konte_banner button_type=&#8221;normal&#8221; button_size=&#8221;normal&#8221; button_text=&#8221;Anmeldung&#8221; image=&#8221;231375&#8243; tagline=&#8221;Helfen Sie mit, sich zu entwickeln&#8221; link=&#8221;url:%23%20Anmeldung|&#8221;]klimafreundliches vegetarisches Hundefutter[\/konte_banner][\/vc_column][vc_column width=&#8221;1\/2&#8243;][konte_banner scheme=&#8221;dark&#8221; button_type=&#8221;normal&#8221; button_size=&#8221;normal&#8221; button_text=&#8221;Siehe Produkte&#8221; image=&#8221;230902&#8243; tagline=&#8221;Wechseln Sie noch heute zu uns&#8221; link=&#8221;url:%23Produkte|&#8221;]klimafreundlicheres Hundefutter[\/konte_banner][\/vc_column][\/vc_row][vc_row full_width=&#8221;stretch_row&#8221; css=&#8221;.vc_custom_1611516409993{padding-top: 60px !important;padding-bottom: 10px !important;background-color: #0b2945 !important;}&#8221;][vc_column width=&#8221;1\/6&#8243;][\/vc_column][vc_column width=&#8221;4\/6&#8243;][vc_custom_heading text=&#8221;So viel CO2 st\u00f6\u00dft Ihr Hund aus&#8221; font_container=&#8221;tag:h2|text_align:center|color:%23d54966&#8243; use_theme_fonts=&#8221;yes&#8221;][vc_column_text]<\/p>\n<p style=\"text-align: center;\"><span style=\"color: #fff9f7;\">Quelle: Jannick Schmidt vom Zentrum f\u00fcr Umweltpr\u00fcfung.<\/span><\/p>\n<p>[\/vc_column_text][vc_single_image image=&#8221;235097&#8243; img_size=&#8221;large&#8221; alignment=&#8221;center&#8221; style=&#8221;vc_box_circle_2&#8243;][\/vc_column][vc_column width=&#8221;1\/6&#8243;][\/vc_column][\/vc_row][vc_row full_width=&#8221;stretch_row&#8221; css=&#8221;.vc_custom_1611516333915{padding-bottom: 60px !important;background-color: #0b2945 !important;}&#8221;][vc_column width=&#8221;1\/3&#8243;][vc_custom_heading text=&#8221;2 kg Hund CO2&#8243; font_container=&#8221;tag:h3|text_align:left|color:%23d54966&#8243; use_theme_fonts=&#8221;yes&#8221; css=&#8221;.vc_custom_1611488345823{padding-bottom: 30px !important;}&#8221;][vc_column_text]<span style=\"color: #fff9f7;\"> F\u00fctterung <strong>mit Fleisch<\/strong> : Emittiert 326 kg CO2 pro Jahr. Es emittiert so viel wie 1000 Kilometer Fahrt in einem durchschnittlichen Pkw.<\/span><br \/>\n<span style=\"color: #fff9f7;\"><strong>Vegetarisches Hundefutter<\/strong> : Emittiert 4 kg CO2 pro Jahr oder so viel wie 12 Kilometer Fahrt in einem durchschnittlichen Auto.<\/span>[\/vc_column_text][\/vc_column][vc_column width=&#8221;1\/3&#8243;][vc_custom_heading text=&#8221;10 kg Hund CO2&#8243; font_container=&#8221;tag:h3|text_align:left|color:%23d54966&#8243; use_theme_fonts=&#8221;yes&#8221; css=&#8221;.vc_custom_1611488354240{padding-bottom: 30px !important;}&#8221;][vc_column_text]<span style=\"color: #fff9f7;\"><strong>Futter mit Fleisch<\/strong> : Emittiert 1108 kg CO2 pro Jahr. Ableitung von bis zu 3500 Kilometern Fahrt in einem durchschnittlichen Auto.<\/span><br \/>\n<span style=\"color: #fff9f7;\"><strong>Vegetarisches Hundefutter<\/strong> : Emittiert 13 kg CO2 pro Jahr oder so viel wie 41 Kilometer Fahrt in einem durchschnittlichen Auto.<\/span>[\/vc_column_text][\/vc_column][vc_column width=&#8221;1\/3&#8243;][vc_custom_heading text=&#8221;20 kg Hund CO2&#8243; font_container=&#8221;tag:h3|text_align:left|color:%23d54966&#8243; use_theme_fonts=&#8221;yes&#8221; css=&#8221;.vc_custom_1611488360827{padding-bottom: 30px !important;}&#8221;][vc_column_text]<span style=\"color: #fff9f7;\"><strong>Futter mit Fleisch<\/strong> : Emittiert 1630 kg CO2 pro Jahr. Ableitung von bis zu 5200 Kilometern Fahrt in einem durchschnittlichen Auto.<\/span><br \/>\n<span style=\"color: #fff9f7;\"><strong>Vegetarisches Hundefutter<\/strong> : emittiert 19 kg CO2 pro Jahr oder so viel wie 61 Kilometer Fahrt in einem durchschnittlichen Auto. <\/span>[\/vc_column_text][\/vc_column][\/vc_row][vc_row full_width=&#8221;stretch_row&#8221; css=&#8221;.vc_custom_1611516435098{padding-top: 60px !important;background-color: #fff9f7 !important;}&#8221; el_id=&#8221;wie viel&#8221;][vc_column width=&#8221;1\/6&#8243;][\/vc_column][vc_column width=&#8221;4\/6&#8243;][vc_custom_heading text=&#8221;Der klimafreundliche Hund ist Vegetarier&#8221; font_container=&#8221;tag:h2|text_align:left|color:%232b1910&#8243; use_theme_fonts=&#8221;yes&#8221;][vc_column_text]Hunde k\u00f6nnen von <span data-sheets-value=\"{\"1\":2,\"2\":\"vegetarisk hundemad\"}\" data-sheets-userformat=\"{\"2\":513,\"3\":{\"1\":0},\"12\":0}\">vegetarischem Hundefutter<\/span> leben. Wenn Sie einige dieser pflanzlichen Produkte mit hohem Proteingehalt, wie Bohnen, mit Eiern kombinieren, k\u00f6nnen Sie eine vegetarische Ern\u00e4hrung f\u00fcr Tiere zusammenstellen, sagt Charlotte Bj\u00f8rnvad, Professorin f\u00fcr Innere Medizin f\u00fcr Hunde und Katzen der Universit\u00e4t Kopenhagen. <span style=\"color: #d54966;\"><a style=\"color: #d54966;\" href=\"https:\/\/maetpets.com\/de\/so-starten-sie-mit-frischem-hundefutter\/\"><strong><span style=\"text-decoration: underline;\">Lesen Sie mehr dar\u00fcber, welche Zutaten Hundefutter enthalten sollte<\/span><\/strong><\/a> .<\/span>[\/vc_column_text][vc_custom_heading text=&#8221;Leicht gekochtes Hundefutter ist am besten&#8221; font_container=&#8221;tag:h3|text_align:left|color:%232b1910&#8243; use_theme_fonts=&#8221;yes&#8221;][vc_column_text]<strong>Das Verdauungssystem des Hundes kann Kohlenhydrate und Ballaststoffe aus Gem\u00fcse gut verarbeiten. Allerdings m\u00fcssen die Kohlenhydrate w\u00e4rmebehandelt werden, sagt Charlotte Bj\u00f8rnvad.<\/strong><\/p>\n<p>Hunde sind wie Menschen. Wir sind nicht sehr gut darin, Ballaststoffe oder unbehandelte Kohlenhydrate zu verdauen. Von rohen Kartoffeln oder rohem Reis haben wir also nicht wirklich etwas und die Hunde auch nicht. Kartoffeln, Nudeln und Reis sind, solange man sie w\u00e4rmebehandelt, echte Energielieferanten f\u00fcr den Hund.[\/vc_column_text][vc_custom_heading text=&#8221;Hundefutter mit viel Fleisch?&#8221; font_container=&#8221;tag:h3|text_align:left|color:%232b1910&#8243; use_theme_fonts=&#8221;yes&#8221;][vc_column_text]Einige Leute denken, dass Hunde viel Fleisch essen sollten, weil sie von W\u00f6lfen abstammen und deshalb dazu bestimmt sind, Fleisch zu essen.<\/p>\n<p>Und tats\u00e4chlich stammt der Hund vom Wolf ab, der stoffwechseltechnisch auf Fleischfresser ausgelegt ist, denn davon lebte er. Der Wolf konnte keine w\u00e4rmebehandelten Kohlenhydrate fressen. Aber in der Zucht des Hundes ist etwas Genetisches passiert. Schlie\u00dflich sieht ein Chihuahua nicht sehr wie ein Wolf aus. Und im Inneren gab es auch einige Dinge, bei denen es sich besser an das Essen menschlicher Nahrung angepasst hat, weil es dies seit vielen Jahrtausenden getan hat.[\/vc_column_text][\/vc_column][vc_column width=&#8221;1\/6&#8243;][\/vc_column][\/vc_row][vc_row full_width=&#8221;stretch_row&#8221; css=&#8221;.vc_custom_1611485958140{padding-top: 60px !important;padding-bottom: 80px !important;background-color: #0b2945 !important;}&#8221; el_id=&#8221;Anmeldung&#8221;][vc_column width=&#8221;1\/6&#8243;][\/vc_column][vc_column width=&#8221;4\/6&#8243;][vc_custom_heading text=&#8221;Hilf dem Klima \ud83c\udf0d&#8221; font_container=&#8221;tag:h2|text_align:left|color:%23d54966&#8243; use_theme_fonts=&#8221;yes&#8221;][vc_column_text]<span style=\"color: #fff9f7;\">Helfen Sie mit, klimafreundliches und vegetarisches Hundefutter zu entwickeln oder probieren Sie es als Erster aus. Melden Sie sich hier an und erhalten Sie weitere Informationen<\/span>[\/vc_column_text]<div class=\"konte-subscribe-box konte-subscribe-box--style2   \">\n\t\t\t\t\n\t\t\t\t\n\t\t\t\t[mc4wp_form id=\"229756\"]\n\t\t\t<\/div>[\/vc_column][vc_column width=&#8221;1\/6&#8243;][\/vc_column][\/vc_row][vc_row css=&#8221;.vc_custom_1611485972566{padding-top: 60px !important;}&#8221; el_id=&#8221;Produkte&#8221;][vc_column width=&#8221;1\/6&#8243;][\/vc_column][vc_column width=&#8221;4\/6&#8243;][vc_custom_heading text=&#8221;Stellen Sie noch heute auf klimafreundlicheres und vegetarisches Hundefutter um&#8221; font_container=&#8221;tag:h2|text_align:left|color:%23d54966&#8243; use_theme_fonts=&#8221;yes&#8221; css=&#8221;.vc_custom_1611320018227{padding-bottom: 30px !important;}&#8221;][vc_column_text]<strong><span style=\"color: #2b1910;\">W\u00e4hrend wir mehr vegetarisches Hundefutter entwickeln, k\u00f6nnen Sie unsere Risotto-Rezepte ausprobieren. Indem wir das k\u00f6stliche Fleisch mit Reis und Gem\u00fcse erg\u00e4nzen, k\u00f6nnen wir f\u00fcr eine gesunde Ern\u00e4hrung mit einem kleineren Klimafu\u00dfabdruck sorgen.<\/span><\/strong><\/p>\n<p><span style=\"color: #2b1910;\">Wir haben Rezepte mit H\u00e4hnchen- und Schweinefleisch sowie gesundem Gem\u00fcse, das mit Vitaminen und Mineralstoffen gef\u00fcllt ist. Alle Zutaten stammen von nordischen Bauernh\u00f6fen, so bleibt es lokal und wir unterst\u00fctzen damit das Klima. Mit M\u00c6T von M\u00c6T k\u00f6nnen Sie sicher sein, dass das Futter Ihres Hundes nicht auf l\u00e4ngeren Interkontinentalfl\u00fcgen oder Seewegen von \/ nach China war, die enorme Mengen an CO2 produzieren.<\/span>[\/vc_column_text][vc_custom_heading text=&#8221;Vitamine, Ballaststoffe und pflanzliche Proteine aus gesundem nordischen Gem\u00fcse&#8221; font_container=&#8221;tag:h3|text_align:left|color:%23d54966&#8243; use_theme_fonts=&#8221;yes&#8221; css=&#8221;.vc_custom_1611489152267{padding-bottom: 30px !important;}&#8221;][\/vc_column][vc_column width=&#8221;1\/6&#8243;][\/vc_column][vc_column]<div class=\"konte-product-grid konte-products  \"><div class=\"woocommerce columns-3 \"><ul class=\"products hover-slider columns-3\"><li class=\"product type-product post-231332 status-publish first outofstock product_cat-hundemad product_tag-hundemad-laks product_tag-risotto has-post-thumbnail taxable shipping-taxable purchasable product-type-simple\">\n\t<div class=\"product-inner\"><span class=\"woocommerce-badges woocommerce-badges--round\"><span class=\"sold-out woocommerce-badge\"><span>Udsolgt<\/span><\/span><\/span><div class=\"product-thumbnail\"><a href=\"https:\/\/maetpets.com\/produkt\/hundefoder-med-laks-salmon-risotto\/\" class=\"woocommerce-LoopProduct-link woocommerce-loop-product__link\"><img loading=\"lazy\" decoding=\"async\" width=\"555\" height=\"555\" src=\"https:\/\/maetpets.com\/wp-content\/uploads\/hundefoder-med-laks-sassy-salmon-risotto-maet-pets.jpg\" class=\"attachment-woocommerce_thumbnail size-woocommerce_thumbnail\" alt=\"M\u00c6T Hundefoder med laks\" srcset=\"https:\/\/maetpets.com\/wp-content\/uploads\/hundefoder-med-laks-sassy-salmon-risotto-maet-pets.jpg 555w, https:\/\/maetpets.com\/wp-content\/uploads\/hundefoder-med-laks-sassy-salmon-risotto-maet-pets-300x300.jpg 300w, https:\/\/maetpets.com\/wp-content\/uploads\/hundefoder-med-laks-sassy-salmon-risotto-maet-pets-150x150.jpg 150w\" sizes=\"auto, (max-width: 555px) 100vw, 555px\" \/><\/a><\/div><div class=\"product-summary\"><h2 class=\"woocommerce-loop-product__title\"><a href=\"https:\/\/maetpets.com\/produkt\/hundefoder-med-laks-salmon-risotto\/\" class=\"woocommerce-LoopProduct-link woocommerce-loop-product__link\">Salmon Risotto &#8211; Hundefoder med laks<\/a><\/h2>\n\t<span class=\"price\"><span class=\"woocommerce-Price-amount amount\"><bdi>45,00&nbsp;<span class=\"woocommerce-Price-currencySymbol\">kr.<\/span><\/bdi><\/span><\/span>\n<div class=\"buttons clearfix\"><a href=\"https:\/\/maetpets.com\/produkt\/hundefoder-med-laks-salmon-risotto\/\" aria-describedby=\"woocommerce_loop_add_to_cart_link_describedby_231332\" data-quantity=\"1\" class=\"button product_type_simple woocommerce-loop-product__button\" data-product_id=\"231332\" data-product_sku=\"MAET103\" aria-label=\"Lese mehr \u00fcber &#8222;Salmon Risotto - Hundefoder med laks&#8220;\" rel=\"nofollow\" data-success_message=\"\">Weiterlesen<\/a>\t<span id=\"woocommerce_loop_add_to_cart_link_describedby_231332\" class=\"screen-reader-text\">\n\t\t\t<\/span>\n<\/div><\/div><\/div><\/li>\n<li class=\"product type-product post-61 status-publish outofstock product_cat-hundemad product_tag-hundefoder-med-aeg product_tag-hundemad-kylling product_tag-risotto has-post-thumbnail taxable shipping-taxable purchasable product-type-simple\">\n\t<div class=\"product-inner\"><span class=\"woocommerce-badges woocommerce-badges--round\"><span class=\"sold-out woocommerce-badge\"><span>Udsolgt<\/span><\/span><\/span><div class=\"product-thumbnail product-thumbnails--slider\"><a href=\"https:\/\/maetpets.com\/produkt\/chicken-feast-risotto-frisk-hundemad\/\" class=\"woocommerce-LoopProduct-link woocommerce-loop-product__link\"><img loading=\"lazy\" decoding=\"async\" width=\"680\" height=\"680\" src=\"https:\/\/maetpets.com\/wp-content\/uploads\/chicken_feast_ingredients_maet_tall-680x680.jpg\" class=\"attachment-woocommerce_thumbnail size-woocommerce_thumbnail\" alt=\"Chicken Risotto\" srcset=\"https:\/\/maetpets.com\/wp-content\/uploads\/chicken_feast_ingredients_maet_tall-680x680.jpg 680w, https:\/\/maetpets.com\/wp-content\/uploads\/chicken_feast_ingredients_maet_tall-150x150.jpg 150w\" sizes=\"auto, (max-width: 680px) 100vw, 680px\" \/><\/a><a href=\"https:\/\/maetpets.com\/produkt\/chicken-feast-risotto-frisk-hundemad\/\" class=\"woocommerce-LoopProduct-link woocommerce-loop-product__link\"><img data-lazy=\"https:\/\/maetpets.com\/wp-content\/uploads\/chicken-risotto.jpg\" width=\"680\" height=\"539\" alt=\"Chicken Risotto\" class=\"slick-loading\"><\/a><\/div><div class=\"product-summary\"><h2 class=\"woocommerce-loop-product__title\"><a href=\"https:\/\/maetpets.com\/produkt\/chicken-feast-risotto-frisk-hundemad\/\" class=\"woocommerce-LoopProduct-link woocommerce-loop-product__link\">Chicken Risotto<\/a><\/h2>\n\t<span class=\"price\"><span class=\"woocommerce-Price-amount amount\"><bdi>45,00&nbsp;<span class=\"woocommerce-Price-currencySymbol\">kr.<\/span><\/bdi><\/span><\/span>\n<div class=\"buttons clearfix\"><a href=\"https:\/\/maetpets.com\/produkt\/chicken-feast-risotto-frisk-hundemad\/\" aria-describedby=\"woocommerce_loop_add_to_cart_link_describedby_61\" data-quantity=\"1\" class=\"button product_type_simple woocommerce-loop-product__button\" data-product_id=\"61\" data-product_sku=\"MAET101\" aria-label=\"Lese mehr \u00fcber &#8222;Chicken Risotto&#8220;\" rel=\"nofollow\" data-success_message=\"\">Weiterlesen<\/a>\t<span id=\"woocommerce_loop_add_to_cart_link_describedby_61\" class=\"screen-reader-text\">\n\t\t\t<\/span>\n<\/div><\/div><\/div><\/li>\n<li class=\"product type-product post-229534 status-publish last outofstock product_cat-hundemad product_tag-hundemad-gris product_tag-risotto has-post-thumbnail taxable shipping-taxable purchasable product-type-simple\">\n\t<div class=\"product-inner\"><span class=\"woocommerce-badges woocommerce-badges--round\"><span class=\"sold-out woocommerce-badge\"><span>Udsolgt<\/span><\/span><\/span><div class=\"product-thumbnail product-thumbnails--slider\"><a href=\"https:\/\/maetpets.com\/produkt\/pork-party-risotto-frisk-hundemad\/\" class=\"woocommerce-LoopProduct-link woocommerce-loop-product__link\"><img loading=\"lazy\" decoding=\"async\" width=\"680\" height=\"680\" src=\"https:\/\/maetpets.com\/wp-content\/uploads\/pork_party_tall_maet-1-680x680.jpg\" class=\"attachment-woocommerce_thumbnail size-woocommerce_thumbnail\" alt=\"Pork Risotto\" srcset=\"https:\/\/maetpets.com\/wp-content\/uploads\/pork_party_tall_maet-1-680x680.jpg 680w, https:\/\/maetpets.com\/wp-content\/uploads\/pork_party_tall_maet-1-150x150.jpg 150w\" sizes=\"auto, (max-width: 680px) 100vw, 680px\" \/><\/a><a href=\"https:\/\/maetpets.com\/produkt\/pork-party-risotto-frisk-hundemad\/\" class=\"woocommerce-LoopProduct-link woocommerce-loop-product__link\"><img data-lazy=\"https:\/\/maetpets.com\/wp-content\/uploads\/pork-risotto-maet-pets.jpg\" width=\"680\" height=\"544\" alt=\"Pork Risotto\" class=\"slick-loading\"><\/a><\/div><div class=\"product-summary\"><h2 class=\"woocommerce-loop-product__title\"><a href=\"https:\/\/maetpets.com\/produkt\/pork-party-risotto-frisk-hundemad\/\" class=\"woocommerce-LoopProduct-link woocommerce-loop-product__link\">Pork Risotto<\/a><\/h2>\n\t<span class=\"price\"><span class=\"woocommerce-Price-amount amount\"><bdi>45,00&nbsp;<span class=\"woocommerce-Price-currencySymbol\">kr.<\/span><\/bdi><\/span><\/span>\n<div class=\"buttons clearfix\"><a href=\"https:\/\/maetpets.com\/produkt\/pork-party-risotto-frisk-hundemad\/\" aria-describedby=\"woocommerce_loop_add_to_cart_link_describedby_229534\" data-quantity=\"1\" class=\"button product_type_simple woocommerce-loop-product__button\" data-product_id=\"229534\" data-product_sku=\"MAET102\" aria-label=\"Lese mehr \u00fcber &#8222;Pork Risotto&#8220;\" rel=\"nofollow\" data-success_message=\"\">Weiterlesen<\/a>\t<span id=\"woocommerce_loop_add_to_cart_link_describedby_229534\" class=\"screen-reader-text\">\n\t\t\t<\/span>\n<\/div><\/div><\/div><\/li>\n<\/ul><\/div><\/div>[\/vc_column][\/vc_row]<\/p>\n<\/div>","protected":false},"excerpt":{"rendered":"<p>[vc_row full_width=&#8221;stretch_row&#8221; css=&#8221;.vc_custom_1611487500242{padding-top: 60px !important;background-color: #fff9f7 !important;}&#8221;][vc_column width=&#8221;1\/6&#8243;][\/vc_column][vc_column width=&#8221;4\/6&#8243;][vc_column_text]Der Hund ist der beste Freund des Menschen, aber wie wir Menschen haben auch unsere Hunde einen gro\u00dfen Klimafu\u00dfabdruck. Ist vegetarisches Hundefutter&hellip;<\/p>\n","protected":false},"author":1,"featured_media":235094,"parent":0,"menu_order":0,"comment_status":"closed","ping_status":"closed","template":"","meta":{"inline_featured_image":false,"footnotes":""},"class_list":["post-242067","page","type-page","status-publish","has-post-thumbnail","hentry"],"_links":{"self":[{"href":"https:\/\/maetpets.com\/de\/wp-json\/wp\/v2\/pages\/242067","targetHints":{"allow":["GET"]}}],"collection":[{"href":"https:\/\/maetpets.com\/de\/wp-json\/wp\/v2\/pages"}],"about":[{"href":"https:\/\/maetpets.com\/de\/wp-json\/wp\/v2\/types\/page"}],"author":[{"embeddable":true,"href":"https:\/\/maetpets.com\/de\/wp-json\/wp\/v2\/users\/1"}],"replies":[{"embeddable":true,"href":"https:\/\/maetpets.com\/de\/wp-json\/wp\/v2\/comments?post=242067"}],"version-history":[{"count":0,"href":"https:\/\/maetpets.com\/de\/wp-json\/wp\/v2\/pages\/242067\/revisions"}],"wp:featuredmedia":[{"embeddable":true,"href":"https:\/\/maetpets.com\/de\/wp-json\/wp\/v2\/media\/235094"}],"wp:attachment":[{"href":"https:\/\/maetpets.com\/de\/wp-json\/wp\/v2\/media?parent=242067"}],"curies":[{"name":"wp","href":"https:\/\/api.w.org\/{rel}","templated":true}]}}