{"id":242066,"date":"2022-05-20T20:53:13","date_gmt":"2022-05-20T18:53:13","guid":{"rendered":"https:\/\/maetpets.com\/partnerschaften\/"},"modified":"2022-05-20T20:53:30","modified_gmt":"2022-05-20T18:53:30","slug":"partnerschaften","status":"publish","type":"page","link":"https:\/\/maetpets.com\/de\/partnerschaften\/","title":{"rendered":"Partnerschaften"},"content":{"rendered":"\n<p>Wir arbeiten mit <a class=\"rank-math-link\" href=\"#ambassador\"><span style=\"text-decoration: underline\">Botschaftern<\/span><\/a> , <a class=\"rank-math-link\" href=\"#shops\"><span style=\"text-decoration: underline\">Gesch\u00e4ften<\/span><\/a> , <a class=\"rank-math-link\" href=\"#kennels\"><span style=\"text-decoration: underline\">Z\u00fcchtern<\/span><\/a> und <a class=\"rank-math-link\" href=\"#vets\"><span style=\"text-decoration: underline\">Tier\u00e4rzten<\/span><\/a> zusammen. Gemeinsam ist unseren Partnern, dass ihre wichtigsten Werte Liebe, Qualit\u00e4t und Professionalit\u00e4t sind. Sehen Sie unten, mit wem wir zusammenarbeiten, und schreiben Sie schlie\u00dflich, wenn Sie zusammenarbeiten m\u00f6chten.<\/p>\n\n<h2 class=\"wp-block-heading\" id=\"ambassador\">Botschafter<\/h2>\n\n<p>Wir bei M\u00c6T haben das gro\u00dfe Gl\u00fcck, einige wunderbare Botschafter zu haben, die unsere Produkte testen und dabei helfen, die guten Nachrichten zu verbreiten. Hier kannst du sie treffen:<\/p>\n\n<ul class=\"wp-block-list\"><li>Albus &#8211; <a href=\"https:\/\/www.instagram.com\/albus_danskspids\/\" target=\"_blank\" rel=\"noreferrer noopener\"><span style=\"text-decoration: underline;\">@albus_danskspids<\/span><\/a><\/li><li>Alix &amp; das Rudel &#8211; <a href=\"https:\/\/www.instagram.com\/alixandthepack\/\" target=\"_blank\" rel=\"noreferrer noopener\"><span style=\"text-decoration: underline;\">@alixandthepack<\/span><\/a><\/li><li>F\u00fcnfeinhalb-Hunde-Rudel \u2013 <a href=\"https:\/\/www.instagram.com\/fiveandahalfdogpack\/\" target=\"_blank\" rel=\"noreferrer noopener\"><span style=\"text-decoration: underline;\">@fiveandahalfdogpack<\/span><\/a><\/li><li>Freja &#8211; <a href=\"https:\/\/www.instagram.com\/littlebigfreja\/\" target=\"_blank\" rel=\"noreferrer noopener\"><span style=\"text-decoration: underline;\">@littlebigfreja<\/span><\/a><\/li><li>Lilo &#8211; <a href=\"https:\/\/www.instagram.com\/lilotheaustralianshepherd\/\" target=\"_blank\" rel=\"noreferrer noopener\"><span style=\"text-decoration: underline;\">@lilotheaustralianshepherd<\/span><\/a><\/li><li>Melek &#8211; <a href=\"https:\/\/www.instagram.com\/melekthedoodle\/\" data-type=\"URL\" data-id=\"https:\/\/www.instagram.com\/melekthedoodle\/\" target=\"_blank\" rel=\"noreferrer noopener\"><span style=\"text-decoration: underline;\">@melekthedoodle<\/span><\/a><\/li><li>Melis, Milo und Sandy \u2013 <a href=\"https:\/\/www.instagram.com\/melismortensen\/\" data-type=\"URL\" data-id=\"https:\/\/www.instagram.com\/melismortensen\/\" target=\"_blank\" rel=\"noreferrer noopener\"><span style=\"text-decoration: underline;\">@melismortensen<\/span><\/a><\/li><li>Geist und Diesel &#8211; <a href=\"https:\/\/www.instagram.com\/zumas_spirit\/\" target=\"_blank\" rel=\"noreferrer noopener\"><span style=\"text-decoration: underline;\">@zumas_spirit<\/span><\/a><\/li><\/ul>\n\n<h3 class=\"wp-block-heading\" id=\"krav-for-at-vaere-ambassador-hos-os\">Voraussetzungen um Botschafter bei uns zu werden:<\/h3>\n\n<ul class=\"wp-block-list\"><li>Sie sind ein Hundeelternteil, kein Hundebesitzer. Du verbringst deine ganze Freizeit mit deinem Hund und machst so viele Fotos von deinem Hund, dass er ein eigenes Instagram hat. Sie unterst\u00fctzen gerne kleine Unternehmen bei der nordischen Produktion. Und Sie lieben das frische Hundefutter M\u00c6T .<\/li><li>Als M\u00c6T -Botschafter sind Sie kein \u201eWerbehund\u201c bei anderen Hundefutterunternehmen.<\/li><li>Sie machen kanonisch gute Bilder und Videos, die wir f\u00fcr unser Marketing verwenden k\u00f6nnen.<\/li><li>Sie haben eine gro\u00dfe Anzahl von Followern, denen Sie M\u00c6T k\u00f6nnen.<\/li><\/ul>\n\n<h3 class=\"wp-block-heading\" id=\"hvad-far-du-fra-os\">Was bekommen Sie von uns: <\/h3>\n\n<ul class=\"wp-block-list\"><li>Sie erhalten ein exklusives Rabattprogramm auf unser leckeres frisches Hundefutter<\/li><li>Du bekommst regelm\u00e4\u00dfig Aufgaben zugeschickt und hilfst uns, gesundes Hundefutter bekannter zu machen<\/li><li>Sie werden in allen unseren sozialen Medien vorgestellt und zu einer etwas gr\u00f6\u00dferen Ber\u00fchmtheit.<\/li><\/ul>\n\n<p>Wir haben keine Bindung, und Sie \/ wir k\u00f6nnen unsere Zusammenarbeit jederzeit beenden, wenn sie nicht optimal funktioniert.<\/p>\n\n<h2 class=\"wp-block-heading\" id=\"shops\">Gesch\u00e4fte<\/h2>\n\n<p><a href=\"https:\/\/maetpets.com\/forhandlere\/\" data-type=\"page\" data-id=\"233411\"><span style=\"text-decoration: underline\">Hier finden Sie alle M\u00c6T H\u00e4ndler<\/span><\/a> . Wir suchen weitere Gesch\u00e4fte, die unser frisches Hundefutter verkaufen m\u00f6chten \u2013 schreiben Sie uns an <a class=\"rank-math-link\" href=\"mailto:wuf@maetpets.com\" target=\"_blank\" rel=\"noreferrer noopener\"><span style=\"text-decoration: underline\">wuf@maetpets.com<\/span><\/a> , um mehr zu erfahren.<\/p>\n\n<h2 class=\"wp-block-heading\" id=\"kennels\">Z\u00fcchter<\/h2>\n\n<p>M\u00c6T ist f\u00fcr den qualit\u00e4tsbewussten Z\u00fcchter, der den besten Start f\u00fcr seine Hunde schaffen m\u00f6chte. Mit M\u00c6T sind Sie sicher, dass Ihre Hunde die optimale Ern\u00e4hrung bekommen.<\/p>\n\n<p>Sie werden bereits in den ersten 3-4 Wochen Ergebnisse sp\u00fcren. Insbesondere in Bezug auf das Wohlbefinden und die allgemeine Gesundheit Ihrer Welpen. Die Sonderpreise erm\u00f6glichen es allen Z\u00fcchtern, sich f\u00fcr M\u00c6T zu entscheiden.<\/p>\n\n<p>W\u00e4hlen Sie unsere k\u00f6stlichen Welpenpakete, die selbstverst\u00e4ndlich sind, wenn Sie sicherstellen m\u00f6chten, dass Ihre Welpen den bestm\u00f6glichen Start ins Leben bekommen. Der Start, der es ihnen erm\u00f6glicht, sich zu gesunden, fitten und aktiven Hunden zu entwickeln. Und wir sind immer f\u00fcr Sie da, wenn Sie Fragen haben oder eine Anleitung ben\u00f6tigen.<\/p>\n\n<p>Senden Sie eine E-Mail an <a class=\"rank-math-link\" href=\"mailto:wuf@maetpets.com\">wuf@maetpets.com<\/a> oder rufen <a class=\"rank-math-link\" href=\"tel:+4589805155\">Sie 8980 5155 an<\/a> . Dann versprechen wir, dass wir Ihnen helfen werden, Ihre Fragen zu beantworten und die richtige Entscheidung zu treffen. Ein M\u00c6T -Hund ist ein gl\u00fccklicher Hund.<\/p>\n\n<p>Wir arbeiten derzeit. zusammen mit:<\/p>\n\n<ul class=\"wp-block-list\"><li><a aria-label=\"Kennel Equilibrate (opens in a new tab)\" class=\"rank-math-link\" href=\"https:\/\/www.instagram.com\/kennel_equilibrate\/\" target=\"_blank\" rel=\"noreferrer noopener\"><span style=\"text-decoration: underline;\">Zwinger-\u00c4quilibrierung<\/span><\/a><\/li><li><a href=\"https:\/\/www.instagram.com\/enchanting_lumi\/\" target=\"_blank\" rel=\"noreferrer noopener\"><span style=\"text-decoration: underline;\">Der Zwinger von Primal Hound<\/span><\/a><\/li><li><a href=\"https:\/\/www.aymilu.com\/\" target=\"_blank\" rel=\"noreferrer noopener\"><span style=\"text-decoration: underline;\">Zwinger Aymilu<\/span><\/a> &#8211; <a href=\"https:\/\/www.instagram.com\/kennel_aymilu\/\" target=\"_blank\" rel=\"noreferrer noopener\"><span style=\"text-decoration: underline;\">@kennel_aymilu<\/span><\/a><\/li><\/ul>\n\n<p>Wir freuen uns, von Ihnen zu h\u00f6ren!<\/p>\n\n<p><\/p>\n\n<h2 class=\"wp-block-heading\" id=\"vets\">Tier\u00e4rzte<\/h2>\n\n<ul class=\"wp-block-list\"><li><a href=\"https:\/\/osterbrodyreklinik.dk\/\" class=\"rank-math-link\" target=\"_blank\" rel=\"noopener\"><span style=\"text-decoration: underline\">\u00d8sterbro Tierklinik<\/span><\/a><\/li><\/ul>\n\n<p>Unser frisches Hundefutter wird von einem Hundeern\u00e4hrungsberater entwickelt. Wir m\u00f6chten mit fortschrittlichen Tier\u00e4rzten zusammenarbeiten, die sich f\u00fcr Hundeern\u00e4hrung interessieren. Schreiben Sie uns an <a rel=\"noreferrer noopener\" href=\"mailto:wuf@maetpets.com\" target=\"_blank\">wuf@maetpets.com<\/a> , um mehr zu erfahren.<\/p>\n","protected":false},"excerpt":{"rendered":"<p>Wir arbeiten mit Botschaftern , Gesch\u00e4ften , Z\u00fcchtern und Tier\u00e4rzten zusammen. Gemeinsam ist unseren Partnern, dass ihre wichtigsten Werte Liebe, Qualit\u00e4t und Professionalit\u00e4t sind. Sehen Sie unten, mit wem wir&hellip;<\/p>\n","protected":false},"author":1,"featured_media":0,"parent":0,"menu_order":0,"comment_status":"closed","ping_status":"closed","template":"","meta":{"inline_featured_image":false,"footnotes":""},"class_list":["post-242066","page","type-page","status-publish","hentry"],"_links":{"self":[{"href":"https:\/\/maetpets.com\/de\/wp-json\/wp\/v2\/pages\/242066","targetHints":{"allow":["GET"]}}],"collection":[{"href":"https:\/\/maetpets.com\/de\/wp-json\/wp\/v2\/pages"}],"about":[{"href":"https:\/\/maetpets.com\/de\/wp-json\/wp\/v2\/types\/page"}],"author":[{"embeddable":true,"href":"https:\/\/maetpets.com\/de\/wp-json\/wp\/v2\/users\/1"}],"replies":[{"embeddable":true,"href":"https:\/\/maetpets.com\/de\/wp-json\/wp\/v2\/comments?post=242066"}],"version-history":[{"count":0,"href":"https:\/\/maetpets.com\/de\/wp-json\/wp\/v2\/pages\/242066\/revisions"}],"wp:attachment":[{"href":"https:\/\/maetpets.com\/de\/wp-json\/wp\/v2\/media?parent=242066"}],"curies":[{"name":"wp","href":"https:\/\/api.w.org\/{rel}","templated":true}]}}