{"id":241624,"date":"2022-05-20T20:32:26","date_gmt":"2022-05-20T18:32:26","guid":{"rendered":"https:\/\/maetpets.com\/cookie-und-datenschutzrichtlinie\/"},"modified":"2022-05-20T20:32:26","modified_gmt":"2022-05-20T18:32:26","slug":"cookie-und-datenschutzrichtlinie","status":"publish","type":"page","link":"https:\/\/maetpets.com\/de\/cookie-und-datenschutzrichtlinie\/","title":{"rendered":"Cookie- und Datenschutzrichtlinie"},"content":{"rendered":"<h2>Einf\u00fchrung<\/h2>\n<p class=\"lead\">Wenn Sie unsere Website besuchen, werden Informationen \u00fcber Sie gesammelt, die verwendet werden, um unsere Inhalte anzupassen und zu verbessern und den Wert der auf der Seite angezeigten Anzeigen zu steigern. Wenn Sie keine Erfassung von Informationen w\u00fcnschen, sollten Sie Ihre Cookies l\u00f6schen ( <a href=\"http:\/\/minecookies.org\/cookiehandtering\" target=\"_blank\" rel=\"noopener\">siehe Anleitung<\/a> ) und die weitere Nutzung der Website unterlassen. Nachfolgend haben wir erl\u00e4utert, welche Informationen gesammelt werden, welchen Zweck sie haben und welche Dritten Zugriff darauf haben.<\/p>\n<h2>Kekse<\/h2>\n<p class=\"lead\">Die Website verwendet \u201eCookies\u201c, das sind Textdateien, die auf Ihrem Computer, Handy oder \u00e4hnlichem gespeichert werden. \u00e4hnlich zum Zweck der Wiedererkennung, Speicherung von Einstellungen, Durchf\u00fchrung von Statistiken und Ausrichtung von Anzeigen. Cookies k\u00f6nnen keinen Schadcode wie z Virus.<\/p>\n<p>Es ist m\u00f6glich, Cookies zu l\u00f6schen oder zu blockieren. Siehe Anleitung: <a href=\"http:\/\/minecookies.org\/cookiehandtering\" target=\"_blank\" rel=\"noopener\">siehe Anleitung<\/a> .<\/p>\n<p>Wenn Sie Cookies l\u00f6schen oder blockieren, werden Anzeigen f\u00fcr Sie m\u00f6glicherweise weniger relevant und erscheinen h\u00e4ufiger. Sie riskieren auch, dass die Website nicht optimal funktioniert und dass es Inhalte gibt, auf die Sie nicht zugreifen k\u00f6nnen.<\/p>\n<p>Die Website enth\u00e4lt Cookies von Drittanbietern, die in unterschiedlichem Ma\u00dfe Folgendes umfassen k\u00f6nnen:<\/p>\n<table id=\"CookieTable\" class=\"table table-striped table-bordered mb-5\">\n<thead>\n<tr>\n<th scope=\"col\">Pl\u00e4tzchen<\/th>\n<th scope=\"col\">Beschreibung<\/th>\n<th scope=\"col\">Dauer<\/th>\n<th scope=\"col\">Typ<\/th>\n<\/tr>\n<\/thead>\n<tbody>\n<tr>\n<td>__cfduid<\/td>\n<td>Das Cookie wird von CloudFare gesetzt. Das Cookie wird verwendet, um einzelne Clients hinter einer gemeinsamen IP-Adresse zu identifizieren und Sicherheitseinstellungen pro Client anzuwenden. Es entspricht keiner Benutzer-ID in der Webanwendung und speichert keine personenbezogenen Daten.<\/td>\n<td>4 Wochen<\/td>\n<td>Notwendig<\/td>\n<\/tr>\n<tr>\n<td>_gehen<\/td>\n<td>Dieses Cookie wird von Google Analytics installiert. Das Cookie wird verwendet, um Besucher-, Sitzungs- und Kampagnendaten zu berechnen und die Nutzung der Website f\u00fcr den Analysebericht der Website zu verfolgen. Die Cookies speichern Informationen anonym und weisen eine zuf\u00e4llig generierte Nummer zu, um eindeutige Besucher zu identifizieren.<\/td>\n<td>zwei Jahre<\/td>\n<td>Analytik<\/td>\n<\/tr>\n<tr>\n<td>_d\u00fcrfen<\/td>\n<td>Dieses Cookie wird von Google Analytics installiert. Das Cookie wird verwendet, um Informationen dar\u00fcber zu speichern, wie Besucher eine Website nutzen, und hilft bei der Erstellung eines Analyseberichts dar\u00fcber, wie es der Website geht. Die gesammelten Daten umfassen die Anzahl der Besucher, die Herkunftsquelle und die besuchten Seiten in anonymisierter Form.<\/td>\n<td>1 Tag<\/td>\n<td>Analytik<\/td>\n<\/tr>\n<tr>\n<td>_gat_gtag_UA_168707817_2<\/td>\n<td>Google verwendet dieses Cookie, um Benutzer zu unterscheiden.<\/td>\n<td>1 Minute<\/td>\n<td>Analytik<\/td>\n<\/tr>\n<tr>\n<td>_fbp<\/td>\n<td>Dieses Cookie wird von Facebook gesetzt, um Werbung zu liefern, wenn sie nach dem Besuch dieser Website auf Facebook oder einer digitalen Plattform sind, die von Facebook-Werbung betrieben wird.<\/td>\n<td>2 Monate<\/td>\n<td>Anzeige<\/td>\n<\/tr>\n<tr>\n<td>fr<\/td>\n<td>Das Cookie wird von Facebook gesetzt, um den Nutzern relevante Werbung zu zeigen und die Werbung zu messen und zu verbessern. Das Cookie verfolgt auch das Verhalten des Benutzers im Internet auf Websites mit Facebook-Pixel oder Facebook-Social-Plug-in.<\/td>\n<td>2 Monate<\/td>\n<td>Anzeige<\/td>\n<\/tr>\n<tr>\n<td>__hstc<\/td>\n<td>Dieses Cookie wird von Hubspot gesetzt und zum Tracking von Besuchern verwendet. Es enth\u00e4lt die Dom\u00e4ne, utk, den anf\u00e4nglichen Zeitstempel (erster Besuch), den letzten Zeitstempel (letzter Besuch), den aktuellen Zeitstempel (dieser Besuch) und die Sitzungsnummer (Inkremente f\u00fcr jede nachfolgende Sitzung).<\/td>\n<td>1 Jahr<\/td>\n<td>Analytik<\/td>\n<\/tr>\n<tr>\n<td>hubspotutk<\/td>\n<td>Dieses Cookie wird von HubSpot verwendet, um die Besucher der Website zu verfolgen. Dieses Cookie wird beim Absenden des Formulars an Hubspot \u00fcbergeben und beim Deduplizieren von Kontakten verwendet.<\/td>\n<td>1 Jahr<\/td>\n<td>Analytik<\/td>\n<\/tr>\n<tr>\n<td>__hssrc<\/td>\n<td>Dieses Cookie wird von Hubspot gesetzt. Laut ihrer Dokumentation wird dieses Cookie immer dann gesetzt, wenn HubSpot das Sitzungscookie \u00e4ndert, um festzustellen, ob der Besucher seinen Browser neu gestartet hat. Wenn dieses Cookie nicht vorhanden ist, wenn HubSpot Cookies verwaltet, wird dies als neue Sitzung betrachtet.<\/td>\n<td><\/td>\n<td>Notwendig<\/td>\n<\/tr>\n<tr>\n<td>__hssc<\/td>\n<td>Dieses Cookie wird bei HubSpot gesetzt. Der Zweck des Cookies besteht darin, Sitzungen zu verfolgen. Dies wird verwendet, um zu bestimmen, ob HubSpot die Sitzungsnummer und die Zeitstempel im __hstc-Cookie erh\u00f6hen soll. Es enth\u00e4lt die Dom\u00e4ne, viewCount (erh\u00f6ht jeden Seitenaufruf in einer Sitzung) und den Zeitstempel des Sitzungsstarts.<\/td>\n<td>30 Minuten<\/td>\n<td>Funktionell<\/td>\n<\/tr>\n<\/tbody>\n<\/table>\n<h2>Pers\u00f6nliche Informationen<\/h2>\n<h2>Im Allgemeinen<\/h2>\n<p class=\"lead\">Personenbezogene Daten sind alle Arten von Informationen, die Ihnen bis zu einem gewissen Grad zugeordnet werden k\u00f6nnen. Wenn Sie unsere Website nutzen, erheben und verarbeiten wir eine Reihe solcher Informationen. Es passiert z.B. von Alm. Zugriff auf Inhalte, wenn Sie sich f\u00fcr unseren Newsletter anmelden, an Wettbewerben oder Umfragen teilnehmen, sich als Benutzer oder Abonnent registrieren, die Dienste anderweitig nutzen oder \u00fcber die Website einkaufen.<\/p>\n<p>Wir erfassen und verarbeiten normalerweise die folgenden Arten von Informationen: Eine eindeutige ID und technische Informationen \u00fcber Ihren Computer, Ihr Tablet oder Mobiltelefon, Ihre IP-Nummer, Ihren geografischen Standort und welche Seiten Sie anklicken (Interessen). Soweit Sie selbst dem ausdr\u00fccklich zustimmen und die Daten selbst eingeben, werden au\u00dferdem verarbeitet: Name, Telefonnummer, E-Mail, Adresse und Zahlungsinformationen. Dies geschieht in der Regel im Zusammenhang mit der Erstellung eines Logins oder dem Kauf.<\/p>\n<h2>Sicherheit<\/h2>\n<p class=\"lead\">Wir haben technische und organisatorische Ma\u00dfnahmen getroffen, damit Ihre Daten nicht versehentlich oder unrechtm\u00e4\u00dfig gel\u00f6scht, ver\u00f6ffentlicht, verloren, beeintr\u00e4chtigt oder unbefugten Personen zur Kenntnis gebracht, missbraucht oder auf sonstige Weise rechtswidrig verarbeitet werden.<\/p>\n<h2>Zweck<\/h2>\n<p class=\"lead\">Die Informationen werden verwendet, um Sie als Benutzer zu identifizieren und Ihnen die Anzeigen zu zeigen, die am wahrscheinlichsten f\u00fcr Sie relevant sind, um Ihre Eink\u00e4ufe und Zahlungen zu registrieren und um die von Ihnen angeforderten Dienste bereitstellen zu k\u00f6nnen, wie z. einen Newsletter zu versenden. Dar\u00fcber hinaus verwenden wir die Informationen, um unsere Dienste und Inhalte zu optimieren.<\/p>\n<h2>Dauer der Speicherung<\/h2>\n<p class=\"lead\">Die Informationen werden f\u00fcr den gesetzlich zul\u00e4ssigen Zeitraum gespeichert und wir l\u00f6schen sie, wenn sie nicht mehr ben\u00f6tigt werden. Die Dauer h\u00e4ngt von der Art der Informationen und dem Hintergrund der Speicherung ab. Es ist daher nicht m\u00f6glich, einen allgemeinen Zeitraum f\u00fcr die L\u00f6schung von Informationen anzugeben.<\/p>\n<h2>Offenlegung von Informationen<\/h2>\n<p class=\"lead\">Daten \u00fcber Ihre Nutzung der Website, welche Werbung Sie erhalten und ggf Klicks auf, geografischer Standort, Geschlecht und Alterssegment usw. werden an Dritte weitergegeben, sofern diese Informationen bekannt sind. Um welche Drittanbieter es sich handelt, k\u00f6nnen Sie oben im Abschnitt \u201eCookies\u201c sehen. Die Informationen werden zur zielgerichteten Werbung verwendet.<\/p>\n<p>Dar\u00fcber hinaus verwenden wir eine Reihe von Drittanbietern f\u00fcr die Speicherung und Verarbeitung von Daten. Diese verarbeiten Informationen ausschlie\u00dflich in unserem Auftrag und d\u00fcrfen diese nicht f\u00fcr eigene Zwecke verwenden.<\/p>\n<p>Die Weitergabe pers\u00f6nlicher Daten wie Name und E-Mail etc. erfolgt nur, wenn Sie damit einverstanden sind. Wir verwenden nur Datenverarbeiter in der EU oder in L\u00e4ndern, die Ihre Daten angemessen sch\u00fctzen k\u00f6nnen.<\/p>\n<h2>Einsichten und Beschwerden<\/h2>\n<p class=\"lead\">Sie haben das Recht, Auskunft \u00fcber die von uns \u00fcber Sie verarbeiteten personenbezogenen Daten zu erhalten. Sie k\u00f6nnen der Nutzung der Informationen auch jederzeit widersprechen. Sie k\u00f6nnen auch Ihre Einwilligung zur Verarbeitung von Informationen \u00fcber Sie widerrufen. Wenn die \u00fcber Sie verarbeiteten Informationen unrichtig sind, haben Sie das Recht, diese berichtigen oder l\u00f6schen zu lassen. Anfragen hierzu richten Sie bitte an: <a href=\"mailto:wuf@maetpets.com\">wuf@maetpets.com<\/a> . Wenn Sie sich \u00fcber unsere Verarbeitung Ihrer personenbezogenen Daten beschweren m\u00f6chten, haben Sie auch die M\u00f6glichkeit, sich an die <a href=\"http:\/\/www.datatilsynet.dk\/\" target=\"_blank\" rel=\"noopener\">d\u00e4nische Datenschutzbeh\u00f6rde<\/a> zu wenden.<\/p>\n<p class=\"lead\">Wir sind eine sichere Website, weshalb wir Teil der <a href=\"https:\/\/online-tryghed.dk\/sikre-sider\/\" target=\"_blank\" rel=\"noopener\">sicheren Websites von Online-tryghed.dk sind<\/a> <a href=\"https:\/\/online-tryghed.dk\/sikre-sider\/\" target=\"_blank\" rel=\"noopener\"><img loading=\"lazy\" decoding=\"async\" src=\"https:\/\/online-tryghed.dk\/wp-content\/uploads\/2019\/07\/Online-tryghed-logo-1.png\" alt=\"Online Tryghed  \" width=\"35\" height=\"35\" border=\"0\"><\/a><\/p>\n<h2>Verleger<\/h2>\n<p class=\"lead\">Die Website ist Eigentum und wird ver\u00f6ffentlicht von:<\/p>\n<p>M\u00c6T Haustiere ApS<br \/>\n\u00c5rhusgade 60<br \/>\n2100 Kopenhagen Ost<br \/>\nD\u00e4nemark<br \/>\nE: <a href=\"mailto:wuf@maetpets.com\">wuf@maetpets.com<\/a><br \/>\nT: <a href=\"tel:+4589805155\">+45 8980 5155<\/a><br \/>\nW: <a href=\"https:\/\/maetpets.com\/de\/\">maetpets.com<\/a><\/p>\n<p>CVR-Nr.: 41314575<\/p>\n","protected":false},"excerpt":{"rendered":"<p>Einf\u00fchrung Wenn Sie unsere Website besuchen, werden Informationen \u00fcber Sie gesammelt, die verwendet werden, um unsere Inhalte anzupassen und zu verbessern und den Wert der auf der Seite angezeigten Anzeigen&hellip;<\/p>\n","protected":false},"author":1,"featured_media":0,"parent":0,"menu_order":0,"comment_status":"closed","ping_status":"open","template":"","meta":{"inline_featured_image":false,"footnotes":""},"class_list":["post-241624","page","type-page","status-publish","hentry"],"_links":{"self":[{"href":"https:\/\/maetpets.com\/de\/wp-json\/wp\/v2\/pages\/241624","targetHints":{"allow":["GET"]}}],"collection":[{"href":"https:\/\/maetpets.com\/de\/wp-json\/wp\/v2\/pages"}],"about":[{"href":"https:\/\/maetpets.com\/de\/wp-json\/wp\/v2\/types\/page"}],"author":[{"embeddable":true,"href":"https:\/\/maetpets.com\/de\/wp-json\/wp\/v2\/users\/1"}],"replies":[{"embeddable":true,"href":"https:\/\/maetpets.com\/de\/wp-json\/wp\/v2\/comments?post=241624"}],"version-history":[{"count":0,"href":"https:\/\/maetpets.com\/de\/wp-json\/wp\/v2\/pages\/241624\/revisions"}],"wp:attachment":[{"href":"https:\/\/maetpets.com\/de\/wp-json\/wp\/v2\/media?parent=241624"}],"curies":[{"name":"wp","href":"https:\/\/api.w.org\/{rel}","templated":true}]}}