{"id":239984,"date":"2021-01-15T14:33:10","date_gmt":"2021-01-15T13:33:10","guid":{"rendered":"https:\/\/maetpets.com\/so-starten-sie-mit-frischem-hundefutter\/"},"modified":"2022-05-20T20:32:11","modified_gmt":"2022-05-20T18:32:11","slug":"so-starten-sie-mit-frischem-hundefutter","status":"publish","type":"page","link":"https:\/\/maetpets.com\/de\/so-starten-sie-mit-frischem-hundefutter\/","title":{"rendered":"So starten Sie mit frischem Hundefutter"},"content":{"rendered":"<div class=\"wpb-content-wrapper\"><p>[vc_row full_width=&#8221;stretch_row&#8221; css=&#8221;.vc_custom_1610713193456{padding-top: 60px !important;padding-bottom: 60px !important;background-color: #fff9f7 !important;}&#8221;][vc_column width=&#8221;1\/6&#8243;][\/vc_column][vc_column width=&#8221;4\/6&#8243;][vc_column_text]<\/p>\n<p><span style=\"font-weight: 400; color: #2b1910;\">Man kan servere frisk hundemad for sin hund p\u00e5 mange m\u00e5der; som fuldfoder eller som et sundt supplement. Ved fuldfodring skal man give sin hund den daglige anbefalede dosis, og hvis man bruger M\u00c6T som supplement, kan det friske mad gives som en sund snack, en l\u00e6kker treat eller s\u00e5gar en godbid p\u00e5 g\u00e5turen.<\/span><\/p>\n<p>[\/vc_column_text][vc_column_text]<\/p>\n<h2><span style=\"font-weight: 400;\">Opskrifter af en hunde-di\u00e6tist<\/span><\/h2>\n<p><span style=\"font-weight: 400;\">Vores friske hundemad kan nydes af alle hunde. Det er lavet af en dygtig hundeern\u00e6ringsekspert, som har udviklet opskrifterne ud fra, hvad en hunds daglige ern\u00e6ringsbehov er. Det skal v\u00e6re nemt at fodre sin hund med frisk og sund hundemad.\u00a0<\/span><\/p>\n<p>[\/vc_column_text][vc_column_text]<\/p>\n<p>\n<p>[\/vc_column_text][\/vc_column][vc_column width=&#8221;1\/6&#8243;][\/vc_column][\/vc_row][vc_row full_width=&#8221;stretch_row&#8221; css=&#8221;.vc_custom_1610713877855{padding-top: 60px !important;padding-bottom: 60px !important;background-color: #0b2945 !important;}&#8221;][vc_column width=&#8221;1\/6&#8243;][\/vc_column][vc_column width=&#8221;4\/6&#8243;][vc_custom_heading text=&#8221;Frischfutter ist am besten \u2013 auch f\u00fcr Hunde&#8221; font_container=&#8221;tag:h2|text_align:left|color:%23d54966&#8243; use_theme_fonts=&#8221;yes&#8221; css=&#8221;.vc_custom_1610714042289{padding-bottom: 30px !important;}&#8221;][vc_column_text]<\/p>\n<ul>\n<li><span style=\"font-weight: 400; color: #fff9f7;\">Alle Rezepte beinhalten frisches Fleisch und gesundes Gem\u00fcse voller Vitamine, Mineralien und Ballaststoffe.<\/span><\/li>\n<li><span style=\"font-weight: 400; color: #fff9f7;\">Unser frisches Hundefutter enth\u00e4lt keine Konservierungs- oder Zusatzstoffe.<\/span><\/li>\n<li><span style=\"font-weight: 400; color: #fff9f7;\">Die Aufnahme der vollst\u00e4ndigen Mahlzeiten von M\u00c6T betr\u00e4gt bis zu 86 %<\/span><\/li>\n<li><span style=\"font-weight: 400; color: #fff9f7;\">Der Wassergehalt betr\u00e4gt 56 % und hat somit einen nat\u00fcrlichen Fl\u00fcssigkeitshaushalt.<\/span><\/li>\n<li><span style=\"font-weight: 400; color: #fff9f7;\">Die frischen Mahlzeiten sollten gek\u00fchlt aufbewahrt werden, da die Lebensmittel frisch sind.<\/span><\/li>\n<li><span style=\"font-weight: 400; color: #fff9f7;\">Die Haltbarkeit von frischem Hundefutter betr\u00e4gt 3 Monate unge\u00f6ffnet und 3-4 Tage ge\u00f6ffnet im K\u00fchlschrank<\/span><\/li>\n<li><span style=\"font-weight: 400; color: #fff9f7;\">Das Risotto-Rezept von M\u00c6T enth\u00e4lt Reis, der besonders gut f\u00fcr den Magen ist<\/span><\/li>\n<li><span style=\"font-weight: 400; color: #fff9f7;\">Die Deli-Rezeptur von M\u00c6T enth\u00e4lt 80 % Fleisch und eignet sich besonders gut f\u00fcr Hunde, die viel Protein ben\u00f6tigen und auf ihr Gewicht achten m\u00fcssen.<\/span><\/li>\n<\/ul>\n<p>[\/vc_column_text][\/vc_column][vc_column width=&#8221;1\/6&#8243;][\/vc_column][\/vc_row][vc_row full_width=&#8221;stretch_row&#8221; css=&#8221;.vc_custom_1610716895378{padding-top: 30px !important;background-color: #fff9f7 !important;}&#8221; el_id=&#8221;Anfang&#8221;][vc_column width=&#8221;1\/6&#8243;][\/vc_column][vc_column width=&#8221;4\/6&#8243;][vc_column_text]<\/p>\n<h2><span style=\"font-weight: 400; color: #2b1910;\">Wie starte ich mit MEASURE?<\/span><\/h2>\n<p><span style=\"font-weight: 400; color: #2b1910;\">Es besteht kein Grund zur Sorge oder Verwirrung. Die kompletten Mahlzeiten von M\u00c6T nehmen Sie direkt aus dem K\u00fchlschrank und servieren sie Ihrem Hund. Es ist einfach! Unsere Rezepte beinhalten frisches Fleisch, Gem\u00fcse \u2013 und unser Risotto-Rezept enth\u00e4lt Reis f\u00fcr Hunde, die Hilfe brauchen, um ihren Magen im Auge zu behalten, oder f\u00fcr den aktiven Welpen, der zus\u00e4tzliche Energie braucht.<\/span><\/p>\n<h3><span style=\"font-weight: 400; color: #2b1910;\">Beginnen Sie mit der Anleitung zur vollst\u00e4ndigen F\u00fctterung<\/span><\/h3>\n<p><span style=\"font-weight: 400; color: #2b1910;\">Wenn Sie Ihren Hund mit der vollst\u00e4ndigen F\u00fctterung von M\u00c6T&#8217;s frischen und vollst\u00e4ndigen Mahlzeiten beginnen m\u00fcssen, empfehlen wir oft, dass Sie mit der Umstellung ruhig beginnen. Manche Hunde k\u00f6nnen heftig mit Magenverstimmung reagieren, wenn Sie abrupt anfangen, w\u00e4hrend andere Hunde keinen Unterschied bemerken. Wenn Sie ruhig anfangen m\u00f6chten, dann k\u00f6nnen Sie Ihrem Hund einfach 10 % der empfohlenen Tagesdosis geben und mit 90 % seiner normalen Nahrung kombinieren.<\/span><\/p>\n<p><span style=\"font-weight: 400; color: #2b1910;\">Einige Hunde brauchen ein oder zwei Wochen, um allm\u00e4hlich auf die vollst\u00e4ndige F\u00fctterung mit SATIS umzustellen, w\u00e4hrend andere dies in ein paar Tagen tun k\u00f6nnen.<\/span><\/p>\n<p>[\/vc_column_text][\/vc_column][vc_column width=&#8221;1\/6&#8243;][\/vc_column][\/vc_row][vc_row full_width=&#8221;stretch_row&#8221; css=&#8221;.vc_custom_1610717354011{padding-top: 30px !important;background-color: #fff9f7 !important;}&#8221; el_id=&#8221;wie viel&#8221;][vc_column width=&#8221;1\/6&#8243;][\/vc_column][vc_column width=&#8221;4\/6&#8243;][vc_column_text]<\/p>\n<h2>Wie viel Futter sollte ein Hund haben?<\/h2>\n<p>Ein voll mit FLEISCH ern\u00e4hrter ausgewachsener Hund muss ca. T\u00e4glich 2,5-3 % des K\u00f6rpergewichts an frischem Hundefutter. Wenn Sie Ihrem Hund unsere Risotto-Rezeptur geben, liegt die empfohlene Tagesdosis bei etwa 2,5 %, bei unserer Deli-Rezeptur bei 3 % des K\u00f6rpergewichts des Hundes.<\/p>\n<p>Da jedoch alle Hunde unterschiedlich sind und je nach Alter, Aktivit\u00e4tsgrad und Stoffwechsel unterschiedliche Bed\u00fcrfnisse haben k\u00f6nnen, m\u00fcssen Sie als Hundehalter auf die Gesundheit Ihres Hundes achten.<\/p>\n<p>[\/vc_column_text][vc_column_text]<\/p>\n<h3><span style=\"font-weight: 400;\">Hunderasse<\/span><\/h3>\n<p><span style=\"font-weight: 400;\">Hunde k\u00f6nnen sehr unterschiedlich sein und haben daher auch unterschiedliche Bed\u00fcrfnisse in Sachen Futter. Beispielsweise ben\u00f6tigt eine kleine Hunderasse nicht so viel Futter wie eine gro\u00dfe Hunderasse. Man muss auch bedenken, dass kleine Hunde einen h\u00f6heren Stoffwechsel haben als gro\u00dfe Hunde, also mehr Kalorien pro Portion ben\u00f6tigen. kg als gr\u00f6\u00dfere Hunde.<\/span><\/p>\n<h3><span style=\"font-weight: 400;\">Das Energieniveau Ihres Hundes<\/span><\/h3>\n<p><span style=\"font-weight: 400;\">Man kann zwei verschiedene Hunderassen nehmen, die das gleiche Gewicht haben, und sie k\u00f6nnen aufgrund ihres Energieniveaus sehr unterschiedliche Nahrungsbed\u00fcrfnisse haben. Aktive Hunde brauchen also eine Ern\u00e4hrung, die mehr Fett enth\u00e4lt als andere Hunde. Daher m\u00fcssen Sie sich als Hundebesitzer bewusst sein, welche Hunderasse Sie haben, wie viel Energie sie haben und wie sie leben.<\/span><\/p>\n<h3><span style=\"font-weight: 400;\">F\u00fctterung von Welpen und \u00e4lteren Hunden<\/span><\/h3>\n<p><span style=\"font-weight: 400;\">Welpen sind sehr aktiv und verbrennen daher auch schnell die Kalorien, die sie im Laufe des Tages bekommen. Dar\u00fcber hinaus wachsen Welpen schnell und brauchen eine ausgewogene Ern\u00e4hrung, die reich an allen wichtigen N\u00e4hrstoffen ist, wie z. Proteine, Fette und bestimmte Vitamine und Mineralstoffe. <\/span><span style=\"font-weight: 400;\">Welpen brauchen zus\u00e4tzliches Kalzium und Phosphor f\u00fcr ihre wachsenden Knochen. Es ist daher gut, mit A38 oder Ymer zu erg\u00e4nzen. Sie k\u00f6nnen auch dezidiert Welpenfutter als Erg\u00e4nzung kaufen.<\/span><\/p>\n<p><span style=\"text-decoration: underline;\"><strong><a href=\"https:\/\/maetpets.com\/de\/wie-viel-futter-sollte-ein-welpe-haben\/\">Hier k\u00f6nnen Sie mehr \u00fcber die Welpenf\u00fctterung lesen.<\/a><\/strong><\/span><\/p>\n<p><span style=\"font-weight: 400;\">Nat\u00fcrlich braucht auch ein erwachsener Hund eine abwechslungsreiche und ausgewogene Ern\u00e4hrung, um ein gesundes und aktives Leben zu f\u00fchren, w\u00e4hrend ein \u00e4lterer Hund, der weniger aktiv ist, weniger Futter und eine geringere Fettaufnahme ben\u00f6tigt, um sein Gewicht zu halten. <\/span><\/p>\n<p><span style=\"font-weight: 400;\">Mit zunehmendem Alter sind Hunde anf\u00e4lliger f\u00fcr bestimmte Krankheiten, genau wie wir Menschen. Diese Erkrankungen k\u00f6nnen z.B. B. Nierenerkrankungen oder Harnwegsinfektionen sein, und als Hundebesitzer m\u00fcssen Sie sich der Ver\u00e4nderungen im Verhalten und in den F\u00e4higkeiten Ihres Hundes bewusst sein. <\/span><span style=\"font-weight: 400;\">Stellen Sie sicher, dass Sie bei Gelenk- und Fellproblemen eine zus\u00e4tzliche Erg\u00e4nzung von \u00d6len wie Omega-3 geben.<\/span><\/p>\n<h2><span style=\"font-weight: 400;\">Sollte ich Fleischmahlzeiten etwas hinzuf\u00fcgen?<\/span><\/h2>\n<p><span style=\"font-weight: 400;\">SATIS ist ein Alleinfuttermittel f\u00fcr alle Hunde, unabh\u00e4ngig von Rasse, Geschlecht, Alter oder Aktivit\u00e4tsgrad, aber wenn Sie einen heranwachsenden Welpen haben, denken Sie daran, etwas zus\u00e4tzliches Kalzium und Phosphor in Form von A38 oder Ymer hinzuzuf\u00fcgen. Wenn Sie hingegen einen \u00e4lteren Hund haben, denken Sie daran, bei eventuellen Gelenk- und Fellproblemen auf eine zus\u00e4tzliche \u00d6lerg\u00e4nzung zu achten.<\/span><\/p>\n<p>[\/vc_column_text][\/vc_column][vc_column width=&#8221;1\/6&#8243;][\/vc_column][\/vc_row][vc_row full_width=&#8221;stretch_row&#8221; css=&#8221;.vc_custom_1610718252190{padding-top: 60px !important;background-color: #0b2945 !important;}&#8221; el_id=&#8221;w\u00e4hlerisch&#8221;][vc_column width=&#8221;7\/12&#8243;][vc_single_image image=&#8221;231158&#8243; img_size=&#8221;full&#8221; style=&#8221;vc_box_circle&#8221;][\/vc_column][vc_column width=&#8221;5\/12&#8243;][vc_custom_heading text=&#8221;Was ist mit meinem superw\u00e4hlerischen Hund?&#8221; font_container=&#8221;tag:h2|text_align:left|color:%23d54966&#8243; use_theme_fonts=&#8221;yes&#8221; css=&#8221;.vc_custom_1644482606285{padding-bottom: 30px !important;}&#8221;][vc_column_text]<\/p>\n<p><span style=\"font-weight: 400; color: #fff9f7;\">Wir bei M\u00c6T haben umfangreiche Erfahrung mit w\u00e4hlerischen Hunden. Sie sind w\u00e4hlerische Esser, bis sie unser frisches Hundefutter probieren. Der Grund daf\u00fcr muss sein, dass wir frische Zutaten und gesunde Zutaten verwenden, die unglaublich gut in der Nase der Hunde riechen und schmecken, und der Futternapf daher in Rekordzeit geleert ist. <\/span><\/p>\n<p><span style=\"font-weight: 400; color: #fff9f7;\">Sie k\u00f6nnen m\u00f6glicherweise Verschieben Sie die Mahlzeit, bevor Sie SAT hinzuf\u00fcgen, um sicherzustellen, dass Ihr Hund besonders hungrig ist und einen guten Appetit hat, wenn Sie zum ersten Mal frisches Hundefutter probieren.<\/span><\/p>\n<p>[\/vc_column_text][\/vc_column][\/vc_row][vc_row full_width=&#8221;stretch_row&#8221; full_height=&#8221;yes&#8221; css=&#8221;.vc_custom_1610717360784{background-color: #fff9f7 !important;}&#8221;][vc_column width=&#8221;5\/12&#8243;][vc_column_text]<\/p>\n<div id=\"rank-math-faq\" class=\"rank-math-block\">\n<div class=\"rank-math-list \">\n<div id=\"faq-question-1610918215418\" class=\"rank-math-list-item\">\n<h2 class=\"rank-math-question \">Wie oft sollte ein Hund fressen?<\/h2>\n<div class=\"rank-math-answer \">\n\n<p>Es wird empfohlen, dass Sie Ihren erwachsenen Hund zweimal t\u00e4glich morgens und abends f\u00fcttern. Der Grund daf\u00fcr ist, dass die Nahrung gleichm\u00e4\u00dfiger verteilt wird und es f\u00fcr die Verdauung des Hundes am besten ist, zwei Mal am Tag zu f\u00fcttern. <\/p>\n\n<\/div>\n<\/div>\n<\/div>\n<\/div>\n<p>[\/vc_column_text][vc_column_text]<\/p>\n<div id=\"rank-math-faq\" class=\"rank-math-block\">\n<div class=\"rank-math-list \">\n<div id=\"faq-question-1610918406223\" class=\"rank-math-list-item\">\n<h3 class=\"rank-math-question \">Wie viele Mahlzeiten sollte ein Hund haben?<\/h3>\n<div class=\"rank-math-answer \">\n\n<p>Stellen Sie au\u00dferdem sicher, dass Ihr Hund jeden Tag ungef\u00e4hr zur gleichen Zeit gef\u00fcttert wird, da dies zu einer gesunden Verdauung Ihres Hundes beitr\u00e4gt. <\/p>\n\n<\/div>\n<\/div>\n<\/div>\n<\/div><p>[\/vc_column_text][\/vc_column][vc_column width=&#8221;7\/12&#8243;][vc_single_image image=&#8221;230405&#8243; img_size=&#8221;full&#8221;][\/vc_column][\/vc_row][vc_row full_width=&#8221;stretch_row&#8221; css=&#8221;.vc_custom_1610717175698{padding-top: 60px !important;background-color: #0b2945 !important;}&#8221;][vc_column width=&#8221;5\/12&#8243;][vc_custom_heading text=&#8221;Probieren Sie frisches Hundefutter&#8221; font_container=&#8221;tag:h2|text_align:left|color:%23d54966&#8243; use_theme_fonts=&#8221;yes&#8221; css=&#8221;.vc_custom_1610717163492{padding-bottom: 30px !important;}&#8221;][vc_column_text]<span style=\"font-weight: 400; color: #fff9f7;\">Das frische Hundefutter von M\u00c6T kann allen Hunden unabh\u00e4ngig von Rasse, Geschlecht, Alter und Aktivit\u00e4tsgrad verabreicht werden, obwohl es urspr\u00fcnglich f\u00fcr den normalen erwachsenen Hund hergestellt wurde. FLEISCH wird als vollwertige Vollnahrung bezeichnet, wir weisen jedoch darauf hin, dass manche Hunde \u2013 je nach Alter und Zustand \u2013 zus\u00e4tzliche Erg\u00e4nzungen in Form von Vitaminen, Mineralstoffen oder \u00d6len ben\u00f6tigen. <\/span><\/p>\n<p><span style=\"font-weight: 400; color: #fff9f7;\">Es war noch nie einfacher, Ihrem Hund eine komplette, frische Mahlzeit zu servieren!<\/span>[\/vc_column_text]<a href=\"https:\/\/maetpets.com\/de\/maet-frisches-hundefutter\/\" title=\"Gesundes Hundefutter\" class=\"konte-button button-normal text-default align-inline normal   button rounded\">Probieren Sie unser frisches Hundefutter<\/a><div class=\"konte-empty-space \" aria-hidden=\"true\"><div class=\"konte-empty-space__xs visible-xs\" style=\"height:0px\"><\/div><div class=\"konte-empty-space__sm visible-sm\" style=\"height:60px\"><\/div><div class=\"konte-empty-space__md visible-md\" style=\"height:60px\"><\/div><div class=\"konte-empty-space__lg visible-lg\" style=\"height:60px\"><\/div><\/div>[\/vc_column][vc_column width=&#8221;7\/12&#8243;][vc_single_image image=&#8221;230750&#8243; img_size=&#8221;full&#8221; alignment=&#8221;right&#8221;][\/vc_column][\/vc_row]<\/p>\n<\/div>","protected":false},"excerpt":{"rendered":"<p>[vc_row full_width=&#8221;stretch_row&#8221; css=&#8221;.vc_custom_1610713193456{padding-top: 60px !important;padding-bottom: 60px !important;background-color: #fff9f7 !important;}&#8221;][vc_column width=&#8221;1\/6&#8243;][\/vc_column][vc_column width=&#8221;4\/6&#8243;][vc_column_text] Man kan servere frisk hundemad for sin hund p\u00e5 mange m\u00e5der; som fuldfoder eller som et sundt supplement. Ved&hellip;<\/p>\n","protected":false},"author":1,"featured_media":251954,"parent":0,"menu_order":0,"comment_status":"closed","ping_status":"closed","template":"","meta":{"inline_featured_image":false,"footnotes":""},"class_list":["post-239984","page","type-page","status-publish","has-post-thumbnail","hentry"],"_links":{"self":[{"href":"https:\/\/maetpets.com\/de\/wp-json\/wp\/v2\/pages\/239984","targetHints":{"allow":["GET"]}}],"collection":[{"href":"https:\/\/maetpets.com\/de\/wp-json\/wp\/v2\/pages"}],"about":[{"href":"https:\/\/maetpets.com\/de\/wp-json\/wp\/v2\/types\/page"}],"author":[{"embeddable":true,"href":"https:\/\/maetpets.com\/de\/wp-json\/wp\/v2\/users\/1"}],"replies":[{"embeddable":true,"href":"https:\/\/maetpets.com\/de\/wp-json\/wp\/v2\/comments?post=239984"}],"version-history":[{"count":0,"href":"https:\/\/maetpets.com\/de\/wp-json\/wp\/v2\/pages\/239984\/revisions"}],"wp:featuredmedia":[{"embeddable":true,"href":"https:\/\/maetpets.com\/de\/wp-json\/wp\/v2\/media\/251954"}],"wp:attachment":[{"href":"https:\/\/maetpets.com\/de\/wp-json\/wp\/v2\/media?parent=239984"}],"curies":[{"name":"wp","href":"https:\/\/api.w.org\/{rel}","templated":true}]}}