{"id":239627,"date":"2018-08-30T09:43:44","date_gmt":"2018-08-30T07:43:44","guid":{"rendered":"https:\/\/maetpets.com\/haeufig-gestellte-fragen\/"},"modified":"2023-08-30T22:03:25","modified_gmt":"2023-08-30T20:03:25","slug":"haeufig-gestellte-fragen-ueber-frisches-hundefutter","status":"publish","type":"page","link":"https:\/\/maetpets.com\/de\/haeufig-gestellte-fragen-ueber-frisches-hundefutter\/","title":{"rendered":"H\u00e4ufig gestellte Fragen"},"content":{"rendered":"\n<h2 class=\"wp-block-heading\">Lieferung<\/h2>\n\n<p><strong>Wann liefern Sie?<\/strong><br\/><br\/>Wir liefern mittwochs zwischen 15-22 Uhr. Wenn du vor Sonntag 18:00 Uhr bestellst, erh\u00e4ltst du deine Lieferung am Mittwoch. Andernfalls erhalten Sie Ihre Lieferung am folgenden Mittwoch. <br\/><br\/>Du erh\u00e4ltst eine E-Mail, wenn deine Lieferung best\u00e4tigt ist, und sp\u00e4ter eine SMS mit einer genaueren Lieferzeit und einer Sendungsverfolgung.<\/p>\n\n<p><strong>Wie viel kostet die Lieferung?  <\/strong><\/p>\n\n<p>Die Lieferung kostet 49 DKK, da wir mit einem f\u00fcr Lebensmittel zugelassenen Transportmittel liefern. Die Lieferung ist ab einem Bestellwert von 600 kr. kostenlos.  <\/p>\n\n<h2 class=\"wp-block-heading\">Abonnement (Hundefutterbox)  <\/h2>\n\n<p><strong>Wann wird meine Zahlung abgebucht?<\/strong><br\/><strong> <\/strong><br\/>Der Betrag wird am Sonntag vor der Lieferung reserviert und am Tag der Lieferung (Mittwoch) abgezogen.  <\/p>\n\n<p><strong>Warum ist meine erste Bestellung 0 \u20ac?<\/strong><br\/><br\/>Wenn du dein Abonnement zum ersten Mal erstellst, kann es sein, dass die erste Bestellung mit 0 \u20ac angezeigt wird. Dies ist eine tempor\u00e4re Platzhalter-Bestellung, da unser System automatisch alle Abonnement-Bestellungen an Sonntagen erstellt. Der richtige Abonnementbetrag wird daher erst am kommenden Sonntag reserviert.<br\/><\/p>\n\n<h2 class=\"wp-block-heading\">M\u00c6T Frisches Hundefutter<\/h2>\n\n<div class=\"wp-block-group\"><div class=\"wp-block-group__inner-container is-layout-flow wp-block-group-is-layout-flow\"><div id=\"rank-math-faq\" class=\"rank-math-block\">\n<div class=\"rank-math-list \">\n<div id=\"faq-question-1608823278989\" class=\"rank-math-list-item\">\n<h3 class=\"rank-math-question \">Was ist frisches Hundefutter?<\/h3>\n<div class=\"rank-math-answer \">\n\n<p>M\u00c6T stellt frisches, leicht zubereitetes Hundefutter f\u00fcr Ihren Hund her, weil es die beste Art der Ern\u00e4hrung ist, die Sie Ihrem Hund geben k\u00f6nnen. Unser frisches Hundefutter ist eine komplette Mahlzeit, die aus Fleisch, Gem\u00fcse, Reis (in Risotto-Mahlzeiten), Vitaminen und Mineralien besteht und leicht gekocht wurde, um die Verdauung deines Hundes zu optimieren.<\/p>\n<p>Unser frisches Hundefutter muss gek\u00fchlt werden, um es frisch zu halten, aber es kann bei Bedarf auch eingefroren werden. Da das frische Hundefutter M\u00c6T keine Konservierungs-, Geschmacks- oder Farbstoffe enth\u00e4lt, erh\u00e4lt Ihr Hund ein v\u00f6llig sauberes Mahlzeitprodukt, das gesund und leicht verdaulich ist. <\/p>\n<p>Im Gegensatz zu gew\u00f6hnlichem Trockenfutter, das nur zu 50 % aufgenommen wird, hat frisches Hundefutter sogar eine Aufnahme von 86 %, weil es gerade gesunde Zutaten sind, die einfach zuzubereiten sind.<\/p>\n<p><a style=\"text-decoration: underline\" class=\"rank-math-link\" href=\"https:\/\/maetpets.com\/de\/was-ist-frisches-hundefutter\/\">Lesen Sie mehr \u00fcber frisches Hundefutter<\/a><br \/><a class=\"rank-math-link\" href=\"https:\/\/maetpets.com\/de\/frisches-hundefutter\/\"><span style=\"text-decoration: underline\">Probieren Sie unser frisches Hundefutter<\/span><\/a><\/p>\n\n<\/div>\n<\/div>\n<div id=\"faq-question-1608823286277\" class=\"rank-math-list-item\">\n<h3 class=\"rank-math-question \">Was ist in ges\u00e4ttigtem frischem Hundefutter?<\/h3>\n<div class=\"rank-math-answer \">\n\n<p>Eine Hundeern\u00e4hrungsberaterin hat alle Rezepte f\u00fcr unser frisches Hundefutter entwickelt. Sie hat die prim\u00e4ren Ern\u00e4hrungsbed\u00fcrfnisse des Hundes, die besten Zutaten und die Verteilung von Proteinen, Vitaminen, Mineralien und Ballaststoffen sorgf\u00e4ltig ber\u00fccksichtigt, damit Ihr Hund die beste Kombination von Zutaten erh\u00e4lt.<\/p>\n<p>Alle unsere Rohstoffe stammen von nordischen Bauernh\u00f6fen und sind von hoher Qualit\u00e4t. Die Produkte von M\u00c6T enthalten keine Konservierungs-, Geschmacks- oder Farbstoffe. Wir f\u00fcgen nur zus\u00e4tzliche Vitamine und Mineralstoffe hinzu, damit Ihr Hund die richtige Menge an N\u00e4hrstoffen in seine Mahlzeiten bekommt.<\/p>\n<p><span style=\"text-decoration: underline\"><a class=\"rank-math-link\" href=\"https:\/\/maetpets.com\/de\/welche-zutaten-sollte-hundefutter-enthalten\/\">Lesen Sie mehr dar\u00fcber, welche Zutaten im Hundefutter wichtig sind<\/a><\/span><\/p>\n\n<\/div>\n<\/div>\n<div id=\"faq-question-1608823480354\" class=\"rank-math-list-item\">\n<h3 class=\"rank-math-question \">Wie stellen wir frisches Hundefutter her?<\/h3>\n<div class=\"rank-math-answer \">\n\n<p>Unser gesundes Hundefutter wird mit frischen Zutaten von nordischen Bauernh\u00f6fen hergestellt. Unsere Rezepte wurden von einem Hundeern\u00e4hrungswissenschaftler entwickelt, um alle Proteine, Vitamine, Mineralien und Ballaststoffe zu liefern, die unsere Hunde brauchen.<\/p>\n<p>Wenn alle frischen Zutaten von den nordischen Bauernh\u00f6fen in unserer K\u00fcche ankommen, werden sie vorbereitet, in ihre Verpackung verpackt und ged\u00fcnstet (Sous Vide), bis sie eine Temperatur von 85 \u00b0 Grad erreichen. Dieses leichte Garen der Zutaten bedeutet, dass die Aufnahme aller N\u00e4hrstoffe bis zu 86% betr\u00e4gt.<\/p>\n<p>Das frische Hundefutter M\u00c6T enth\u00e4lt keine Konservierungsstoffe. Wir f\u00fcgen nur zus\u00e4tzliche Vitamine und Mineralstoffe hinzu. <\/p>\n<p>Die Speisen sind im K\u00fchlschrank (+5 Grad) maximal 3 Monate haltbar. Einmal ge\u00f6ffnet, h\u00e4lt sich das Essen 2-3 Tage im K\u00fchlschrank.<\/p>\n\n<\/div>\n<\/div>\n<div id=\"faq-question-1608823507991\" class=\"rank-math-list-item\">\n<h3 class=\"rank-math-question \">Warum stellt M\u00c6T frisches Hundefutter her?<\/h3>\n<div class=\"rank-math-answer \">\n\n<p>Wir begannen mit der Herstellung von frischem Hundefutter, weil wir entdeckten, dass das Konzept \u201efrisches Hundefutter\u201c in D\u00e4nemark nicht existierte. Selbst f\u00fcr unseren eigenen Hund Lenni fehlte uns gesundes und nahrhaftes Hundefutter. <\/p>\n<p>Wie viele andere Hunde vertr\u00e4gt Lenni kein verarbeitetes Trockenfutter, das entw\u00e4ssert und mit Konservierungsstoffen gef\u00fcllt ist. Als wir im Ausland lebten, war es kein Problem, frisches Hundefutter mit gesunden Zutaten zu finden, aber als wir nach D\u00e4nemark zur\u00fcckkamen, konnten wir es nirgends finden.<\/p>\n<p>Aus diesem Grund haben wir uns entschieden, frisches Hundefutter nach D\u00e4nemark zu bringen, damit mehr Hunde wie Lenni jeden Tag eine gesunde und nahrhafte Mahlzeit mit allen N\u00e4hrstoffen erhalten, die sie ben\u00f6tigen.<\/p>\n<p><span style=\"text-decoration: underline\"><a class=\"rank-math-link\" href=\"https:\/\/maetpets.com\/de\/ueber-messen\/\">Lesen Sie mehr dar\u00fcber, warum wir M\u00c6T<\/a><\/span> .<\/p>\n\n<\/div>\n<\/div>\n<div id=\"faq-question-1608823530106\" class=\"rank-math-list-item\">\n<h3 class=\"rank-math-question \">Wie viel frisches Hundefutter sollte mein Hund haben?<\/h3>\n<div class=\"rank-math-answer \">\n\n<p>Dein Hund sollte das \u00c4quivalent von 2,5 % oder 3 % seines K\u00f6rpergewichts bekommen, geteilt durch die Anzahl der Mahlzeiten, die er pro Tag zu sich nimmt. Der genaue Prozentsatz h\u00e4ngt von der Art des frischen Hundefutters ab, das dein Hund frisst. Ein Hund sollte zum Beispiel 2,5 % H\u00fchnerrisotto und 3 % Schweinedelikatessen haben. Du kannst den Prozentsatz auf der R\u00fcckseite jedes Produkts sehen.  <\/p>\n<p>Auf jeder Produktseite finden Sie eine Tabelle, in der Sie sehen k\u00f6nnen, wie viel frisches Hundefutter Ihr Hund abh\u00e4ngig von seinem Gewicht t\u00e4glich bekommen sollte.<\/p>\n<p>Falls Sie frisches Hundefutter mit einem anderen Hundefutter kombinieren m\u00f6chten, sollten Sie Ihren Hund nur mit ca. 50-65 % der empfohlenen Tagesdosis je nach Aktivit\u00e4t, Bewegung und Snacks Ihres Hundes.<\/p>\n<p><span style=\"text-decoration: underline\"><a class=\"rank-math-link\" href=\"https:\/\/maetpets.com\/de\/so-starten-sie-mit-frischem-hundefutter\/\">Lesen Sie, wie Sie mit der F\u00fctterung von frischem Hundefutter beginnen<\/a><\/span><\/p>\n\n<\/div>\n<\/div>\n<div id=\"faq-question-1612881691881\" class=\"rank-math-list-item\">\n<h3 class=\"rank-math-question \">Kann mein Welpe genug essen?<\/h3>\n<div class=\"rank-math-answer \">\n\n<p>Ja, kann es. Welpen k\u00f6nnen unsere Deli-Mahlzeiten ab einem Alter von 4 Wochen und unsere Risotto-Mahlzeiten ab einem Alter von 8 Wochen fressen. Je nach Rasse sollte ein Welpe 5-8% seines K\u00f6rpergewichts ausmachen. Denke auch daran, Welpenerg\u00e4nzungsfuttermittel zu geben. Hier k\u00f6nnen Sie mehr \u00fcber <a class=\"rank-math-link\" href=\"https:\/\/maetpets.com\/de\/wie-viel-futter-sollte-ein-welpe-haben\/\"><span style=\"text-decoration: underline\">die Welpenf\u00fctterung<\/span><\/a> lesen.<\/p>\n\n<\/div>\n<\/div>\n<div id=\"faq-question-1612881719597\" class=\"rank-math-list-item\">\n<h3 class=\"rank-math-question \">Kann mein \u00e4lterer Hund M\u00c6T essen?<\/h3>\n<div class=\"rank-math-answer \">\n\n<p>Ja, M\u00c6T ist eine vollst\u00e4ndige Mahlzeit, aber nat\u00fcrlich m\u00fcssen Sie daran denken, die Erg\u00e4nzungen hinzuzuf\u00fcgen, die der alternde Hund ben\u00f6tigt.<\/p>\n\n<\/div>\n<\/div>\n<div id=\"faq-question-1612881732506\" class=\"rank-math-list-item\">\n<h3 class=\"rank-math-question \">Ist Roh\/BARF ges\u00e4ttigt?<\/h3>\n<div class=\"rank-math-answer \">\n\n<p>Nein, M\u00c6T ist leicht zu kochen, da unsere Hunde bis zu 86% der Nahrung aufnehmen k\u00f6nnen und alle Bakterien beim Kochen beseitigt werden. Hochwertiges BARF mit Fleisch und Gem\u00fcse ist auch gut &#8211; und viel besser als Trockenfutter &#8211; aber M\u00c6T ist eine komplette Fertigmahlzeit mit allen N\u00e4hrstoffen, die dein Hund braucht. Sie nehmen einfach die W\u00fcrstchen aus dem K\u00fchlschrank und f\u00fcttern Ihren Hund.<\/p>\n<p><a class=\"rank-math-link\" href=\"https:\/\/maetpets.com\/de\/was-ist-frisches-hundefutter\/\"><span style=\"text-decoration: underline\">Lesen Sie mehr \u00fcber unser frisches Hundefutter<\/span><\/a><\/p>\n\n<\/div>\n<\/div>\n<div id=\"faq-question-1612887303273\" class=\"rank-math-list-item\">\n<h3 class=\"rank-math-question \">wo kann man M\u00c6T kaufen?<\/h3>\n<div class=\"rank-math-answer \">\n\n<p>Sie k\u00f6nnen M\u00c6T in ausgew\u00e4hlten Gesch\u00e4ften kaufen, <a href=\"https:\/\/maetpets.com\/forhandlere\/\" data-type=\"page\" data-id=\"233411\"><span style=\"text-decoration: underline\">die gesamte H\u00e4ndlerliste finden Sie hier<\/span><\/a> . Sie k\u00f6nnen unsere Hundefutterboxen auch hier auf der Website mit Lieferung nach Hause bestellen.<\/p>\n\n<\/div>\n<\/div>\n<div id=\"faq-question-1612887463553\" class=\"rank-math-list-item\">\n<h3 class=\"rank-math-question \">WIE KANN ICH ZU M\u00c6T Frisches Hundefutter?<\/h3>\n<div class=\"rank-math-answer \">\n\n<p>Es ist kein Problem, von anderem Hundefutter auf M\u00c6T . Wir empfehlen, die M\u00c6T -Menge jeden Tag schrittweise zu erh\u00f6hen und gleichzeitig die aktuelle F\u00fctterung schrittweise zu reduzieren.<\/p>\n<p><span style=\"text-decoration: underline\"><a class=\"rank-math-link\" href=\"https:\/\/maetpets.com\/de\/so-starten-sie-mit-frischem-hundefutter\/\">Lesen Sie hier, wie Sie ganz einfach auf frisches Hundefutter umsteigen k\u00f6nnen<\/a><\/span><\/p>\n\n<\/div>\n<\/div>\n<div id=\"faq-question-1614594892684\" class=\"rank-math-list-item\">\n<h3 class=\"rank-math-question \">Welches M\u00c6T -Hundefutter ist das Richtige f\u00fcr meinen Hund?<\/h3>\n<div class=\"rank-math-answer \">\n\n<p>M\u00c6T glaubt, dass frisches Hundefutter einen gro\u00dfen Unterschied f\u00fcr die Gesundheit deines Hundes machen kann. Die Wahl zwischen unseren verschiedenen M\u00c6T Rezepturen h\u00e4ngt von den individuellen Bed\u00fcrfnissen und Vorlieben von Ihnen und Ihrem Tier ab. Alle unsere Produkte sind f\u00fcr alle Hunderassen geeignet, es kommt nur auf Ihre pers\u00f6nlichen Vorlieben an.<\/p>\n<p><a class=\"rank-math-link\" href=\"https:\/\/maetpets.com\/de\/frisches-hundefutter\/\"><span style=\"text-decoration: underline\">Lesen Sie mehr \u00fcber unsere Produkte<\/span><\/a><\/p>\n\n<\/div>\n<\/div>\n<div id=\"faq-question-1614594967127\" class=\"rank-math-list-item\">\n<h3 class=\"rank-math-question \">Wie oft sollte ich meinen Hund f\u00fcttern?<\/h3>\n<div class=\"rank-math-answer \">\n\n<p>Eine F\u00fctterung\/Mahlzeit pro Tag kann f\u00fcr einen erwachsenen Hund durchaus ausreichend sein. Neigt Ihr Hund zu Sodbrennen oder \u201en\u00fcchternem Erbrechen\u201c, ist es sinnvoll, das Futter auf mehrere Portionen aufzuteilen und die gr\u00f6\u00dfte davon \u00fcber Nacht anzubieten. Solange die Gesamtfuttermenge nicht zu gro\u00df wird, was zu \u00dcbergewicht f\u00fchren kann, kann es leicht zu mehr F\u00fctterungszeiten am Tag kommen.<\/p>\n<p>Oft sp\u00fcren Hundebesitzer intuitiv, dass es mehr F\u00fctterungszeiten geben sollte, und Hunde lieben die Vorstellung von mehr Futter, was oft dazu f\u00fchrt, dass sie bettelnd am Tisch sitzen. <\/p>\n<p>Wenn Sie Zweifel an der richtigen Futtermenge haben, k\u00f6nnen die Lebensweise und das Wohlbefinden des Hundes mehr dar\u00fcber aussagen. Die Rippen m\u00fcssen unter der Haut f\u00fchlbar sein und es darf keine dicke Fettschicht auf R\u00fccken und Ges\u00e4\u00df liegen.<\/p>\n<p>Ein paar Faustregeln zum Verzehr von Hundefutter:<\/p>\n<p>&#8211; Wenn es drau\u00dfen kalt ist, verbrauchen Hunde mehr Energie als wenn es hei\u00df ist, was bedeutet, dass Hunde im Winter mehr essen.<br \/>&#8211; Hormonaktivit\u00e4t und Schwangerschaft wirken sich auch auf Konsum und Appetit aus. <br \/>&#8211; Der Aktivit\u00e4tsgrad des Hundes nutzt nat\u00fcrlich auch den Energiebedarf. Ein entspannter Couchhund braucht weniger Futter als ein aktiver und energischer Hund.<\/p>\n\n<\/div>\n<\/div>\n<div id=\"faq-question-1619594656360\" class=\"rank-math-list-item\">\n<h3 class=\"rank-math-question \">Wie lange sind die W\u00fcrste unge\u00f6ffnet haltbar?<\/h3>\n<div class=\"rank-math-answer \">\n\n<p>Wir erhitzen das frische Hundefutter so, dass es ab Produktionsdatum unge\u00f6ffnet maximal 3 Monate haltbar ist. Sobald du die Produkte erh\u00e4ltst, halten sie in der Regel zwischen einigen Wochen und 1,5 Monaten.<\/p>\n<p>Ge\u00f6ffnet und gek\u00fchlt bleiben die Produkte 2-3 Tage frisch. Sie m\u00fcssen immer gek\u00fchlt werden, da keine k\u00fcnstlichen Konservierungs-, Farb- oder Geschmacksstoffe hinzugef\u00fcgt werden. So k\u00f6nnen Sie das frische Hundefutter guten Gewissens servieren.<\/p>\n\n<\/div>\n<\/div>\n<div id=\"faq-question-1632474414127\" class=\"rank-math-list-item\">\n<h3 class=\"rank-math-question \">Kannst du M\u00c6T einfrieren?<\/h3>\n<div class=\"rank-math-answer \">\n\n<p>  Ja, du kannst frisches Hundefutter einfrieren. Vor allem Feinkostl\u00e4den eignen sich hervorragend zum Einfrieren. Bitte beachte jedoch, dass die Lebensmittel nicht mehr als einmal aufgetaut werden d\u00fcrfen. Deshalb empfehlen wir, dass du deine Lebensmittel vor dem Einfrieren in Portionen aufteilst &#8211; so musst du nur auftauen, was du brauchst.<\/p>\n<p>Der Verbraucherrat THINK schreibt, dass Fertiggerichte 1-3 Monate im Gefrierschrank bleiben k\u00f6nnen, daher empfehlen wir f\u00fcr unser Hundefutter den gleichen Zeitraum.<\/p>\n\n<\/div>\n<\/div>\n<div id=\"faq-question-1631512159307\" class=\"rank-math-list-item\">\n<h3 class=\"rank-math-question \">Warum haben Ihre Produkte eine kurze Haltbarkeit?<\/h3>\n<div class=\"rank-math-answer \">\n\n<p>Kurze Haltbarkeit ist nur ein Beispiel daf\u00fcr, dass unsere Lebensmittel ohne Konservierungsstoffe frisch und hochwertig sind und daher sofort verzehrt werden m\u00fcssen. Genau wie die leckeren Lebensmittel, die Sie selbst kaufen, soll auch unser Hundefutter sofort im Magen des Hundes sein.<\/p>\n\n<\/div>\n<\/div>\n<div id=\"faq-question-1632063757768\" class=\"rank-math-list-item\">\n<h3 class=\"rank-math-question \">Wer hat Ihre Mahlzeiten zubereitet \/ zusammengestellt?<\/h3>\n<div class=\"rank-math-answer \">\n\n<p>Wir haben mit Hundeern\u00e4hrungsexperten der Universit\u00e4t Helsinki zusammengearbeitet, die sich auf Hundeern\u00e4hrung (MSc. Animal Science) spezialisiert haben. <a href=\"https:\/\/maetpets.com\/de\/was-ist-frisches-hundefutter\/\"><span style=\"text-decoration: underline\">Lies hier mehr dar\u00fcber, wie wir frisches Hundefutter herstellen.<\/span><\/a><\/p>\n\n<\/div>\n<\/div>\n<\/div>\n<\/div><\/div><\/div>\n\n<p><\/p>\n\n<p><br\/>Wenn du noch Fragen hast, schicke bitte eine E-Mail an <a href=\"mailto:wuf@maetpets.com\">\n  <span style=\"text-decoration: underline;\">wuf@maetpets.com<\/span>\n<\/a> oder nutze unseren Chat auf der Website.<\/p>\n","protected":false},"excerpt":{"rendered":"<p>Lieferung Wann liefern Sie? Wir liefern mittwochs zwischen 15-22 Uhr. Wenn du vor Sonntag 18:00 Uhr bestellst, erh\u00e4ltst du deine Lieferung am Mittwoch. Andernfalls erhalten Sie Ihre Lieferung am folgenden&hellip;<\/p>\n","protected":false},"author":1,"featured_media":234717,"parent":0,"menu_order":0,"comment_status":"closed","ping_status":"closed","template":"","meta":{"inline_featured_image":false,"footnotes":""},"class_list":["post-239627","page","type-page","status-publish","has-post-thumbnail","hentry"],"_links":{"self":[{"href":"https:\/\/maetpets.com\/de\/wp-json\/wp\/v2\/pages\/239627","targetHints":{"allow":["GET"]}}],"collection":[{"href":"https:\/\/maetpets.com\/de\/wp-json\/wp\/v2\/pages"}],"about":[{"href":"https:\/\/maetpets.com\/de\/wp-json\/wp\/v2\/types\/page"}],"author":[{"embeddable":true,"href":"https:\/\/maetpets.com\/de\/wp-json\/wp\/v2\/users\/1"}],"replies":[{"embeddable":true,"href":"https:\/\/maetpets.com\/de\/wp-json\/wp\/v2\/comments?post=239627"}],"version-history":[{"count":0,"href":"https:\/\/maetpets.com\/de\/wp-json\/wp\/v2\/pages\/239627\/revisions"}],"wp:featuredmedia":[{"embeddable":true,"href":"https:\/\/maetpets.com\/de\/wp-json\/wp\/v2\/media\/234717"}],"wp:attachment":[{"href":"https:\/\/maetpets.com\/de\/wp-json\/wp\/v2\/media?parent=239627"}],"curies":[{"name":"wp","href":"https:\/\/api.w.org\/{rel}","templated":true}]}}