{"id":239547,"date":"2018-08-28T09:25:27","date_gmt":"2018-08-28T07:25:27","guid":{"rendered":"https:\/\/maetpets.com\/ueber-messen\/"},"modified":"2023-08-30T22:03:32","modified_gmt":"2023-08-30T20:03:32","slug":"om-maet","status":"publish","type":"page","link":"https:\/\/maetpets.com\/de\/om-maet\/","title":{"rendered":"\u00dcber MAET"},"content":{"rendered":"<div class=\"wpb-content-wrapper\"><p>[vc_row full_width=&#8221;stretch_row&#8221; css=&#8221;.vc_custom_1607532800986{padding-top: 80px !important;padding-bottom: 80px !important;background-color: #0b2945 !important;}&#8221;][vc_column width=&#8221;1\/6&#8243; offset=&#8221;vc_hidden-sm vc_hidden-xs&#8221;]<span class=\"konte-dash text-default  Lavender vc_custom_1607531055183\"><span class=\"konte-dash__line\"><\/span><\/span>[\/vc_column][vc_column offset=&#8221;vc_col-lg-8 vc_col-md-8&#8243;][vc_custom_heading text=&#8221;Die Geschichte hinter MAET&#8221; font_container=&#8221;tag:h2|text_align:left|color:%23d54966&#8243; use_theme_fonts=&#8221;yes&#8221; css=&#8221;.vc_custom_1607532815090{margin-bottom: 35px !important;}&#8221;][vc_column_text]<\/p>\n<p style=\"text-align: center;\"><span style=\"font-weight: 400; color: #fff9f7;\">Im Fr\u00fchjahr 2020 ist die Idee von MAET entstanden, und im Sommer keimte die Idee und wuchs zu einem echten Gesch\u00e4ft heran. Die Idee entstand, als wir nach einigen Jahren in Finnland nach D\u00e4nemark zur\u00fcckgekehrt waren. In Finnland wurde unser eigener Hund Lenni mit frischem Hundefutter gef\u00fcttert, weil wir sehen und f\u00fchlen konnten, dass das Frischfutter das beste Hundefutter f\u00fcr ihn war. Als wir in D\u00e4nemark Hundefutter kaufen mussten, konnten wir nur Trockenfutter oder Nassfutter aus der Dose finden, deren Qualit\u00e4t einfach nicht hoch genug war. Deshalb haben wir uns entschlossen, die Sache selbst in die Hand zu nehmen und unsere Idee von frischem Hundefutter in D\u00e4nemark zum Leben zu erwecken. <\/span><\/p>\n<p style=\"text-align: center;\"><span style=\"color: #fff9f7;\"><i><span style=\"font-weight: 400;\">Lenni, Petra &amp; Sebastian<\/span><\/i><\/span><\/p>\n<p>[\/vc_column_text][\/vc_column][vc_column width=&#8221;1\/6&#8243; offset=&#8221;vc_hidden-sm vc_hidden-xs&#8221;][\/vc_column][\/vc_row][vc_row css=&#8221;.vc_custom_1607531821502{padding-top: 60px !important;}&#8221;][vc_column width=&#8221;1\/6&#8243; offset=&#8221;vc_hidden-sm vc_hidden-xs&#8221;]<span class=\"konte-dash text-default   vc_custom_1535361883015\"><span class=\"konte-dash__line\"><\/span><\/span>[\/vc_column][vc_column offset=&#8221;vc_col-lg-8 vc_col-md-8&#8243;][vc_custom_heading text=&#8221;Unsere Werte&#8221; use_theme_fonts=&#8221;yes&#8221; css=&#8221;.vc_custom_1607529299102{margin-bottom: 35px !important;}&#8221;][\/vc_column][vc_column width=&#8221;1\/6&#8243; offset=&#8221;vc_hidden-sm vc_hidden-xs&#8221;][\/vc_column][\/vc_row][vc_row][vc_column width=&#8221;1\/6&#8243; offset=&#8221;vc_hidden-sm vc_hidden-xs&#8221;][\/vc_column][vc_column width=&#8221;1\/3&#8243; offset=&#8221;vc_col-lg-3 vc_col-md-3&#8243;][vc_custom_heading text=&#8221;FRISCH&#8221; font_container=&#8221;tag:h4|text_align:left&#8221; use_theme_fonts=&#8221;yes&#8221;][vc_empty_space height=&#8221;30px&#8221;][\/vc_column][vc_column width=&#8221;2\/3&#8243; offset=&#8221;vc_col-lg-5 vc_col-md-5&#8243;][vc_column_text]<span style=\"font-weight: 400;\">Unser frisches Hundefutter besteht aus Fleisch, Gem\u00fcse, Vitaminen, Mineralien und Ballaststoffen, die leicht zubereitet werden, um die Verdauung des Hundes zu optimieren. Das frische Hundefutter wird gek\u00fchlt, um es frisch zu halten, da es keine Konservierungs-, Aroma- oder Farbstoffe enth\u00e4lt.<\/span>[\/vc_column_text][\/vc_column][vc_column width=&#8221;1\/6&#8243; offset=&#8221;vc_hidden-sm vc_hidden-xs&#8221;][\/vc_column][\/vc_row][vc_row][vc_column][vc_empty_space height=&#8221;30px&#8221;][\/vc_column][\/vc_row][vc_row][vc_column width=&#8221;1\/6&#8243; offset=&#8221;vc_hidden-sm vc_hidden-xs&#8221;][\/vc_column][vc_column width=&#8221;1\/3&#8243; offset=&#8221;vc_col-lg-3 vc_col-md-3&#8243;][vc_custom_heading text=&#8221;FORSCHUNGSBASIERT&#8221; font_container=&#8221;tag:h4|text_align:left&#8221; use_theme_fonts=&#8221;yes&#8221;][vc_empty_space height=&#8221;30px&#8221;][\/vc_column][vc_column width=&#8221;2\/3&#8243; offset=&#8221;vc_col-lg-5 vc_col-md-5&#8243;][vc_column_text]<span style=\"font-weight: 400;\">Unser Experte f\u00fcr Hundeern\u00e4hrung hat die Rezepte f\u00fcr frisches Hundefutter entwickelt. Sie hat die prim\u00e4ren Ern\u00e4hrungsbed\u00fcrfnisse des Hundes, die besten Zutaten und die Verteilung von Proteinen, Vitaminen, Mineralien und Ballaststoffen ber\u00fccksichtigt, damit dein Hund die beste Kombination von Zutaten erh\u00e4lt. <\/span>[\/vc_column_text][\/vc_column][vc_column width=&#8221;1\/6&#8243; offset=&#8221;vc_hidden-sm vc_hidden-xs&#8221;][\/vc_column][\/vc_row][vc_row][vc_column][vc_empty_space height=&#8221;30px&#8221;][\/vc_column][\/vc_row][vc_row][vc_column width=&#8221;1\/6&#8243; offset=&#8221;vc_hidden-sm vc_hidden-xs&#8221;][\/vc_column][vc_column width=&#8221;1\/3&#8243; offset=&#8221;vc_col-lg-3 vc_col-md-3&#8243;][vc_custom_heading text=&#8221;GESUND&#8221; font_container=&#8221;tag:h4|text_align:left&#8221; use_theme_fonts=&#8221;yes&#8221;][vc_empty_space height=&#8221;30px&#8221;][\/vc_column][vc_column width=&#8221;2\/3&#8243; offset=&#8221;vc_col-lg-5 vc_col-md-5&#8243;][vc_column_text]<span style=\"font-weight: 400;\">Unser frisches Hundefutter wird mit frischen Zutaten von nordischen Bauernh\u00f6fen hergestellt. Die Rezepte sind mit Liebe entwickelt und sie enthalten also alle Proteine, Vitamine, Mineralien und Ballaststoffe, die unsere Hunde brauchen, um ein energiegeladenes Leben mit Qualit\u00e4t, gesundem Darm und sch\u00f6nem Fell f\u00fchren zu k\u00f6nnen.<\/span>[\/vc_column_text][\/vc_column][vc_column width=&#8221;1\/6&#8243; offset=&#8221;vc_hidden-sm vc_hidden-xs&#8221;][\/vc_column][\/vc_row][vc_row][vc_column][vc_empty_space height=&#8221;30px&#8221;][\/vc_column][\/vc_row][vc_row][vc_column width=&#8221;1\/6&#8243; offset=&#8221;vc_hidden-sm vc_hidden-xs&#8221;][\/vc_column][vc_column width=&#8221;1\/3&#8243; offset=&#8221;vc_col-lg-3 vc_col-md-3&#8243;][vc_custom_heading text=&#8221;NORDISCHE QUALIT\u00c4T&#8221; font_container=&#8221;tag:h4|text_align:left&#8221; use_theme_fonts=&#8221;yes&#8221;][vc_empty_space height=&#8221;30px&#8221;][\/vc_column][vc_column width=&#8221;2\/3&#8243; offset=&#8221;vc_col-lg-5 vc_col-md-5&#8243;][vc_column_text]<span style=\"font-weight: 400;\">Wir wissen gerne, woher unser eigenes Essen kommt, warum also nicht auch das Futter unserer Hunde? F\u00fcr uns steht Qualit\u00e4t an erster Stelle. MAETs Hundefutter wird mit frischen Zutaten von nordischen Bauernh\u00f6fen hergestellt, sodass du garantiert Hundefutter erh\u00e4ltst, das den europ\u00e4ischen \u2013 und menschlichen \u2013 Standards entspricht. Au\u00dferdem sind lokal produzierte Lebensmittel auch besser f\u00fcrs Klima.<\/span>[\/vc_column_text][\/vc_column][vc_column width=&#8221;1\/6&#8243; offset=&#8221;vc_hidden-sm vc_hidden-xs&#8221;][\/vc_column][\/vc_row][vc_row][vc_column][vc_empty_space height=&#8221;30px&#8221;][\/vc_column][\/vc_row][vc_section full_width=&#8221;stretch_row&#8221; css=&#8221;.vc_custom_1607532911385{padding-top: 260px !important;background-image: url(https:\/\/maetpets.com\/wp-content\/uploads\/MAET_Founders-scaled.jpg?id=230805) !important;background-position: center !important;background-repeat: no-repeat !important;background-size: cover !important;}&#8221;][vc_row][vc_column width=&#8221;3\/4&#8243; offset=&#8221;vc_col-lg-5&#8243;][\/vc_column][vc_column width=&#8221;1\/4&#8243; css=&#8221;.vc_custom_1607532896818{margin-right: -15px !important;padding-top: 80px !important;padding-right: 100px !important;padding-bottom: 100px !important;padding-left: 100px !important;background-color: #193119 !important;}&#8221; el_class=&#8221;the-founder&#8221; offset=&#8221;vc_col-lg-7&#8243;]<span class=\"konte-dash text-default   \"><span class=\"konte-dash__line\"><\/span><\/span>[vc_custom_heading text=&#8221;Die MAET Familie&#8221; font_container=&#8221;tag:h4|text_align:left|color:%232063a5&#8243; use_theme_fonts=&#8221;yes&#8221; css=&#8221;.vc_custom_1607533032482{margin-bottom: 25px !important;}&#8221;][vc_column_text]<span style=\"color: #fff9f7;\">Unsere Namen sind Sebastian, Petra und Lenni. Wir sind eine kleine Familie, die in Kopenhagen lebt und arbeitet.<\/span>[\/vc_column_text][vc_custom_heading text=&#8221;PETRA, SEBASTIAN &amp; LENNI&#8221; font_container=&#8221;tag:h6|font_size:12px|text_align:left|color:%23fff9f7&#8243; use_theme_fonts=&#8221;yes&#8221; css=&#8221;.vc_custom_1607532997305{margin-top: 10px !important;}&#8221;][\/vc_column][\/vc_row][\/vc_section][vc_row][vc_column][vc_empty_space height=&#8221;65px&#8221;][\/vc_column][\/vc_row][vc_row css=&#8221;.vc_custom_1610051151097{padding-top: 30px !important;padding-bottom: 30px !important;}&#8221;][vc_column width=&#8221;8\/12&#8243;][vc_custom_heading text=&#8221;Team MAET&#8221; use_theme_fonts=&#8221;yes&#8221; css=&#8221;.vc_custom_1610051200921{padding-bottom: 30px !important;}&#8221;][vc_column_text]<span style=\"font-weight: 400;\">Unsere Familie ist zu einem Team gewachsen (und wir suchen noch Teilnehmer!). Obwohl wir gewachsen sind, hat es sich nichts ge\u00e4ndert, was uns antreibt: Wir wollen es einfacher machen, gesunde Hunde zu haben. Wir sind nicht sicher, ob Lenni wei\u00df, wie viele Hunde er beeinflusst hat, aber wir denken, er w\u00fcrde sich freuen. <\/span>[\/vc_column_text][\/vc_column][vc_column width=&#8221;4\/12&#8243;][\/vc_column][vc_column]<div class=\"konte-carousel konte-carousel--gap-20 \" data-slick=\"{&quot;dots&quot;:false,&quot;arrows&quot;:false,&quot;infinite&quot;:false,&quot;slidesToShow&quot;:4,&quot;slidesToScroll&quot;:4}\" ><div class=\"konte-team-member  \">\n\t\t\t\t<img loading=\"lazy\" decoding=\"async\" width=\"1440\" height=\"1008\" src=\"https:\/\/maetpets.com\/wp-content\/uploads\/sebastian_krumhausen_maet-e1660765711153.jpg\" class=\"attachment-full\" alt=\"\" title=\"sebastian_krumhausen_maet\" srcset=\"https:\/\/maetpets.com\/wp-content\/uploads\/sebastian_krumhausen_maet-e1660765711153.jpg 1440w, https:\/\/maetpets.com\/wp-content\/uploads\/sebastian_krumhausen_maet-e1660765711153-840x588.jpg 840w\" sizes=\"auto, (max-width: 1440px) 100vw, 1440px\">\n\t\t\t\t<div class=\"konte-team-member__info\">\n\t\t\t\t\t<h5 class=\"konte-team-member__name\">Sebastian Krumhausen<\/h5>\n\t\t\t\t\t<span class=\"konte-team-member__job\">Gesch\u00e4ftsf\u00fchrer<\/span>\n\t\t\t\t\t<span class=\"konte-team-member__socials\"><a href=\"https:\/\/linkedin.com\/in\/krumhausen\/\" target=\"_blank\" rel=\"noopener\"><i class=\"fa fa-linkedin\"><\/i><\/a><\/span>\n\t\t\t\t<\/div>\n\t\t\t<\/div><div class=\"konte-team-member  \">\n\t\t\t\t<img loading=\"lazy\" decoding=\"async\" src=\"https:\/\/maetpets.com\/wp-content\/plugins\/konte-addons\/assets\/images\/person.jpg\" alt=\"Cristina Bech-Jensen\" width=\"288\" height=\"352\">\n\t\t\t\t<div class=\"konte-team-member__info\">\n\t\t\t\t\t<h5 class=\"konte-team-member__name\">Cristina Bech-Jensen<\/h5>\n\t\t\t\t\t<span class=\"konte-team-member__job\">Werbetexter &amp; Kundenerfolg<\/span>\n\t\t\t\t\t<span class=\"konte-team-member__socials\"><\/span>\n\t\t\t\t<\/div>\n\t\t\t<\/div><div class=\"konte-team-member  \">\n\t\t\t\t<img loading=\"lazy\" decoding=\"async\" src=\"https:\/\/maetpets.com\/wp-content\/plugins\/konte-addons\/assets\/images\/person.jpg\" alt=\"Anne Mette Kristiansen\" width=\"288\" height=\"352\">\n\t\t\t\t<div class=\"konte-team-member__info\">\n\t\t\t\t\t<h5 class=\"konte-team-member__name\">Anne Mette Kristiansen<\/h5>\n\t\t\t\t\t<span class=\"konte-team-member__job\">Lagerhaus<\/span>\n\t\t\t\t\t<span class=\"konte-team-member__socials\"><\/span>\n\t\t\t\t<\/div>\n\t\t\t<\/div><div class=\"konte-team-member  \">\n\t\t\t\t<img loading=\"lazy\" decoding=\"async\" src=\"https:\/\/maetpets.com\/wp-content\/plugins\/konte-addons\/assets\/images\/person.jpg\" alt=\"Rasmus Dichoe Larsen\" width=\"288\" height=\"352\">\n\t\t\t\t<div class=\"konte-team-member__info\">\n\t\t\t\t\t<h5 class=\"konte-team-member__name\">Rasmus Dichoe Larsen<\/h5>\n\t\t\t\t\t<span class=\"konte-team-member__job\">Lagerhaus<\/span>\n\t\t\t\t\t<span class=\"konte-team-member__socials\"><\/span>\n\t\t\t\t<\/div>\n\t\t\t<\/div><\/div>[\/vc_column][\/vc_row][vc_row][vc_column][vc_column_text]<\/p>\n<p style=\"text-align: center;\"><span style=\"font-weight: 400;\">Wenn du dazu beitragen m\u00f6chtest, die Zukunft des Hundefutters zu ver\u00e4ndern, schreibe uns eine E-Mail an<\/span><\/p>\n<p style=\"text-align: center;\"><span style=\"text-decoration: underline;\"><a href=\"mailto:wuf@maetpets.com\"><span style=\"font-weight: 400;\">wuf@maetpets.com<\/span><\/a><\/span><\/p>\n<p style=\"text-align: center;\"><span style=\"font-weight: 400;\">Wir sind immer auf der Suche nach neuen Teamkollegen und Partnern. <\/span><\/p>\n<p>[\/vc_column_text][\/vc_column][\/vc_row]<\/p>\n<\/div>","protected":false},"excerpt":{"rendered":"<p>[vc_row full_width=&#8221;stretch_row&#8221; css=&#8221;.vc_custom_1607532800986{padding-top: 80px !important;padding-bottom: 80px !important;background-color: #0b2945 !important;}&#8221;][vc_column width=&#8221;1\/6&#8243; offset=&#8221;vc_hidden-sm vc_hidden-xs&#8221;][\/vc_column][vc_column offset=&#8221;vc_col-lg-8 vc_col-md-8&#8243;][vc_custom_heading text=&#8221;Die Geschichte hinter MAET&#8221; font_container=&#8221;tag:h2|text_align:left|color:%23d54966&#8243; use_theme_fonts=&#8221;yes&#8221; css=&#8221;.vc_custom_1607532815090{margin-bottom: 35px !important;}&#8221;][vc_column_text] Im Fr\u00fchjahr 2020 ist die Idee von&hellip;<\/p>\n","protected":false},"author":1,"featured_media":267405,"parent":0,"menu_order":0,"comment_status":"closed","ping_status":"closed","template":"","meta":{"inline_featured_image":false,"footnotes":""},"class_list":["post-239547","page","type-page","status-publish","has-post-thumbnail","hentry"],"_links":{"self":[{"href":"https:\/\/maetpets.com\/de\/wp-json\/wp\/v2\/pages\/239547","targetHints":{"allow":["GET"]}}],"collection":[{"href":"https:\/\/maetpets.com\/de\/wp-json\/wp\/v2\/pages"}],"about":[{"href":"https:\/\/maetpets.com\/de\/wp-json\/wp\/v2\/types\/page"}],"author":[{"embeddable":true,"href":"https:\/\/maetpets.com\/de\/wp-json\/wp\/v2\/users\/1"}],"replies":[{"embeddable":true,"href":"https:\/\/maetpets.com\/de\/wp-json\/wp\/v2\/comments?post=239547"}],"version-history":[{"count":0,"href":"https:\/\/maetpets.com\/de\/wp-json\/wp\/v2\/pages\/239547\/revisions"}],"wp:featuredmedia":[{"embeddable":true,"href":"https:\/\/maetpets.com\/de\/wp-json\/wp\/v2\/media\/267405"}],"wp:attachment":[{"href":"https:\/\/maetpets.com\/de\/wp-json\/wp\/v2\/media?parent=239547"}],"curies":[{"name":"wp","href":"https:\/\/api.w.org\/{rel}","templated":true}]}}