{"id":237580,"date":"2018-08-27T08:20:50","date_gmt":"2018-08-27T06:20:50","guid":{"rendered":"https:\/\/maetpets.com\/zuhause\/"},"modified":"2023-08-30T22:03:32","modified_gmt":"2023-08-30T20:03:32","slug":"frisches-hundefutter-aus-koestlicher-rohware-von-nordischen-bauernhoefen","status":"publish","type":"page","link":"https:\/\/maetpets.com\/de\/","title":{"rendered":"Home"},"content":{"rendered":"<div class=\"wpb-content-wrapper\"><p>[vc_row full_width=&#8221;stretch_row&#8221; el_id=&#8221;home-slider-row-div-1&#8243; el_class=&#8221;home-slider-row-div&#8221; css=&#8221;.vc_custom_1661684186733{background-color: rgba(255,255,255,0.01) !important;*background-color: rgb(255,255,255) !important;}&#8221;][vc_column]\n\t\t\t<!-- START Homepage 11 REVOLUTION SLIDER 6.7.40 --><p class=\"rs-p-wp-fix\"><\/p>\n\t\t\t<rs-module-wrap id=\"rev_slider_13_1_wrapper\" data-source=\"gallery\" style=\"visibility:hidden;background:transparent;padding:0;margin:0px auto;margin-top:0;margin-bottom:0;\">\n\t\t\t\t<rs-module id=\"rev_slider_13_1\" style=\"\" data-version=\"6.7.40\">\n\t\t\t\t\t<rs-slides style=\"overflow: hidden; position: absolute;\">\n\t\t\t\t\t\t<rs-slide style=\"position: absolute;\" data-key=\"rs-49\" data-title=\"Freja DK\" data-anim=\"adpr:false;ms:0ms;\" data-in=\"o:0;\" data-out=\"a:false;\">\n\t\t\t\t\t\t\t<img decoding=\"async\" src=\"\/\/maetpets.com\/wp-content\/plugins\/revslider\/sr6\/assets\/assets\/dummy.png\" alt=\"M\u00c6T Frisk hundemad abonnement med levering til d\u00f8ren\" title=\"M\u00c6T Hundemad online Freja\" width=\"1920\" height=\"1608\" class=\"rev-slidebg tp-rs-img rs-lazyload\" data-lazyload=\"\/\/maetpets.com\/wp-content\/uploads\/hundefroder-online-freja-maet-e1650991191785.jpg\" data-bg=\"p:40% 0%;\" data-no-retina>\n<!--\n\t\t\t\t\t\t\t--><rs-layer\n\t\t\t\t\t\t\t\tid=\"slider-13-slide-49-layer-1\" \n\t\t\t\t\t\t\t\tdata-type=\"text\"\n\t\t\t\t\t\t\t\tdata-xy=\"xo:-2px,56px,36px,20px;y:m;yo:-28px,-28px,-28px,-126px;\"\n\t\t\t\t\t\t\t\tdata-text=\"w:normal;s:60,60,60,46;l:70,70,70,50;a:inherit;\"\n\t\t\t\t\t\t\t\tdata-dim=\"w:657px,600px,577px,346px;\"\n\t\t\t\t\t\t\t\tdata-rsp_o=\"off\"\n\t\t\t\t\t\t\t\tdata-rsp_bd=\"off\"\n\t\t\t\t\t\t\t\tdata-frame_0=\"y:50px;\"\n\t\t\t\t\t\t\t\tdata-frame_1=\"e:power4.inOut;sp:2000;\"\n\t\t\t\t\t\t\t\tdata-frame_999=\"o:0;st:w;sR:7000;\"\n\t\t\t\t\t\t\t\tstyle=\"z-index:9;font-family:'Bebas Neue';\"\n\t\t\t\t\t\t\t>Frisches Hundefutter aus den besten nordischen Zutaten \n\t\t\t\t\t\t\t<\/rs-layer><!--\n\n\t\t\t\t\t\t\t--><a\n\t\t\t\t\t\t\t\tid=\"slider-13-slide-49-layer-3\" \n\t\t\t\t\t\t\t\tclass=\"rs-layer rev-btn\"\n\t\t\t\t\t\t\t\thref=\"\/hundemaaltidskasse-frisk-hundefoder-abonnement\/\" target=\"_self\"\n\t\t\t\t\t\t\t\tdata-type=\"button\"\n\t\t\t\t\t\t\t\tdata-color=\"#fff9f7\"\n\t\t\t\t\t\t\t\tdata-xy=\"xo:0,56px,39px,22px;y:m;yo:82px,69px,62px,-25px;\"\n\t\t\t\t\t\t\t\tdata-text=\"s:14,12,9,14;l:50,44,33,50;fw:600;a:center;\"\n\t\t\t\t\t\t\t\tdata-dim=\"w:231px,207px,157px,200px;h:50px,44px,33px,50px;\"\n\t\t\t\t\t\t\t\tdata-rsp_o=\"off\"\n\t\t\t\t\t\t\t\tdata-rsp_bd=\"off\"\n\t\t\t\t\t\t\t\tdata-padding=\"l:10,9,7,4;\"\n\t\t\t\t\t\t\t\tdata-border=\"bos:solid;boc:#ec5f43;bow:1,1,1,1;\"\n\t\t\t\t\t\t\t\tdata-frame_0=\"y:50px,44px,33px,20px;\"\n\t\t\t\t\t\t\t\tdata-frame_1=\"e:power2.inOut;sp:2000;\"\n\t\t\t\t\t\t\t\tdata-frame_999=\"o:0;st:w;sR:7010;\"\n\t\t\t\t\t\t\t\tdata-frame_hover=\"c:#ec5f43;bgc:#fff9f7;boc:#fff9f7;bor:16px,16px,16px,16px;bos:solid;bow:1,1,1,1;oX:50;oY:50;sp:400;e:none;\"\n\t\t\t\t\t\t\t\tstyle=\"z-index:10;background-color:#ec5f43;font-family:'Nunito';cursor:pointer;outline:none;box-shadow:none;box-sizing:border-box;-moz-box-sizing:border-box;-webkit-box-sizing:border-box;\"\n\t\t\t\t\t\t\t>PROBIEREN M\u00c6T \n\t\t\t\t\t\t\t<\/a><!--\n\n\t\t\t\t\t\t\t--><a\n\t\t\t\t\t\t\t\tid=\"slider-13-slide-49-layer-4\" \n\t\t\t\t\t\t\t\tclass=\"rs-layer rev-btn\"\n\t\t\t\t\t\t\t\thref=\"\/produkter\/\" target=\"_self\"\n\t\t\t\t\t\t\t\tdata-type=\"button\"\n\t\t\t\t\t\t\t\tdata-color=\"#ec5f43\"\n\t\t\t\t\t\t\t\tdata-xy=\"xo:239px,270px,201px,22px;y:m;yo:83px,69px,62px,35px;\"\n\t\t\t\t\t\t\t\tdata-text=\"s:14,12,9,14;l:50,44,33,50;fw:600;a:center;\"\n\t\t\t\t\t\t\t\tdata-dim=\"w:231px,207px,157px,200px;h:50px,44px,33px,50px;\"\n\t\t\t\t\t\t\t\tdata-rsp_o=\"off\"\n\t\t\t\t\t\t\t\tdata-rsp_bd=\"off\"\n\t\t\t\t\t\t\t\tdata-padding=\"l:10,9,7,4;\"\n\t\t\t\t\t\t\t\tdata-border=\"bos:solid;boc:#ec5f43;bow:1,1,1,1;\"\n\t\t\t\t\t\t\t\tdata-frame_0=\"y:50px,44px,33px,20px;\"\n\t\t\t\t\t\t\t\tdata-frame_1=\"e:power2.inOut;sp:2000;\"\n\t\t\t\t\t\t\t\tdata-frame_999=\"o:0;st:w;sR:7010;\"\n\t\t\t\t\t\t\t\tdata-frame_hover=\"c:#ec5f43;bgc:#fff9f7;boc:#fff9f7;bor:16px,16px,16px,16px;bos:solid;bow:1,1,1,1;oX:50;oY:50;sp:400;e:none;\"\n\t\t\t\t\t\t\t\tstyle=\"z-index:10;background-color:#fff9f7;font-family:'Nunito';cursor:pointer;outline:none;box-shadow:none;box-sizing:border-box;-moz-box-sizing:border-box;-webkit-box-sizing:border-box;\"\n\t\t\t\t\t\t\t>ALLE PRODUKTE \n\t\t\t\t\t\t\t<\/a><!--\n-->\t\t\t\t\t<\/rs-slide>\n\t\t\t\t\t<\/rs-slides>\n\t\t\t\t\t<rs-static-layers><!--\n\t\t\t\t\t--><\/rs-static-layers>\n\t\t\t\t<\/rs-module>\n\t\t\t\t<script>\n\t\t\t\t\tsetREVStartSize({c: 'rev_slider_13_1',rl:[1240,1024,778,480],el:[620,620,620,720],gw:[1140,1024,778,480],gh:[620,620,620,720],type:'standard',justify:'',layout:'fullwidth',mh:\"0\"});if (window.RS_MODULES!==undefined && window.RS_MODULES.modules!==undefined && window.RS_MODULES.modules[\"revslider131\"]!==undefined) {window.RS_MODULES.modules[\"revslider131\"].once = false;window.revapi13 = undefined;if (window.RS_MODULES.checkMinimal!==undefined) window.RS_MODULES.checkMinimal()}\n\t\t\t\t<\/script>\n\t\t\t<\/rs-module-wrap>\n\t\t\t<!-- END REVOLUTION SLIDER -->\n[\/vc_column][\/vc_row][vc_row css=&#8221;.vc_custom_1668094588497{padding-top: 40px !important;padding-bottom: 30px !important;}&#8221;][vc_column width=&#8221;1\/3&#8243; css=&#8221;.vc_custom_1614628726626{padding-bottom: 20px !important;}&#8221; offset=&#8221;vc_col-xs-4&#8243;]<div class=\"konte-icon-box icon-type-image box-align-center   \">\n\t\t\t\t<div class=\"konte-icon-box__icon\"><img decoding=\"async\" alt=\"K\u00f6stlicher Geschmack und Duft\" src=\"https:\/\/maetpets.com\/wp-content\/uploads\/icon_1.png\"><\/div>\n\t\t\t\t<h4 class=\"konte-icon-box__title\" >K\u00f6stlicher Geschmack und Duft<\/h4>\n\t\t\t\t<div class=\"konte-icon-box__content\"><p>Ein tolles Geschmacks- und Dufterlebnis f\u00fcr deinen Hund<\/p>\n<\/div>\n\t\t\t<\/div>[\/vc_column][vc_column width=&#8221;1\/3&#8243; offset=&#8221;vc_col-xs-4&#8243;]<div class=\"konte-icon-box icon-type-image box-align-center   vc_custom_1668094818482\">\n\t\t\t\t<div class=\"konte-icon-box__icon\"><img decoding=\"async\" alt=\"Nordische Zutaten\" src=\"https:\/\/maetpets.com\/wp-content\/uploads\/icon_2.png\"><\/div>\n\t\t\t\t<h4 class=\"konte-icon-box__title\" >Nordische Zutaten<\/h4>\n\t\t\t\t<div class=\"konte-icon-box__content\"><p>Frische Zutaten ohne Konservierungsstoffe<\/p>\n<\/div>\n\t\t\t<\/div>[\/vc_column][vc_column width=&#8221;1\/3&#8243; css=&#8221;.vc_custom_1614628713057{padding-bottom: 20px !important;}&#8221; offset=&#8221;vc_col-xs-4&#8243;]<div class=\"konte-icon-box icon-type-image box-align-center   \">\n\t\t\t\t<div class=\"konte-icon-box__icon\"><img decoding=\"async\" alt=\"Forschungsbasiert\" src=\"https:\/\/maetpets.com\/wp-content\/uploads\/icon_3.png\"><\/div>\n\t\t\t\t<h4 class=\"konte-icon-box__title\" >Forschungsbasiert<\/h4>\n\t\t\t\t<div class=\"konte-icon-box__content\"><p>Zubereitet von einem Ern\u00e4hrungsberater f\u00fcr Hunde<\/p>\n<\/div>\n\t\t\t<\/div>[\/vc_column][\/vc_row][vc_row full_width=&#8221;stretch_row&#8221; full_height=&#8221;yes&#8221; css=&#8221;.vc_custom_1678901328358{padding-top: 45px !important;padding-bottom: 30px !important;background-color: #173b30 !important;background-position: center !important;background-repeat: no-repeat !important;background-size: cover !important;}&#8221;][vc_column width=&#8221;5\/12&#8243;][vc_column_text]<\/p>\n<h2><span style=\"font-size: 50px; line-height: 1; color: #ffffff;\">Frisches Hundefutter mit nordischen Zutaten<br \/>\n<\/span><\/h2>\n<p><span style=\"color: #ffffff;\">M\u00c6T frisches Hundefutter wird mit echtem Fleisch und gesundem Gem\u00fcse hergestellt, das einfach sous vide zubereitet wird. Unsere leckeren Mahlzeiten enthalten alles, was dein Hund braucht \u2013 ohne Konservierungsstoffe.<\/span><\/p>\n<p><span style=\"color: #ffffff;\">Wir f\u00fcgen nur zus\u00e4tzliche Vitamine und Mineralstoffe hinzu, um deinem Hund eine vollst\u00e4ndige Mahlzeit zu geben. Frisches Hundefutter kann von Hunden jeden Alters und jeder Rasse gefressen werden.<\/span>[\/vc_column_text]<a href=\"https:\/\/maetpets.com\/de\/was-ist-frisches-hundefutter\/\" title=\"Was ist frisches Hundefutter\" class=\"konte-button button-normal text-default align-inline medium  keppel button square\">So stellen wir frisches Hundefutter her<\/a><div class=\"konte-empty-space \" style=\"height: 50px\"><\/div>[\/vc_column][vc_column width=&#8221;7\/12&#8243;][vc_single_image image=&#8221;234738&#8243; img_size=&#8221;full&#8221; alignment=&#8221;center&#8221;][\/vc_column][\/vc_row][vc_row full_width=&#8221;stretch_row_content_no_spaces&#8221; css=&#8221;.vc_custom_1605794777584{padding-top: 60px !important;background-color: #fff9f7 !important;}&#8221;][vc_column offset=&#8221;vc_col-lg-offset-1 vc_col-lg-10&#8243;][vc_custom_heading text=&#8221;Ein M\u00c6T-Hund ist ein gl\u00fccklicher Hund&#8221; font_container=&#8221;tag:h2|font_size:40|text_align:center|color:%232b1910&#8243; use_theme_fonts=&#8221;yes&#8221; css=&#8221;.vc_custom_1648471157092{padding-bottom: 30px !important;}&#8221;]<div class=\"konte-carousel konte-carousel--gap-40  konte-carousel--dots-center konte-carousel--arrows-center\" data-slick=\"{&quot;dots&quot;:true,&quot;arrows&quot;:true,&quot;infinite&quot;:true,&quot;slidesToShow&quot;:2,&quot;slidesToScroll&quot;:1}\" ><div class=\"konte-testimonial  \">\n\t\t\t\t<div class=\"konte-testimonial__photo\"><img decoding=\"async\" class=\"\" src=\"https:\/\/maetpets.com\/wp-content\/uploads\/odji-200x200.jpg\" width=\"200\" height=\"200\" alt=\"M\u00c6T Probepaket\" title=\"Odji\" loading=\"lazy\" \/><\/div>\n\t\t\t\t<div class=\"konte-testimonial__entry\">\n\t\t\t\t\t<div class=\"konte-testimonial__content\">\u2b50\ufe0f\u2b50\ufe0f\u2b50\ufe0f\u2b50\ufe0f\u2b50\ufe0f<\/p>\n<p>&#8220;Das Liefererlebnis war einfach hervorragend und sowohl die Frische als auch den Duft der W\u00fcrstchen haben dazu gef\u00fchrt, dass mein Hund das Futter fast geschluckt hat und sein Vollfutter im Napf gelassen hat. Dosierungsschema auf der Website und die W\u00fcrste nach Gramm geteilt, einfacher geht es nicht. Kein l\u00e4stiges Ausschneiden, anstatt das Vollfutter in eine Sch\u00fcssel zu sch\u00fctten. Auch der Preis entspricht das, was ich f\u00fcr alle anderen Hundefutter zahlen muss.<\/p>\n<p>Mein Hund freut sich auf jede einzelne Mahlzeit und das ist toll zu sehen. Das Fell, die Energie und das S\u00e4ttigungsgef\u00fchl sind deutlich sichtbar. Ich kann ohne L\u00fcge sagen, dass ich meinen Hund noch nie so erfreulich gesehen habe.\u201c<\/div>\n\t\t\t\t\t<div class=\"konte-testimonial__author\"><span class=\"konte-testimonial__name\">Stina<\/span><span class=\"konte-testimonial__author-separator\">-<\/span><span class=\"konte-testimonial__company\">Odjis Besitzer<\/span><\/div>\n\t\t\t\t<\/div>\n\t\t\t<\/div><div class=\"konte-testimonial  \">\n\t\t\t\t<div class=\"konte-testimonial__photo\"><img decoding=\"async\" class=\"\" src=\"https:\/\/maetpets.com\/wp-content\/uploads\/sep-200x200.jpg\" width=\"200\" height=\"200\" alt=\"Sep\" title=\"Sep\" loading=\"lazy\" \/><\/div>\n\t\t\t\t<div class=\"konte-testimonial__entry\">\n\t\t\t\t\t<div class=\"konte-testimonial__content\">\u2b50\ufe0f\u2b50\ufe0f\u2b50\ufe0f\u2b50\ufe0f\u2b50\ufe0f<\/p>\n<p>\u201eIch bin via Instagram auf MAET aufmerksam geworden und hatte damals noch nie von frischem Hundefutter geh\u00f6rt. Aber nachdem ich die Zutaten eingehend durchgelesen hatte (und zu dem Schluss kam, dass sie nur gute Zutaten waren!), probierte ich MAET. Und es war ein gro\u00dfer Erfolg!<\/p>\n<p>Mein Deutscher Sch\u00e4ferhund ist manchmal skeptisch, wenn es um neues Futter geht, aber MAET rutschte ohne Probleme runter. Au\u00dferdem hat sich ihr Chicken Feast Risotto als gut erwiesen, wenn der Magen manchmal rebelliert.\u201c<\/div>\n\t\t\t\t\t<div class=\"konte-testimonial__author\"><span class=\"konte-testimonial__name\">Natascha<\/span><span class=\"konte-testimonial__author-separator\">-<\/span><span class=\"konte-testimonial__company\">Seps Eigent\u00fcmer<\/span><\/div>\n\t\t\t\t<\/div>\n\t\t\t<\/div><div class=\"konte-testimonial  \">\n\t\t\t\t<div class=\"konte-testimonial__photo\"><img decoding=\"async\" class=\"\" src=\"https:\/\/maetpets.com\/wp-content\/uploads\/milo-melis-sandy-200x200.jpg\" width=\"200\" height=\"200\" alt=\"Milo &amp; Sandy\" title=\"Milo &amp; Sandy\" loading=\"lazy\" \/><\/div>\n\t\t\t\t<div class=\"konte-testimonial__entry\">\n\t\t\t\t\t<div class=\"konte-testimonial__content\">\u2b50\ufe0f\u2b50\ufe0f\u2b50\ufe0f\u2b50\ufe0f\u2b50\ufe0f<\/p>\n<p>\u201eAls wir unseren zweiten Stra\u00dfenhund Milo aus Rum\u00e4nien nach Hause geholt haben, haben wir lange mit seinem unglaublich schlechten und empfindlichen Magen gek\u00e4mpft. Ich war schon lange auf der Suche nach einer gesunden und nahrhaften Mahlzeit, die alle notwendigen N\u00e4hrstoffbed\u00fcrfnisse erf\u00fcllen kann, und zu meiner \u00dcberraschung war das frische Hundefutter ein Hit. Heute verwenden wir M\u00c6T f\u00fcr alles, von Leckerlis \u00fcber F\u00fcllungen bis hin zu Kongs und den t\u00e4glichen Mahlzeiten f\u00fcr unsere Hunde.<\/p>\n<p>Ich schreibe sehr selten Bewertungen, es sei denn, ich habe wirklich das Gef\u00fchl, dass es f\u00fcr andere frustrierte Hundebesitzer, wie wir selbst es einmal waren, einen gro\u00dfen Unterschied machen kann. Es gibt keine Verpflichtungen oder Hokuspokus, sondern nur Ern\u00e4hrungswissen und Empfehlungen von hier.&#8221;<\/div>\n\t\t\t\t\t<div class=\"konte-testimonial__author\"><span class=\"konte-testimonial__name\">Melis<\/span><span class=\"konte-testimonial__author-separator\">-<\/span><span class=\"konte-testimonial__company\">Milo und Sandy&#039;s Besitzer<\/span><\/div>\n\t\t\t\t<\/div>\n\t\t\t<\/div><\/div>[\/vc_column][\/vc_row][vc_row full_width=&#8221;stretch_row_content_no_spaces&#8221; gap=&#8221;10&#8243; css=&#8221;.vc_custom_1651342278803{padding-top: 60px !important;padding-bottom: 60px !important;background-color: #fff9f7 !important;}&#8221;][vc_column width=&#8221;6\/12&#8243;]\n\t\t\t<!-- START video Lenni REVOLUTION SLIDER 6.7.40 --><p class=\"rs-p-wp-fix\"><\/p>\n\t\t\t<rs-module-wrap id=\"rev_slider_3_2_wrapper\" data-source=\"gallery\" style=\"visibility:hidden;background:transparent;padding:0;margin:0px auto;margin-top:0;margin-bottom:0;\">\n\t\t\t\t<rs-module id=\"rev_slider_3_2\" style=\"\" data-version=\"6.7.40\">\n\t\t\t\t\t<rs-slides style=\"overflow: hidden; position: absolute;\">\n\t\t\t\t\t\t<rs-slide style=\"position: absolute;\" data-key=\"rs-8\" data-title=\"Slide\" data-anim=\"ms:0ms;r:0;\" data-in=\"o:0;\" data-out=\"a:false;\">\n\t\t\t\t\t\t\t<img decoding=\"async\" src=\"\/\/maetpets.com\/wp-content\/plugins\/revslider\/sr6\/assets\/assets\/dummy.png\" alt=\"\" title=\"Home\" class=\"rev-slidebg tp-rs-img rs-lazyload\" data-lazyload=\"\/\/maetpets.com\/wp-content\/plugins\/revslider\/sr6\/assets\/assets\/transparent.png\" data-no-retina>\n\t\t\t\t\t\t\t<rs-bgvideo \n\t\t\t\t\t\t\t\tdata-video=\"vc:none;w:100%;h:100%;nse:false;l:true;ptimer:false;\"\n\t\t\t\t\t\t\t\tdata-ytid=\"1IAgX4Q7BhQ\"\n\t\t\t\t\t\t\t\tdata-vatr=\"version=3&amp;enablejsapi=1&amp;html5=1&amp;hd=1&amp;wmode=opaque&amp;showinfo=0&amp;rel=0&amp;origin=https:\/\/maetpets.com;\"\n\t\t\t\t\t\t\t><\/rs-bgvideo>\n<!---->\t\t\t\t\t<\/rs-slide>\n\t\t\t\t\t<\/rs-slides>\n\t\t\t\t<\/rs-module>\n\t\t\t\t<script>\n\t\t\t\t\tsetREVStartSize({c: 'rev_slider_3_2',rl:[1240,1024,778,480],el:[740,768,960,720],gw:[1140,1024,778,480],gh:[740,768,960,720],type:'standard',justify:'',layout:'fullwidth',mh:\"0\"});if (window.RS_MODULES!==undefined && window.RS_MODULES.modules!==undefined && window.RS_MODULES.modules[\"revslider32\"]!==undefined) {window.RS_MODULES.modules[\"revslider32\"].once = false;window.revapi3 = undefined;if (window.RS_MODULES.checkMinimal!==undefined) window.RS_MODULES.checkMinimal()}\n\t\t\t\t<\/script>\n\t\t\t\t<script src=\"https:\/\/www.youtube.com\/iframe_api\"><\/script>\n\t\t\t<\/rs-module-wrap>\n\t\t\t<!-- END REVOLUTION SLIDER -->\n<div class=\"konte-empty-space \" style=\"height: 40px\"><\/div>[\/vc_column][vc_column width=&#8221;6\/12&#8243; css=&#8221;.vc_custom_1651342297089{padding-right: 10px !important;padding-left: 10px !important;}&#8221;][vc_custom_heading text=&#8221;Futterbox f\u00fcr hunde&#8221; font_container=&#8221;tag:h2|font_size:50|text_align:left|color:%232b1910&#8243; use_theme_fonts=&#8221;yes&#8221; css=&#8221;.vc_custom_1651316443730{margin-bottom: 30px !important;}&#8221;][vc_column_text]<\/p>\n<p class=\"lead\">Frisches Hundefutter direkt nach Hause liefern lassen.<\/p>\n<p>1\ufe0f\u20e3 <strong>Hundefutter online bestellen<\/strong><br \/>\nProbiere das frische Hundefutter von MAET aus wunderbaren, k\u00f6stlichen und nordischen Zutaten. Hilf deinem Hund auf dem Weg zu einem gesunden Leben mit hoher Lebensqualit\u00e4t.<\/p>\n<p>2\ufe0f\u20e3 <strong>Regelm\u00e4\u00dfige Lieferungen erhalten<\/strong><br \/>\nErhalte regelm\u00e4\u00dfige Lieferungen und vermeide Fahrten zum Laden in letzter Minute.<\/p>\n<p>3\ufe0f\u20e3 <strong>Entspann dich und mach es dir mit deinem Hund gem\u00fctlich<\/strong><br \/>\nWir k\u00fcmmern uns um den Rest. Du kannst deine Lieferungen \u00e4ndern, verschieben oder pausieren. Es k\u00f6nnte nicht einfacher sein.[\/vc_column_text]<a href=\"https:\/\/maetpets.com\/de\/mahlzeitendosen\/\" class=\"konte-button button-normal text-default align-inline large  cabaret button square\">Probieren M\u00c6T<\/a><div class=\"konte-empty-space \" style=\"height: 20px\"><\/div>[\/vc_column][\/vc_row][vc_row full_width=&#8221;stretch_row&#8221; css=&#8221;.vc_custom_1616831547784{padding-top: 60px !important;padding-bottom: 40px !important;}&#8221;][vc_column width=&#8221;5\/12&#8243;][vc_custom_heading text=&#8221;Von Hundeeltern f\u00fcr Hundeeltern&#8221; font_container=&#8221;tag:h2|font_size:50|text_align:left|color:%232b1910&#8243; use_theme_fonts=&#8221;yes&#8221; css=&#8221;.vc_custom_1616831855564{margin-bottom: 30px !important;}&#8221;][vc_column_text]Wir sind Hundeeltern, die unseren Hunden die besten Mahlzeiten, basierend auf frischen Zutaten und soliden Informationen \u00fcber den t\u00e4glichen Ern\u00e4hrungsbedarf von Hunden, geben m\u00f6chten.<\/p>\n<p>Unsere Vision ist es, die Botschaft \u00fcber frisches Hundefutter in ganz Deutschland zu verbreiten.[\/vc_column_text]<a href=\"https:\/\/maetpets.com\/de\/ueber-messen\/\" title=\"\u00dcber MAET\" class=\"konte-button button-normal text-default align-inline medium  cabaret button square\">\u00dcber MAET<\/a><div class=\"konte-empty-space \" style=\"height: 32px\"><\/div>[\/vc_column][vc_column width=&#8221;7\/12&#8243;][vc_single_image image=&#8221;234825&#8243; img_size=&#8221;full&#8221; alignment=&#8221;center&#8221;][\/vc_column][\/vc_row][vc_row full_width=&#8221;stretch_row&#8221; equal_height=&#8221;yes&#8221; content_placement=&#8221;middle&#8221; css=&#8221;.vc_custom_1651316605308{padding-top: 50px !important;padding-bottom: 20px !important;background-color: #f9f2ef !important;}&#8221; el_class=&#8221;partner-logos&#8221;][vc_column][vc_custom_heading text=&#8221;Online oder in ausgew\u00e4hlten Gesch\u00e4ften kaufen&#8221; font_container=&#8221;tag:h2|font_size:50|text_align:center|color:%232b1910&#8243; use_theme_fonts=&#8221;yes&#8221;][vc_custom_heading text=&#8221;Finde den n\u00e4chstgelegenen H\u00e4ndler f\u00fcr frisches Hundefutter&#8221; font_container=&#8221;tag:p|text_align:center&#8221; use_theme_fonts=&#8221;yes&#8221; css=&#8221;.vc_custom_1651316560716{padding-right: 50px !important;padding-bottom: 20px !important;padding-left: 50px !important;}&#8221; link=&#8221;url:https%3A%2F%2Fmaetpets.com%2Fde%2Fhaendler%2F|title:MAET%20H%C3%84NDLER|&#8221;]<p class=\"konte-button-wrapper text-center\"><a href=\"https:\/\/maetpets.com\/de\/haendler\/\" title=\"MAET H\u00c4NDLER\" class=\"konte-button button-normal text-default align-center large   button square\">Siehe H\u00e4ndler<\/a><\/p>[\/vc_column][\/vc_row][vc_row full_width=&#8221;stretch_row&#8221; css=&#8221;.vc_custom_1606295919975{padding-top: 30px !important;background-color: #fff9f7 !important;}&#8221;][vc_column width=&#8221;1\/12&#8243; css=&#8221;.vc_custom_1605784949857{background-color: #fff9f7 !important;}&#8221;][\/vc_column][vc_column width=&#8221;10\/12&#8243;][vc_custom_heading text=&#8221;3 schnell \u00fcber M\u00c6T&#8221; font_container=&#8221;tag:h2|text_align:center&#8221; use_theme_fonts=&#8221;yes&#8221;][vc_toggle title=&#8221;Was ist MAET frisches Hundefutter?&#8221;]M\u00c6T frisches Hundefutter besteht aus frischem Fleisch und hochwertigem Gem\u00fcse, das von nordischen Bauernh\u00f6fen stammt. Das Futter enth\u00e4lt keine k\u00fcnstlichen Konservierungs-, Farb- oder Geschmacksstoffe.<\/p>\n<p>Wir haben das Futter schonend (Sous Vide) zubereitet, damit es vom Hund leichter aufgenommen werden kann. Bis zur F\u00fctterungszeit soll das frische Futter im K\u00fchlschrank gelagert werden.[\/vc_toggle][vc_toggle title=&#8221;Was kostet MAET frisches Hundefutter?&#8221;]<span style=\"font-weight: 400;\">Wenn du mit frischem Hundefutter anfangen m\u00f6chtest, empfehlen wir dir, unsere regelm\u00e4\u00dfige <a href=\"https:\/\/maetpets.com\/de\/produkt\/hundefutterbox-frisches-hundefutter-abo\/\"><br \/>\n  <span style=\"text-decoration: underline;\">Hundefutter-Box<\/span><br \/>\n<\/a>. Es kostet ab 361 kr plus Versand.<br \/>\n<\/span><\/p>\n<p>Du kannst auch w\u00e4hlen, ob du <span style=\"text-decoration: underline;\"><br \/>\n  <a href=\"https:\/\/maetpets.com\/de\/frisches-hundefutter\/\">die Produkte einzeln kaufen<\/a><br \/>\n<\/span> f\u00fcr 39 kr plus Versand, oder als <a href=\"https:\/\/maetpets.com\/de\/produkt\/starterpaket-hundefutter-online\/\"><br \/>\n  <span style=\"text-decoration: underline;\">Probierpaket<\/span><br \/>\n<\/a> f\u00fcr 99 kr.[\/vc_toggle][vc_toggle title=&#8221;Wo kann ich MAET kaufen?&#8221;]Hier auf der Website k\u00f6nnen Sie M\u00c6T frisches Hundefutter online kaufen. Bestellen Sie eine <span style=\"text-decoration: underline;\"><br \/>\n  <a href=\"https:\/\/maetpets.com\/de\/produkt\/hundefutterbox-frisches-hundefutter-abo\/\">feste Hundefutterbox<\/a><br \/>\n<\/span>, a <span style=\"text-decoration: underline;\"><br \/>\n  <a href=\"https:\/\/maetpets.com\/de\/produkt\/starterpaket-hundefutter-online\/\">Probepackung<\/a><br \/>\n<\/span> oder kaufe bei unseren <span style=\"text-decoration: underline;\"><br \/>\n  <a href=\"https:\/\/maetpets.com\/de\/haendler\/\">Einzelh\u00e4ndler.<\/a><br \/>\n<\/span>[\/vc_toggle][\/vc_column][vc_column width=&#8221;1\/12&#8243;][\/vc_column][\/vc_row]<\/p>\n<\/div>","protected":false},"excerpt":{"rendered":"<p>[vc_row full_width=&#8221;stretch_row&#8221; el_id=&#8221;home-slider-row-div-1&#8243; el_class=&#8221;home-slider-row-div&#8221; css=&#8221;.vc_custom_1661684186733{background-color: rgba(255,255,255,0.01) !important;*background-color: rgb(255,255,255) !important;}&#8221;][vc_column][\/vc_column][\/vc_row][vc_row css=&#8221;.vc_custom_1668094588497{padding-top: 40px !important;padding-bottom: 30px !important;}&#8221;][vc_column width=&#8221;1\/3&#8243; css=&#8221;.vc_custom_1614628726626{padding-bottom: 20px !important;}&#8221; offset=&#8221;vc_col-xs-4&#8243;][\/vc_column][vc_column width=&#8221;1\/3&#8243; offset=&#8221;vc_col-xs-4&#8243;][\/vc_column][vc_column width=&#8221;1\/3&#8243; css=&#8221;.vc_custom_1614628713057{padding-bottom: 20px !important;}&#8221; offset=&#8221;vc_col-xs-4&#8243;][\/vc_column][\/vc_row][vc_row full_width=&#8221;stretch_row&#8221; full_height=&#8221;yes&#8221; css=&#8221;.vc_custom_1678901328358{padding-top: 45px&hellip;<\/p>\n","protected":false},"author":1,"featured_media":267521,"parent":0,"menu_order":0,"comment_status":"closed","ping_status":"closed","template":"","meta":{"inline_featured_image":false,"footnotes":""},"class_list":["post-237580","page","type-page","status-publish","has-post-thumbnail","hentry"],"_links":{"self":[{"href":"https:\/\/maetpets.com\/de\/wp-json\/wp\/v2\/pages\/237580","targetHints":{"allow":["GET"]}}],"collection":[{"href":"https:\/\/maetpets.com\/de\/wp-json\/wp\/v2\/pages"}],"about":[{"href":"https:\/\/maetpets.com\/de\/wp-json\/wp\/v2\/types\/page"}],"author":[{"embeddable":true,"href":"https:\/\/maetpets.com\/de\/wp-json\/wp\/v2\/users\/1"}],"replies":[{"embeddable":true,"href":"https:\/\/maetpets.com\/de\/wp-json\/wp\/v2\/comments?post=237580"}],"version-history":[{"count":0,"href":"https:\/\/maetpets.com\/de\/wp-json\/wp\/v2\/pages\/237580\/revisions"}],"wp:featuredmedia":[{"embeddable":true,"href":"https:\/\/maetpets.com\/de\/wp-json\/wp\/v2\/media\/267521"}],"wp:attachment":[{"href":"https:\/\/maetpets.com\/de\/wp-json\/wp\/v2\/media?parent=237580"}],"curies":[{"name":"wp","href":"https:\/\/api.w.org\/{rel}","templated":true}]}}